{"id":9,"date":"2025-11-14T17:45:43","date_gmt":"2025-11-14T22:45:43","guid":{"rendered":"https:\/\/retco.com.co\/santarosadelima\/home\/"},"modified":"2025-11-27T12:15:44","modified_gmt":"2025-11-27T17:15:44","slug":"inicio","status":"publish","type":"page","link":"https:\/\/retco.com.co\/santarosadelima\/","title":{"rendered":"Inicio"},"content":{"rendered":"\n<div class=\"wp-block-uagb-container uagb-block-3a07fb41 alignfull uagb-is-root-container\"><div class=\"uagb-container-inner-blocks-wrap\">\n<div class=\"wp-block-uagb-info-box uagb-block-78054147 uagb-infobox__content-wrap  uagb-infobox-icon-above-title uagb-infobox-image-valign-top\"><div class=\"uagb-ifb-content\"><div class=\"uagb-ifb-separator\"><\/div><div class=\"uagb-ifb-title-wrap\"><h1 class=\"uagb-ifb-title\">&nbsp;Centro Cultural de Santa Rosa de Lima, Bol\u00edvar<\/h1><\/div><p class=\"uagb-ifb-desc\">Carlos Gamarra<\/p><\/div><\/div>\n<\/div><\/div>\n\n\n\n<div class=\"wp-block-uagb-container uagb-block-9d501d3f alignfull uagb-is-root-container\"><div class=\"uagb-container-inner-blocks-wrap\">\n<figure class=\"wp-block-embed is-type-video is-provider-youtube wp-block-embed-youtube wp-embed-aspect-16-9 wp-has-aspect-ratio\"><div class=\"wp-block-embed__wrapper\">\n<iframe loading=\"lazy\" title=\"Escuela de M\u00fasica de Santa Rosa de Lima (Bol\u00edvar) - Colombia\" width=\"500\" height=\"281\" src=\"https:\/\/www.youtube.com\/embed\/doUmhYlzLgI?feature=oembed\" frameborder=\"0\" allow=\"accelerometer; autoplay; clipboard-write; encrypted-media; gyroscope; picture-in-picture; web-share\" referrerpolicy=\"strict-origin-when-cross-origin\" allowfullscreen><\/iframe>\n<\/div><\/figure>\n<\/div><\/div>\n\n\n\n<div class=\"wp-block-uagb-container uagb-block-d315b49f alignfull uagb-is-root-container\"><div class=\"uagb-container-inner-blocks-wrap\">\n<div class=\"wp-block-uagb-advanced-heading uagb-block-67c06a4f\"><h2 class=\"uagb-heading-text\">Qui\u00e9nes somos<\/h2><\/div>\n\n\n\n<div class=\"wp-block-uagb-info-box uagb-block-1b9ee481 uagb-infobox__content-wrap  uagb-infobox-icon-above-title uagb-infobox-image-valign-top\"><div class=\"uagb-ifb-content\"><div class=\"uagb-ifb-title-wrap\"><\/div><div class=\"uagb-ifb-separator\"><\/div><\/div><\/div>\n\n\n\n<div class=\"wp-block-uagb-container uagb-block-ec9fa64b\">\n<div class=\"wp-block-uagb-advanced-heading uagb-block-876cfa84\"><p class=\"uagb-heading-text\">El Centro Cultural Carlos Gamarra, de Santa Rosa de lima, Norte de Bol\u00edvar, es una instituci\u00f3n de formaci\u00f3n de arte en general donde se tienen diversos programas de formaci\u00f3n, consolidado un importante proceso cultural y educativo en el norte del departamento, contribuyendo al fortalecimiento de la identidad, la convivencia, la construcci\u00f3n de paz y tejido social y la proyecci\u00f3n de arte a nivel nacional por todo el aporte que se est\u00e1 realizando desde la trasmisi\u00f3n de conocimientos y saberes a cada uno de sus estudiantes.<\/p><\/div>\n<\/div>\n\n\n\n<div class=\"wp-block-uagb-buttons uagb-buttons__outer-wrap uagb-btn__default-btn uagb-btn-tablet__default-btn uagb-btn-mobile__default-btn uagb-block-35118051\"><div class=\"uagb-buttons__wrap uagb-buttons-layout-wrap \">\n<div class=\"wp-block-uagb-buttons-child uagb-buttons__outer-wrap uagb-block-d3d39c07 wp-block-button\"><div class=\"uagb-button__wrapper\"><a class=\"uagb-buttons-repeater wp-block-button__link\" aria-label=\"\" href=\"https:\/\/retco.com.co\/santarosadelima\/quienes-somos\/\" rel=\"follow noopener\" target=\"_self\" role=\"button\"><div class=\"uagb-button__link\">M\u00e1s informaci\u00f3n<\/div><span class=\"uagb-button__icon uagb-button__icon-position-after\"><svg xmlns=\"https:\/\/www.w3.org\/2000\/svg\" viewBox=\"0 0 512 512\" aria-hidden=\"true\" focussable=\"false\"><path d=\"M502.6 278.6l-128 128c-12.51 12.51-32.76 12.49-45.25 0c-12.5-12.5-12.5-32.75 0-45.25L402.8 288H32C14.31 288 0 273.7 0 255.1S14.31 224 32 224h370.8l-73.38-73.38c-12.5-12.5-12.5-32.75 0-45.25s32.75-12.5 45.25 0l128 128C515.1 245.9 515.1 266.1 502.6 278.6z\"><\/path><\/svg><\/span><\/a><\/div><\/div>\n<\/div><\/div>\n<\/div><\/div>\n\n\n\n<div id=\"Programas\" class=\"wp-block-uagb-container uagb-block-49ad763d alignfull uagb-is-root-container\"><div class=\"uagb-container-inner-blocks-wrap\">\n<div class=\"wp-block-uagb-container uagb-block-d04578e1\">\n<div class=\"wp-block-uagb-container uagb-block-be469e0b\">\n<div class=\"wp-block-uagb-advanced-heading uagb-block-02bb9a25\"><h2 class=\"uagb-heading-text\">Programas\/Cursos<\/h2><\/div>\n<\/div>\n\n\n\n<div class=\"wp-block-uagb-container uagb-block-93ef2329\">\n<div class=\"wp-block-uagb-advanced-heading uagb-block-7e09d097\"><div class=\"uagb-separator\"><\/div><p class=\"uagb-heading-text\">.<\/p><\/div>\n<\/div>\n<\/div>\n\n\n\n<div class=\"wp-block-uagb-container uagb-layout-grid uagb-block-23b5701b\">\n<div class=\"wp-block-uagb-info-box uagb-block-d5b709e9 uagb-infobox__content-wrap  uagb-infobox-icon-above-title uagb-infobox-image-valign-top\"><div class=\"uagb-ifb-content\"><div class=\"uagb-ifb-image-content\"><img decoding=\"async\" src=\"https:\/\/retco.com.co\/santarosadelima\/wp-content\/uploads\/sites\/21\/2025\/11\/danza.png\" alt=\"danza\" width=\"720\" height=\"569\" loading=\"lazy\" title=\"Inicio\"><\/div><div class=\"uagb-ifb-title-wrap\"><h4 class=\"uagb-ifb-title\">Danza<\/h4><\/div><\/div><\/div>\n\n\n\n<div class=\"wp-block-uagb-info-box uagb-block-213064e8 uagb-infobox__content-wrap  uagb-infobox-icon-above-title uagb-infobox-image-valign-top\"><div class=\"uagb-ifb-content\"><div class=\"uagb-ifb-image-content\"><img decoding=\"async\" src=\"https:\/\/retco.com.co\/santarosadelima\/wp-content\/uploads\/sites\/21\/2025\/11\/g2.png\" alt=\"g2\" width=\"1052\" height=\"663\" loading=\"lazy\" title=\"Inicio\"><\/div><div class=\"uagb-ifb-title-wrap\"><h4 class=\"uagb-ifb-title\">Conjunto T\u00edpico de Acorde\u00f3n<\/h4><\/div><\/div><\/div>\n\n\n\n<div class=\"wp-block-uagb-info-box uagb-block-24d606df uagb-infobox__content-wrap  uagb-infobox-icon-above-title uagb-infobox-image-valign-top\"><div class=\"uagb-ifb-content\"><div class=\"uagb-ifb-image-content\"><img decoding=\"async\" src=\"https:\/\/retco.com.co\/santarosadelima\/wp-content\/uploads\/sites\/21\/2025\/11\/banda.png\" alt=\"banda\" width=\"1183\" height=\"460\" loading=\"lazy\" title=\"Inicio\"><\/div><div class=\"uagb-ifb-title-wrap\"><h4 class=\"uagb-ifb-title\">Banda de Viento<\/h4><\/div><\/div><\/div>\n\n\n\n<div class=\"wp-block-uagb-info-box uagb-block-238e9e24 uagb-infobox__content-wrap  uagb-infobox-icon-above-title uagb-infobox-image-valign-top\"><div class=\"uagb-ifb-content\"><div class=\"uagb-ifb-icon-wrap\"><svg xmlns=\"https:\/\/www.w3.org\/2000\/svg\" viewBox=\"0 0 512 512\"><path d=\"M0 256C0 114.6 114.6 0 256 0C397.4 0 512 114.6 512 256C512 397.4 397.4 512 256 512C114.6 512 0 397.4 0 256zM371.8 211.8C382.7 200.9 382.7 183.1 371.8 172.2C360.9 161.3 343.1 161.3 332.2 172.2L224 280.4L179.8 236.2C168.9 225.3 151.1 225.3 140.2 236.2C129.3 247.1 129.3 264.9 140.2 275.8L204.2 339.8C215.1 350.7 232.9 350.7 243.8 339.8L371.8 211.8z\"><\/path><\/svg><\/div><div class=\"uagb-ifb-title-wrap\"><h4 class=\"uagb-ifb-title\">Artes Esc\u00e9nicas<\/h4><\/div><\/div><\/div>\n\n\n\n<div class=\"wp-block-uagb-info-box uagb-block-614855d3 uagb-infobox__content-wrap  uagb-infobox-icon-above-title uagb-infobox-image-valign-top\"><div class=\"uagb-ifb-content\"><div class=\"uagb-ifb-image-content\"><img decoding=\"async\" src=\"https:\/\/retco.com.co\/santarosadelima\/wp-content\/uploads\/sites\/21\/2025\/11\/produccion.png\" alt=\"producci\u00f3n\" width=\"719\" height=\"687\" loading=\"lazy\" title=\"Inicio\"><\/div><div class=\"uagb-ifb-title-wrap\"><h4 class=\"uagb-ifb-title\">Producci\u00f3n Musical<\/h4><\/div><\/div><\/div>\n\n\n\n<div class=\"wp-block-uagb-info-box uagb-block-6609af5e uagb-infobox__content-wrap  uagb-infobox-icon-above-title uagb-infobox-image-valign-top\"><div class=\"uagb-ifb-content\"><div class=\"uagb-ifb-icon-wrap\"><svg xmlns=\"https:\/\/www.w3.org\/2000\/svg\" viewBox=\"0 0 512 512\"><path d=\"M0 256C0 114.6 114.6 0 256 0C397.4 0 512 114.6 512 256C512 397.4 397.4 512 256 512C114.6 512 0 397.4 0 256zM371.8 211.8C382.7 200.9 382.7 183.1 371.8 172.2C360.9 161.3 343.1 161.3 332.2 172.2L224 280.4L179.8 236.2C168.9 225.3 151.1 225.3 140.2 236.2C129.3 247.1 129.3 264.9 140.2 275.8L204.2 339.8C215.1 350.7 232.9 350.7 243.8 339.8L371.8 211.8z\"><\/path><\/svg><\/div><div class=\"uagb-ifb-title-wrap\"><h4 class=\"uagb-ifb-title\">Artes Pl\u00e1sticas<\/h4><\/div><\/div><\/div>\n<\/div>\n\n\n\n<div class=\"wp-block-uagb-container uagb-layout-grid uagb-block-e626aed9\">\n<div class=\"wp-block-uagb-info-box uagb-block-8ab7a578 uagb-infobox__content-wrap  uagb-infobox-icon-above-title uagb-infobox-image-valign-top\"><div class=\"uagb-ifb-content\"><div class=\"uagb-ifb-icon-wrap\"><svg xmlns=\"https:\/\/www.w3.org\/2000\/svg\" viewBox=\"0 0 512 512\"><path d=\"M0 256C0 114.6 114.6 0 256 0C397.4 0 512 114.6 512 256C512 397.4 397.4 512 256 512C114.6 512 0 397.4 0 256zM371.8 211.8C382.7 200.9 382.7 183.1 371.8 172.2C360.9 161.3 343.1 161.3 332.2 172.2L224 280.4L179.8 236.2C168.9 225.3 151.1 225.3 140.2 236.2C129.3 247.1 129.3 264.9 140.2 275.8L204.2 339.8C215.1 350.7 232.9 350.7 243.8 339.8L371.8 211.8z\"><\/path><\/svg><\/div><div class=\"uagb-ifb-title-wrap\"><h4 class=\"uagb-ifb-title\">Banda de Paz<\/h4><\/div><\/div><\/div>\n\n\n\n<div class=\"wp-block-uagb-info-box uagb-block-504247c4 uagb-infobox__content-wrap  uagb-infobox-icon-above-title uagb-infobox-image-valign-top\"><div class=\"uagb-ifb-content\"><div class=\"uagb-ifb-icon-wrap\"><svg xmlns=\"https:\/\/www.w3.org\/2000\/svg\" viewBox=\"0 0 512 512\"><path d=\"M0 256C0 114.6 114.6 0 256 0C397.4 0 512 114.6 512 256C512 397.4 397.4 512 256 512C114.6 512 0 397.4 0 256zM371.8 211.8C382.7 200.9 382.7 183.1 371.8 172.2C360.9 161.3 343.1 161.3 332.2 172.2L224 280.4L179.8 236.2C168.9 225.3 151.1 225.3 140.2 236.2C129.3 247.1 129.3 264.9 140.2 275.8L204.2 339.8C215.1 350.7 232.9 350.7 243.8 339.8L371.8 211.8z\"><\/path><\/svg><\/div><div class=\"uagb-ifb-title-wrap\"><h4 class=\"uagb-ifb-title\">Guitarra<\/h4><\/div><\/div><\/div>\n\n\n\n<div class=\"wp-block-uagb-info-box uagb-block-1b0c2719 uagb-infobox__content-wrap  uagb-infobox-icon-above-title uagb-infobox-image-valign-top\"><div class=\"uagb-ifb-content\"><div class=\"uagb-ifb-icon-wrap\"><svg xmlns=\"https:\/\/www.w3.org\/2000\/svg\" viewBox=\"0 0 512 512\"><path d=\"M0 256C0 114.6 114.6 0 256 0C397.4 0 512 114.6 512 256C512 397.4 397.4 512 256 512C114.6 512 0 397.4 0 256zM371.8 211.8C382.7 200.9 382.7 183.1 371.8 172.2C360.9 161.3 343.1 161.3 332.2 172.2L224 280.4L179.8 236.2C168.9 225.3 151.1 225.3 140.2 236.2C129.3 247.1 129.3 264.9 140.2 275.8L204.2 339.8C215.1 350.7 232.9 350.7 243.8 339.8L371.8 211.8z\"><\/path><\/svg><\/div><div class=\"uagb-ifb-title-wrap\"><h4 class=\"uagb-ifb-title\">Piano<\/h4><\/div><\/div><\/div>\n<\/div>\n\n\n\n<div class=\"wp-block-uagb-container uagb-layout-grid uagb-block-b01dec9b\">\n<div class=\"wp-block-uagb-info-box uagb-block-b9656901 uagb-infobox__content-wrap  uagb-infobox-icon-above-title uagb-infobox-image-valign-top\"><div class=\"uagb-ifb-content\"><div class=\"uagb-ifb-icon-wrap\"><svg xmlns=\"https:\/\/www.w3.org\/2000\/svg\" viewBox=\"0 0 512 512\"><path d=\"M0 256C0 114.6 114.6 0 256 0C397.4 0 512 114.6 512 256C512 397.4 397.4 512 256 512C114.6 512 0 397.4 0 256zM371.8 211.8C382.7 200.9 382.7 183.1 371.8 172.2C360.9 161.3 343.1 161.3 332.2 172.2L224 280.4L179.8 236.2C168.9 225.3 151.1 225.3 140.2 236.2C129.3 247.1 129.3 264.9 140.2 275.8L204.2 339.8C215.1 350.7 232.9 350.7 243.8 339.8L371.8 211.8z\"><\/path><\/svg><\/div><div class=\"uagb-ifb-title-wrap\"><h4 class=\"uagb-ifb-title\">Tecnica Vocal<\/h4><\/div><\/div><\/div>\n<\/div>\n<\/div><\/div>\n\n\n\n<div id=\"galeria\" class=\"wp-block-uagb-container uagb-block-mhkfb2zy alignfull uagb-is-root-container\"><div class=\"uagb-container-inner-blocks-wrap\">\n<div class=\"wp-block-uagb-container uagb-block-9p00bjef\">\n<div class=\"wp-block-uagb-info-box uagb-block-msc4lqeg uagb-infobox__content-wrap  uagb-infobox-icon-above-title uagb-infobox-image-valign-top\"><div class=\"uagb-ifb-content\"><div class=\"uagb-ifb-title-wrap\"><h2 class=\"uagb-ifb-title\">Galer\u00eda<\/h2><\/div><\/div><\/div>\n\n\n\n<div class=\"wp-block-uagb-info-box uagb-block-bso76hsd uagb-infobox__content-wrap  uagb-infobox-icon-above-title uagb-infobox-image-valign-top\"><div class=\"uagb-ifb-content\"><div class=\"uagb-ifb-title-wrap\"><\/div><\/div><\/div>\n<\/div>\n\n\n\n<div class=\"wp-block-uagb-container uagb-block-tiz7g3lq\">\n<div class=\"wp-block-uagb-container uagb-block-iqjohzyv\">\n<div class=\"wp-block-uagb-image alignleft uagb-block-tlqrhunq wp-block-uagb-image--layout-default wp-block-uagb-image--effect-static wp-block-uagb-image--align-left\"><figure class=\"wp-block-uagb-image__figure\"><img decoding=\"async\" srcset=\"https:\/\/retco.com.co\/santarosadelima\/wp-content\/uploads\/sites\/21\/2025\/11\/WhatsApp-Image-2025-05-23-at-10.57.37-AM-1-1024x768.jpeg ,https:\/\/retco.com.co\/santarosadelima\/wp-content\/uploads\/sites\/21\/2025\/11\/WhatsApp-Image-2025-05-23-at-10.57.37-AM-1.jpeg 780w, https:\/\/retco.com.co\/santarosadelima\/wp-content\/uploads\/sites\/21\/2025\/11\/WhatsApp-Image-2025-05-23-at-10.57.37-AM-1.jpeg 360w\" sizes=\"auto, (max-width: 480px) 150px\" src=\"https:\/\/retco.com.co\/santarosadelima\/wp-content\/uploads\/sites\/21\/2025\/11\/WhatsApp-Image-2025-05-23-at-10.57.37-AM-1-1024x768.jpeg\" alt=\"whatsapp image 2025 05 23 at 10.57.37 am (1)\" class=\"uag-image-896\" width=\"384\" height=\"384\" title=\"whatsapp image 2025 05 23 at 10.57.37 am (1)\" loading=\"lazy\" role=\"img\"\/><\/figure><\/div>\n\n\n\n<div class=\"wp-block-uagb-image alignleft uagb-block-2yikix83 wp-block-uagb-image--layout-default wp-block-uagb-image--effect-static wp-block-uagb-image--align-left\"><figure class=\"wp-block-uagb-image__figure\"><img decoding=\"async\" srcset=\"https:\/\/retco.com.co\/santarosadelima\/wp-content\/uploads\/sites\/21\/2025\/11\/WhatsApp-Image-2025-11-25-at-11.38.46-AM-1-1024x768.jpeg ,https:\/\/retco.com.co\/santarosadelima\/wp-content\/uploads\/sites\/21\/2025\/11\/WhatsApp-Image-2025-11-25-at-11.38.46-AM-1.jpeg 780w, https:\/\/retco.com.co\/santarosadelima\/wp-content\/uploads\/sites\/21\/2025\/11\/WhatsApp-Image-2025-11-25-at-11.38.46-AM-1.jpeg 360w\" sizes=\"auto, (max-width: 480px) 150px\" src=\"https:\/\/retco.com.co\/santarosadelima\/wp-content\/uploads\/sites\/21\/2025\/11\/WhatsApp-Image-2025-11-25-at-11.38.46-AM-1-1024x768.jpeg\" alt=\"whatsapp image 2025 11 25 at 11.38.46 am (1)\" class=\"uag-image-900\" width=\"384\" height=\"512\" title=\"whatsapp image 2025 11 25 at 11.38.46 am (1)\" loading=\"lazy\" role=\"img\"\/><\/figure><\/div>\n<\/div>\n\n\n\n<div class=\"wp-block-uagb-container uagb-block-o1k8zost\">\n<div class=\"wp-block-uagb-image alignleft uagb-block-si1l68kg wp-block-uagb-image--layout-default wp-block-uagb-image--effect-static wp-block-uagb-image--align-left\"><figure class=\"wp-block-uagb-image__figure\"><img decoding=\"async\" srcset=\"https:\/\/retco.com.co\/santarosadelima\/wp-content\/uploads\/sites\/21\/2025\/11\/WhatsApp-Image-2025-05-23-at-11.06.10-AM-1024x768.jpeg ,https:\/\/retco.com.co\/santarosadelima\/wp-content\/uploads\/sites\/21\/2025\/11\/WhatsApp-Image-2025-05-23-at-11.06.10-AM.jpeg 780w, https:\/\/retco.com.co\/santarosadelima\/wp-content\/uploads\/sites\/21\/2025\/11\/WhatsApp-Image-2025-05-23-at-11.06.10-AM.jpeg 360w\" sizes=\"auto, (max-width: 480px) 150px\" src=\"https:\/\/retco.com.co\/santarosadelima\/wp-content\/uploads\/sites\/21\/2025\/11\/WhatsApp-Image-2025-05-23-at-11.06.10-AM-1024x768.jpeg\" alt=\"whatsapp image 2025 05 23 at 11.06.10 am\" class=\"uag-image-897\" width=\"384\" height=\"308\" title=\"whatsapp image 2025 05 23 at 11.06.10 am\" loading=\"lazy\" role=\"img\"\/><\/figure><\/div>\n\n\n\n<div class=\"wp-block-uagb-image alignleft uagb-block-atu00ovg wp-block-uagb-image--layout-default wp-block-uagb-image--effect-static wp-block-uagb-image--align-left\"><figure class=\"wp-block-uagb-image__figure\"><img decoding=\"async\" srcset=\"https:\/\/retco.com.co\/santarosadelima\/wp-content\/uploads\/sites\/21\/2025\/11\/WhatsApp-Image-2025-05-23-at-11.40.17-AM-1024x663.jpeg ,https:\/\/retco.com.co\/santarosadelima\/wp-content\/uploads\/sites\/21\/2025\/11\/WhatsApp-Image-2025-05-23-at-11.40.17-AM.jpeg 780w, https:\/\/retco.com.co\/santarosadelima\/wp-content\/uploads\/sites\/21\/2025\/11\/WhatsApp-Image-2025-05-23-at-11.40.17-AM.jpeg 360w\" sizes=\"auto, (max-width: 480px) 150px\" src=\"https:\/\/retco.com.co\/santarosadelima\/wp-content\/uploads\/sites\/21\/2025\/11\/WhatsApp-Image-2025-05-23-at-11.40.17-AM-1024x663.jpeg\" alt=\"whatsapp image 2025 05 23 at 11.40.17 am\" class=\"uag-image-898\" width=\"384\" height=\"384\" title=\"whatsapp image 2025 05 23 at 11.40.17 am\" loading=\"lazy\" role=\"img\"\/><\/figure><\/div>\n\n\n\n<div class=\"wp-block-uagb-image alignleft uagb-block-7rcll4xb wp-block-uagb-image--layout-default wp-block-uagb-image--effect-static wp-block-uagb-image--align-left\"><figure class=\"wp-block-uagb-image__figure\"><img decoding=\"async\" srcset=\"https:\/\/retco.com.co\/santarosadelima\/wp-content\/uploads\/sites\/21\/2025\/11\/WhatsApp-Image-2025-11-25-at-11.41.01-AM-1024x768.jpeg ,https:\/\/retco.com.co\/santarosadelima\/wp-content\/uploads\/sites\/21\/2025\/11\/WhatsApp-Image-2025-11-25-at-11.41.01-AM.jpeg 780w, https:\/\/retco.com.co\/santarosadelima\/wp-content\/uploads\/sites\/21\/2025\/11\/WhatsApp-Image-2025-11-25-at-11.41.01-AM.jpeg 360w\" sizes=\"auto, (max-width: 480px) 150px\" src=\"https:\/\/retco.com.co\/santarosadelima\/wp-content\/uploads\/sites\/21\/2025\/11\/WhatsApp-Image-2025-11-25-at-11.41.01-AM-1024x768.jpeg\" alt=\"whatsapp image 2025 11 25 at 11.41.01 am\" class=\"uag-image-902\" width=\"384\" height=\"288\" title=\"whatsapp image 2025 11 25 at 11.41.01 am\" loading=\"lazy\" role=\"img\"\/><\/figure><\/div>\n<\/div>\n\n\n\n<div class=\"wp-block-uagb-container uagb-block-zglagzfl\">\n<div class=\"wp-block-uagb-image alignleft uagb-block-1bctaonz wp-block-uagb-image--layout-default wp-block-uagb-image--effect-static wp-block-uagb-image--align-left\"><figure class=\"wp-block-uagb-image__figure\"><img decoding=\"async\" srcset=\"https:\/\/retco.com.co\/santarosadelima\/wp-content\/uploads\/sites\/21\/2025\/11\/WhatsApp-Image-2025-11-25-at-11.37.17-AM-1024x768.jpeg ,https:\/\/retco.com.co\/santarosadelima\/wp-content\/uploads\/sites\/21\/2025\/11\/WhatsApp-Image-2025-11-25-at-11.37.17-AM.jpeg 780w, https:\/\/retco.com.co\/santarosadelima\/wp-content\/uploads\/sites\/21\/2025\/11\/WhatsApp-Image-2025-11-25-at-11.37.17-AM.jpeg 360w\" sizes=\"auto, (max-width: 480px) 150px\" src=\"https:\/\/retco.com.co\/santarosadelima\/wp-content\/uploads\/sites\/21\/2025\/11\/WhatsApp-Image-2025-11-25-at-11.37.17-AM-1024x768.jpeg\" alt=\"whatsapp image 2025 11 25 at 11.37.17 am\" class=\"uag-image-899\" width=\"384\" height=\"481\" title=\"whatsapp image 2025 11 25 at 11.37.17 am\" loading=\"lazy\" role=\"img\"\/><\/figure><\/div>\n\n\n\n<div class=\"wp-block-uagb-image uagb-block-qkffkmf0 wp-block-uagb-image--layout-default wp-block-uagb-image--effect-static wp-block-uagb-image--align-none\"><figure class=\"wp-block-uagb-image__figure\"><img decoding=\"async\" srcset=\"https:\/\/retco.com.co\/santarosadelima\/wp-content\/uploads\/sites\/21\/2025\/11\/WhatsApp-Image-2025-11-25-at-11.38.46-AM-1024x768.jpeg ,https:\/\/retco.com.co\/santarosadelima\/wp-content\/uploads\/sites\/21\/2025\/11\/WhatsApp-Image-2025-11-25-at-11.38.46-AM.jpeg 780w, https:\/\/retco.com.co\/santarosadelima\/wp-content\/uploads\/sites\/21\/2025\/11\/WhatsApp-Image-2025-11-25-at-11.38.46-AM.jpeg 360w\" sizes=\"auto, (max-width: 480px) 150px\" src=\"https:\/\/retco.com.co\/santarosadelima\/wp-content\/uploads\/sites\/21\/2025\/11\/WhatsApp-Image-2025-11-25-at-11.38.46-AM-1024x768.jpeg\" alt=\"whatsapp image 2025 11 25 at 11.38.46 am\" class=\"uag-image-901\" width=\"384\" height=\"384\" title=\"whatsapp image 2025 11 25 at 11.38.46 am\" loading=\"lazy\" role=\"img\"\/><\/figure><\/div>\n<\/div>\n<\/div>\n<\/div><\/div>\n","protected":false},"excerpt":{"rendered":"<p>Qui\u00e9nes somos El Centro Cultural Carlos Gamarra, de Santa Rosa de lima, Norte de Bol\u00edvar, es una instituci\u00f3n de formaci\u00f3n de arte en general donde se tienen diversos programas de formaci\u00f3n, consolidado un importante proceso cultural y educativo en el norte del departamento, contribuyendo al fortalecimiento de la identidad, la convivencia, la construcci\u00f3n de paz [&hellip;]<\/p>\n","protected":false},"author":1,"featured_media":0,"parent":0,"menu_order":0,"comment_status":"closed","ping_status":"closed","template":"","meta":{"_uag_custom_page_level_css":"","site-sidebar-layout":"no-sidebar","site-content-layout":"plain-container","ast-site-content-layout":"normal-width-container","site-content-style":"unboxed","site-sidebar-style":"unboxed","ast-global-header-display":"","ast-banner-title-visibility":"","ast-main-header-display":"","ast-hfb-above-header-display":"","ast-hfb-below-header-display":"","ast-hfb-mobile-header-display":"","site-post-title":"disabled","ast-breadcrumbs-content":"","ast-featured-img":"disabled","footer-sml-layout":"","theme-transparent-header-meta":"default","adv-header-id-meta":"","stick-header-meta":"","header-above-stick-meta":"","header-main-stick-meta":"","header-below-stick-meta":"","astra-migrate-meta-layouts":"set","ast-page-background-enabled":"default","ast-page-background-meta":{"desktop":{"background-color":"var(--ast-global-color-4)","background-image":"","background-repeat":"repeat","background-position":"center center","background-size":"auto","background-attachment":"scroll","background-type":"","background-media":"","overlay-type":"","overlay-color":"","overlay-opacity":"","overlay-gradient":""},"tablet":{"background-color":"","background-image":"","background-repeat":"repeat","background-position":"center center","background-size":"auto","background-attachment":"scroll","background-type":"","background-media":"","overlay-type":"","overlay-color":"","overlay-opacity":"","overlay-gradient":""},"mobile":{"background-color":"","background-image":"","background-repeat":"repeat","background-position":"center center","background-size":"auto","background-attachment":"scroll","background-type":"","background-media":"","overlay-type":"","overlay-color":"","overlay-opacity":"","overlay-gradient":""}},"ast-content-background-meta":{"desktop":{"background-color":"var(--ast-global-color-5)","background-image":"","background-repeat":"repeat","background-position":"center center","background-size":"auto","background-attachment":"scroll","background-type":"","background-media":"","overlay-type":"","overlay-color":"","overlay-opacity":"","overlay-gradient":""},"tablet":{"background-color":"var(--ast-global-color-5)","background-image":"","background-repeat":"repeat","background-position":"center center","background-size":"auto","background-attachment":"scroll","background-type":"","background-media":"","overlay-type":"","overlay-color":"","overlay-opacity":"","overlay-gradient":""},"mobile":{"background-color":"var(--ast-global-color-5)","background-image":"","background-repeat":"repeat","background-position":"center center","background-size":"auto","background-attachment":"scroll","background-type":"","background-media":"","overlay-type":"","overlay-color":"","overlay-opacity":"","overlay-gradient":""}},"footnotes":""},"class_list":["post-9","page","type-page","status-publish","hentry"],"aioseo_notices":[],"_hostinger_reach_plugin_has_subscription_block":false,"_hostinger_reach_plugin_is_elementor":false,"uagb_featured_image_src":{"full":false,"thumbnail":false,"medium":false,"medium_large":false,"large":false,"1536x1536":false,"2048x2048":false},"uagb_author_info":{"display_name":"retco.org@gmail.com","author_link":"https:\/\/retco.com.co\/santarosadelima\/author\/retco-orggmail-com\/"},"uagb_comment_info":0,"uagb_excerpt":"Qui\u00e9nes somos El Centro Cultural Carlos Gamarra, de Santa Rosa de lima, Norte de Bol\u00edvar, es una instituci\u00f3n de formaci\u00f3n de arte en general donde se tienen diversos programas de formaci\u00f3n, consolidado un importante proceso cultural y educativo en el norte del departamento, contribuyendo al fortalecimiento de la identidad, la convivencia, la construcci\u00f3n de paz&hellip;","_links":{"self":[{"href":"https:\/\/retco.com.co\/santarosadelima\/wp-json\/wp\/v2\/pages\/9","targetHints":{"allow":["GET"]}}],"collection":[{"href":"https:\/\/retco.com.co\/santarosadelima\/wp-json\/wp\/v2\/pages"}],"about":[{"href":"https:\/\/retco.com.co\/santarosadelima\/wp-json\/wp\/v2\/types\/page"}],"author":[{"embeddable":true,"href":"https:\/\/retco.com.co\/santarosadelima\/wp-json\/wp\/v2\/users\/1"}],"replies":[{"embeddable":true,"href":"https:\/\/retco.com.co\/santarosadelima\/wp-json\/wp\/v2\/comments?post=9"}],"version-history":[{"count":24,"href":"https:\/\/retco.com.co\/santarosadelima\/wp-json\/wp\/v2\/pages\/9\/revisions"}],"predecessor-version":[{"id":921,"href":"https:\/\/retco.com.co\/santarosadelima\/wp-json\/wp\/v2\/pages\/9\/revisions\/921"}],"wp:attachment":[{"href":"https:\/\/retco.com.co\/santarosadelima\/wp-json\/wp\/v2\/media?parent=9"}],"curies":[{"name":"wp","href":"https:\/\/api.w.org\/{rel}","templated":true}]}}