{"id":9,"date":"2025-10-07T17:46:43","date_gmt":"2025-10-07T22:46:43","guid":{"rendered":"https:\/\/retco.com.co\/pitalito\/home\/"},"modified":"2025-11-25T14:59:45","modified_gmt":"2025-11-25T19:59:45","slug":"inicio","status":"publish","type":"page","link":"https:\/\/retco.com.co\/pitalito\/","title":{"rendered":"Inicio"},"content":{"rendered":"\n<div class=\"wp-block-uagb-container uagb-block-27drn2ic alignfull uagb-is-root-container\"><div class=\"uagb-container-inner-blocks-wrap\">\n<div class=\"wp-block-uagb-info-box uagb-block-hi2ez1jj uagb-infobox__content-wrap  uagb-infobox-icon-above-title uagb-infobox-image-valign-top\"><div class=\"uagb-ifb-content\"><div class=\"uagb-ifb-title-wrap\"><\/div><\/div><\/div>\n\n\n\n<div class=\"wp-block-uagb-image aligncenter uagb-block-0458e05f wp-block-uagb-image--layout-default wp-block-uagb-image--effect-static wp-block-uagb-image--align-center\"><figure class=\"wp-block-uagb-image__figure\"><img decoding=\"async\" srcset=\"https:\/\/retco.com.co\/pitalito\/wp-content\/uploads\/sites\/9\/2025\/11\/logo-ok-1.png ,https:\/\/retco.com.co\/pitalito\/wp-content\/uploads\/sites\/9\/2025\/11\/logo-ok-1.png 780w, https:\/\/retco.com.co\/pitalito\/wp-content\/uploads\/sites\/9\/2025\/11\/logo-ok-1.png 360w\" sizes=\"auto, (max-width: 480px) 150px\" src=\"https:\/\/retco.com.co\/pitalito\/wp-content\/uploads\/sites\/9\/2025\/11\/logo-ok-1.png\" alt=\"Logo Ok 1\" class=\"uag-image-1135\" width=\"266\" height=\"150\" title=\"Inicio\" loading=\"lazy\" role=\"presentation\"><\/figure><\/div>\n<\/div><\/div>\n\n\n\n<div class=\"wp-block-uagb-container uagb-block-d315b49f alignfull uagb-is-root-container\"><div class=\"uagb-container-inner-blocks-wrap\">\n<figure class=\"wp-block-embed is-type-video is-provider-youtube wp-block-embed-youtube wp-embed-aspect-16-9 wp-has-aspect-ratio\"><div class=\"wp-block-embed__wrapper\">\n<iframe loading=\"lazy\" title=\"Escuela de Formaci\u00f3n Art\u00edstica en Pitalito (Huila) - Colombia\" width=\"500\" height=\"281\" src=\"https:\/\/www.youtube.com\/embed\/vVedpGj7bFo?feature=oembed\" frameborder=\"0\" allow=\"accelerometer; autoplay; clipboard-write; encrypted-media; gyroscope; picture-in-picture; web-share\" referrerpolicy=\"strict-origin-when-cross-origin\" allowfullscreen><\/iframe>\n<\/div><\/figure>\n<\/div><\/div>\n\n\n\n<div class=\"wp-block-uagb-container uagb-block-99e6ff04 alignfull uagb-is-root-container\"><div class=\"uagb-container-inner-blocks-wrap\">\n<div class=\"wp-block-uagb-advanced-heading uagb-block-e3e74870\"><h3 class=\"uagb-heading-text\">Qui\u00e9nes somos<\/h3><\/div>\n\n\n\n<div class=\"wp-block-uagb-info-box uagb-block-19891812 uagb-infobox__content-wrap  uagb-infobox-icon-above-title uagb-infobox-image-valign-top\"><div class=\"uagb-ifb-content\"><div class=\"uagb-ifb-title-wrap\"><\/div><div class=\"uagb-ifb-separator\"><\/div><\/div><\/div>\n\n\n\n<div class=\"wp-block-uagb-container uagb-block-809872e3\">\n<div class=\"wp-block-uagb-advanced-heading uagb-block-b6e685ef\"><h5 class=\"uagb-heading-text\">El establecimiento y desarrollo institucional de la Escuela de Formaci\u00f3n Art\u00edstica en Pitalito se fundamenta en el compromiso estrat\u00e9gico de las sucesivas Administraciones Municipales con el fortalecimiento del ecosistema art\u00edstico-cultural local. Este proceso inici\u00f3 formalmente en el a\u00f1o 2001 mediante la implementaci\u00f3n de programas de extensi\u00f3n denominados &#8220;Vacaciones Creativas, Recreativas y Pedag\u00f3gicas&#8221;. La ejecuci\u00f3n de estas actividades demostr\u00f3 una alta pertinencia social, evidenciada en la participaci\u00f3n activa de una base poblacional superior a los 1.600 ni\u00f1os, ni\u00f1as y j\u00f3venes. Esta plataforma inicial facilit\u00f3 el reconocimiento y la potenciaci\u00f3n de aptitudes art\u00edsticas latentes, constituyendo la primera fase de aproximaci\u00f3n formativa masiva en el territorio.<\/h5><\/div>\n<\/div>\n\n\n\n<div class=\"wp-block-uagb-buttons uagb-buttons__outer-wrap uagb-btn__default-btn uagb-btn-tablet__default-btn uagb-btn-mobile__default-btn uagb-block-db81eac3\"><div class=\"uagb-buttons__wrap uagb-buttons-layout-wrap \">\n<div class=\"wp-block-uagb-buttons-child uagb-buttons__outer-wrap uagb-block-fc7686de wp-block-button\"><div class=\"uagb-button__wrapper\"><a class=\"uagb-buttons-repeater wp-block-button__link\" aria-label=\"\" href=\"quienes-somos\/\" rel=\"follow noopener\" target=\"_self\" role=\"button\"><div class=\"uagb-button__link\">M\u00e1s acerca de nosotros<\/div><span class=\"uagb-button__icon uagb-button__icon-position-after\"><svg xmlns=\"https:\/\/www.w3.org\/2000\/svg\" viewBox=\"0 0 512 512\" aria-hidden=\"true\" focussable=\"false\"><path d=\"M502.6 278.6l-128 128c-12.51 12.51-32.76 12.49-45.25 0c-12.5-12.5-12.5-32.75 0-45.25L402.8 288H32C14.31 288 0 273.7 0 255.1S14.31 224 32 224h370.8l-73.38-73.38c-12.5-12.5-12.5-32.75 0-45.25s32.75-12.5 45.25 0l128 128C515.1 245.9 515.1 266.1 502.6 278.6z\"><\/path><\/svg><\/span><\/a><\/div><\/div>\n<\/div><\/div>\n<\/div><\/div>\n\n\n\n<div id=\"programas\" class=\"wp-block-uagb-container uagb-block-rixvaq3x alignfull uagb-is-root-container\"><div class=\"uagb-container-inner-blocks-wrap\">\n<div class=\"wp-block-uagb-info-box uagb-block-frwaum8p uagb-infobox__content-wrap  uagb-infobox-icon-above-title uagb-infobox-image-valign-top\"><div class=\"uagb-ifb-content\"><div class=\"uagb-ifb-title-wrap\"><h3 class=\"uagb-ifb-title\">Escuelas de Formaci\u00f3n Art\u00edstica ICRD<\/h3><\/div><p class=\"uagb-ifb-desc\">\u00c1rea de M\u00fasica<\/p><\/div><\/div>\n\n\n\n<div class=\"wp-block-uagb-container uagb-block-kthu160q\">\n<div class=\"wp-block-uagb-container uagb-block-s8w0zevf\">\n<div class=\"wp-block-uagb-image uagb-block-qbc022qt wp-block-uagb-image--layout-default wp-block-uagb-image--effect-static wp-block-uagb-image--align-none\"><figure class=\"wp-block-uagb-image__figure\"><a class=\"\" href=\"https:\/\/retco.com.co\/pitalito\/banda-vientos\/\" target=\"\" rel=\"noopener\"><img decoding=\"async\" srcset=\"https:\/\/retco.com.co\/pitalito\/wp-content\/uploads\/sites\/9\/2025\/11\/DSC05966-2.jpg ,https:\/\/retco.com.co\/pitalito\/wp-content\/uploads\/sites\/9\/2025\/11\/DSC05966-2.jpg 780w, https:\/\/retco.com.co\/pitalito\/wp-content\/uploads\/sites\/9\/2025\/11\/DSC05966-2.jpg 360w\" sizes=\"auto, (max-width: 480px) 150px\" src=\"https:\/\/retco.com.co\/pitalito\/wp-content\/uploads\/sites\/9\/2025\/11\/DSC05966-2.jpg\" alt=\"dsc05966\" class=\"uag-image-1096\" width=\"282\" height=\"376\" title=\"dsc05966\" loading=\"lazy\" role=\"img\"\/><\/a><\/figure><\/div>\n\n\n\n<div class=\"wp-block-uagb-info-box uagb-block-gijkfqtq uagb-infobox__content-wrap  uagb-infobox-icon-above-title uagb-infobox-image-valign-top\"><div class=\"uagb-ifb-content\"><div class=\"uagb-ifb-title-wrap\"><h3 class=\"uagb-ifb-title\"><a href=\"https:\/\/retco.com.co\/pitalito\/banda-vientos\/\" title=\"\">Banda de Vientos<\/a><\/h3><\/div><p class=\"uagb-ifb-desc\">Aprende y disfruta del formato que vive en la identidad festiva de nuestra comunidad.<\/p><\/div><\/div>\n<\/div>\n\n\n\n<div class=\"wp-block-uagb-container uagb-block-ya2cdoaw\">\n<div class=\"wp-block-uagb-image uagb-block-aesoauwd wp-block-uagb-image--layout-default wp-block-uagb-image--effect-static wp-block-uagb-image--align-none\"><figure class=\"wp-block-uagb-image__figure\"><img decoding=\"async\" srcset=\"https:\/\/retco.com.co\/pitalito\/wp-content\/uploads\/sites\/9\/2025\/11\/Imagen-de-WhatsApp-2025-11-12-a-las-15.56.12_be25aa95-1024x768.jpg ,https:\/\/retco.com.co\/pitalito\/wp-content\/uploads\/sites\/9\/2025\/11\/Imagen-de-WhatsApp-2025-11-12-a-las-15.56.12_be25aa95.jpg 780w, https:\/\/retco.com.co\/pitalito\/wp-content\/uploads\/sites\/9\/2025\/11\/Imagen-de-WhatsApp-2025-11-12-a-las-15.56.12_be25aa95.jpg 360w\" sizes=\"auto, (max-width: 480px) 150px\" src=\"https:\/\/retco.com.co\/pitalito\/wp-content\/uploads\/sites\/9\/2025\/11\/Imagen-de-WhatsApp-2025-11-12-a-las-15.56.12_be25aa95-1024x768.jpg\" alt=\"imagen de whatsapp 2025 11 12 a las 15.56.12 be25aa95\" class=\"uag-image-1140\" width=\"282\" height=\"376\" title=\"imagen de whatsapp 2025 11 12 a las 15.56.12 be25aa95\" loading=\"lazy\" role=\"img\"\/><\/figure><\/div>\n\n\n\n<div class=\"wp-block-uagb-info-box uagb-block-4zpdntxc uagb-infobox__content-wrap  uagb-infobox-icon-above-title uagb-infobox-image-valign-top\"><div class=\"uagb-ifb-content\"><div class=\"uagb-ifb-title-wrap\"><h3 class=\"uagb-ifb-title\">M\u00fasica tradicional Andina<\/h3><\/div><p class=\"uagb-ifb-desc\">Aprende y disfruta de nuestra m\u00fasica Andina Colombiana.<\/p><\/div><\/div>\n<\/div>\n\n\n\n<div class=\"wp-block-uagb-container uagb-block-qsjtvju8\">\n<div class=\"wp-block-uagb-image uagb-block-zucymnso wp-block-uagb-image--layout-default wp-block-uagb-image--effect-static wp-block-uagb-image--align-none\"><figure class=\"wp-block-uagb-image__figure\"><img decoding=\"async\" srcset=\"https:\/\/retco.com.co\/pitalito\/wp-content\/uploads\/sites\/9\/2025\/11\/DSC02545-1024x768.jpg ,https:\/\/retco.com.co\/pitalito\/wp-content\/uploads\/sites\/9\/2025\/11\/DSC02545.jpg 780w, https:\/\/retco.com.co\/pitalito\/wp-content\/uploads\/sites\/9\/2025\/11\/DSC02545.jpg 360w\" sizes=\"auto, (max-width: 480px) 150px\" src=\"https:\/\/retco.com.co\/pitalito\/wp-content\/uploads\/sites\/9\/2025\/11\/DSC02545-1024x768.jpg\" alt=\"dsc02545\" class=\"uag-image-1088\" width=\"282\" height=\"376\" title=\"dsc02545\" loading=\"lazy\" role=\"img\"\/><\/figure><\/div>\n\n\n\n<div class=\"wp-block-uagb-info-box uagb-block-rcyqmiyh uagb-infobox__content-wrap  uagb-infobox-icon-above-title uagb-infobox-image-valign-top\"><div class=\"uagb-ifb-content\"><div class=\"uagb-ifb-title-wrap\"><h3 class=\"uagb-ifb-title\">M\u00fasica alternativa<\/h3><\/div><p class=\"uagb-ifb-desc\">Encuentra en nuestros dos procesos alternativos una oportunidad de disfrutar de la m\u00fasica! <\/p><\/div><\/div>\n<\/div>\n<\/div>\n\n\n\n<div class=\"wp-block-uagb-container uagb-block-ed57aaf2\">\n<div class=\"wp-block-uagb-container uagb-block-bd68e929\">\n<div class=\"wp-block-uagb-image uagb-block-905778ce wp-block-uagb-image--layout-default wp-block-uagb-image--effect-static wp-block-uagb-image--align-none\"><figure class=\"wp-block-uagb-image__figure\"><a class=\"\" href=\"https:\/\/retco.com.co\/pitalito\/tecnica-vocal-y-coro\/\" target=\"\" rel=\"noopener\"><img decoding=\"async\" srcset=\"https:\/\/retco.com.co\/pitalito\/wp-content\/uploads\/sites\/9\/2025\/11\/DSC02096-1024x768.jpg ,https:\/\/retco.com.co\/pitalito\/wp-content\/uploads\/sites\/9\/2025\/11\/DSC02096.jpg 780w, https:\/\/retco.com.co\/pitalito\/wp-content\/uploads\/sites\/9\/2025\/11\/DSC02096.jpg 360w\" sizes=\"auto, (max-width: 480px) 150px\" src=\"https:\/\/retco.com.co\/pitalito\/wp-content\/uploads\/sites\/9\/2025\/11\/DSC02096-1024x768.jpg\" alt=\"dsc02096\" class=\"uag-image-1143\" width=\"282\" height=\"376\" title=\"dsc02096\" loading=\"lazy\" role=\"img\"\/><\/a><\/figure><\/div>\n\n\n\n<div class=\"wp-block-uagb-info-box uagb-block-d12c5829 uagb-infobox__content-wrap  uagb-infobox-icon-above-title uagb-infobox-image-valign-top\"><div class=\"uagb-ifb-content\"><div class=\"uagb-ifb-title-wrap\"><h3 class=\"uagb-ifb-title\">Coro<\/h3><\/div><p class=\"uagb-ifb-desc\">Un espacio donde tu voz se convierte las historias en las m\u00e1s hermosas melod\u00edas<\/p><\/div><\/div>\n<\/div>\n\n\n\n<div class=\"wp-block-uagb-container uagb-block-57bed236\">\n<div class=\"wp-block-uagb-image aligncenter uagb-block-07f0e427 wp-block-uagb-image--layout-default wp-block-uagb-image--effect-static wp-block-uagb-image--align-center\"><figure class=\"wp-block-uagb-image__figure\"><img decoding=\"async\" srcset=\"https:\/\/retco.com.co\/pitalito\/wp-content\/uploads\/sites\/9\/2025\/11\/piano.png ,https:\/\/retco.com.co\/pitalito\/wp-content\/uploads\/sites\/9\/2025\/11\/piano.png 780w, https:\/\/retco.com.co\/pitalito\/wp-content\/uploads\/sites\/9\/2025\/11\/piano.png 360w\" sizes=\"auto, (max-width: 480px) 150px\" src=\"https:\/\/retco.com.co\/pitalito\/wp-content\/uploads\/sites\/9\/2025\/11\/piano.png\" alt=\"piano\" class=\"uag-image-1148\" width=\"282\" height=\"376\" title=\"piano\" loading=\"lazy\" role=\"img\"\/><\/figure><\/div>\n\n\n\n<div class=\"wp-block-uagb-info-box uagb-block-ccd81be7 uagb-infobox__content-wrap  uagb-infobox-icon-above-title uagb-infobox-image-valign-top\"><div class=\"uagb-ifb-content\"><div class=\"uagb-ifb-title-wrap\"><h3 class=\"uagb-ifb-title\">Piano<\/h3><\/div><p class=\"uagb-ifb-desc\">La m\u00fasica se hace historia y vida a trav\u00e9s de las escalas que bailan en las teclas del piano; ven aprende y disfruta!<\/p><\/div><\/div>\n<\/div>\n\n\n\n<div class=\"wp-block-uagb-container uagb-block-8899b51b\">\n<div class=\"wp-block-uagb-image uagb-block-60474c24 wp-block-uagb-image--layout-default wp-block-uagb-image--effect-static wp-block-uagb-image--align-none\"><figure class=\"wp-block-uagb-image__figure\"><img decoding=\"async\" srcset=\"https:\/\/retco.com.co\/pitalito\/wp-content\/uploads\/sites\/9\/2025\/11\/Imagen-de-WhatsApp-2025-11-12-a-las-15.56.13_bae21e7b-1024x768.jpg ,https:\/\/retco.com.co\/pitalito\/wp-content\/uploads\/sites\/9\/2025\/11\/Imagen-de-WhatsApp-2025-11-12-a-las-15.56.13_bae21e7b.jpg 780w, https:\/\/retco.com.co\/pitalito\/wp-content\/uploads\/sites\/9\/2025\/11\/Imagen-de-WhatsApp-2025-11-12-a-las-15.56.13_bae21e7b.jpg 360w\" sizes=\"auto, (max-width: 480px) 150px\" src=\"https:\/\/retco.com.co\/pitalito\/wp-content\/uploads\/sites\/9\/2025\/11\/Imagen-de-WhatsApp-2025-11-12-a-las-15.56.13_bae21e7b-1024x768.jpg\" alt=\"imagen de whatsapp 2025 11 12 a las 15.56.13 bae21e7b\" class=\"uag-image-1149\" width=\"282\" height=\"376\" title=\"imagen de whatsapp 2025 11 12 a las 15.56.13 bae21e7b\" loading=\"lazy\" role=\"img\"\/><\/figure><\/div>\n\n\n\n<div class=\"wp-block-uagb-info-box uagb-block-874c63e3 uagb-infobox__content-wrap  uagb-infobox-icon-above-title uagb-infobox-image-valign-top\"><div class=\"uagb-ifb-content\"><div class=\"uagb-ifb-title-wrap\"><h3 class=\"uagb-ifb-title\">Cuerdas<\/h3><\/div><p class=\"uagb-ifb-desc\">Aprende y disfruta de nuestra escuela de cuerdas frotadas y escribe tu propia sinfon\u00eda.<\/p><\/div><\/div>\n<\/div>\n<\/div>\n<\/div><\/div>\n\n\n\n<div id=\"destacados\" class=\"wp-block-uagb-container uagb-block-lfm7rrpa alignfull uagb-is-root-container\"><div class=\"uagb-container-inner-blocks-wrap\">\n<div class=\"wp-block-uagb-info-box uagb-block-qtukjiwr uagb-infobox__content-wrap  uagb-infobox-icon-above-title uagb-infobox-image-valign-top\"><div class=\"uagb-ifb-content\"><div class=\"uagb-ifb-title-wrap\"><h3 class=\"uagb-ifb-title\">Eventos Destacados<\/h3><\/div><p class=\"uagb-ifb-desc\">Pitalito tiene una rica agenda cultural, donde la m\u00fasica es protagonista! conoce nuestros eventos para que agendes tu visita a nuestro bello territorio!<\/p><\/div><\/div>\n\n\n\n<div class=\"wp-block-uagb-container uagb-layout-grid uagb-block-qed0bcpz\">\n<div class=\"wp-block-uagb-container uagb-block-bpdc3azq\">\n<div class=\"wp-block-uagb-info-box uagb-block-ewqh7mnb uagb-infobox__content-wrap  uagb-infobox-icon-above-title uagb-infobox-image-valign-top\"><div class=\"uagb-ifb-content\"><div class=\"uagb-ifb-title-wrap\"><h3 class=\"uagb-ifb-title\">Festival folcl\u00f3rico laboyano<\/h3><\/div><p class=\"uagb-ifb-desc\">Se desarrolla desde el mes de mayo hasta la primera semana de cada a\u00f1o, teniendo como eje central las tradiciones y el folclor del territorio. En este festival, cuya semana central se enfoca entre las festividades de San Juan y San Pedro, la m\u00fasica tiene un papel protag\u00f3nico: se desarrollan conciertos, encuentros de m\u00fasica campesina, muestras folcl\u00f3ricas, desfiles, entre otros. Uno de los componentes m\u00e1s llamativos es el Encuentro Folcl\u00f3rico Surcolombiano, que re\u00fane anualmente un selecto grupo de danzas que comparte su sonoridades y ritmos con propios y visitantes.<\/p><\/div><\/div>\n<\/div>\n\n\n\n<div class=\"wp-block-uagb-container uagb-block-k0cenoay\">\n<div class=\"wp-block-uagb-info-box uagb-block-xwi3zh0s uagb-infobox__content-wrap  uagb-infobox-icon-above-title uagb-infobox-image-valign-top\"><div class=\"uagb-ifb-content\"><div class=\"uagb-ifb-title-wrap\"><h3 class=\"uagb-ifb-title\">Festival cultural laboyano<\/h3><\/div><p class=\"uagb-ifb-desc\">Durante el segundo semestre del a\u00f1o, la cultura laboyana se re\u00fane en torno a este festival que promueve los saberes las diferentes expresiones art\u00edsticas y culturales del territorio, dedicando un d\u00eda a cada manifestaci\u00f3n, generando no solo espacios de exposiciones, encuentros y conciertos si no tambi\u00e9n espacios de intercambio acad\u00e9mico y de saberes. En este festival la m\u00fasica tiene un papel protag\u00f3nico debido a los conciertos y espacios did\u00e1cticos que se desarrollan durante esta semana.<\/p><\/div><\/div>\n<\/div>\n\n\n\n<div class=\"wp-block-uagb-container uagb-block-lrzias9t\">\n<div class=\"wp-block-uagb-info-box uagb-block-cdj47vlc uagb-infobox__content-wrap  uagb-infobox-icon-above-title uagb-infobox-image-valign-top\"><div class=\"uagb-ifb-content\"><div class=\"uagb-ifb-title-wrap\"><h3 class=\"uagb-ifb-title\">Festival de m\u00fasica andina Faiver Olave<\/h3><\/div><p class=\"uagb-ifb-desc\">la tradici\u00f3n de la m\u00fasica andina latinoamericana se re\u00fane cada a\u00f1o en el segundo semestre para compartir su sonoridad con el pueblo laboyano y huilense con este festival, el cual re\u00fane un selecto grupo de invitados locales, regionales, nacionales e internacionales alrededor de la m\u00fasicas andinas rindiendo homenaje a un pionero de este ritmo en nuestro territorio: el maestro Faiver Olave, cultor, docente, m\u00fasico y compositor y fundador del grupo Libertad.<\/p><\/div><\/div>\n<\/div>\n\n\n\n<div class=\"wp-block-uagb-container uagb-block-uroxcsx4\">\n<div class=\"wp-block-uagb-info-box uagb-block-fxcwagxw uagb-infobox__content-wrap  uagb-infobox-icon-above-title uagb-infobox-image-valign-top\"><div class=\"uagb-ifb-content\"><div class=\"uagb-ifb-title-wrap\"><h3 class=\"uagb-ifb-title\">Festival rock al Sur<\/h3><\/div><p class=\"uagb-ifb-desc\">Espacio que se desarrolla en el mes de agosto en el municipio de Pitalito, y cuyo prop\u00f3sito ha sido la promoci\u00f3n y fomento de las m\u00fasicas alternativas como una herramienta en el fortalecimiento del encuentro ciudadano; ha sido importante pues adem\u00e1s de los invitados internacionales y nacionales, es ventana para promocionar las bandas y agrupaciones locales de los g\u00e9neros alternativos.<\/p><\/div><\/div>\n<\/div>\n\n\n\n<div class=\"wp-block-uagb-container uagb-block-tv4naz2p\">\n<div class=\"wp-block-uagb-info-box uagb-block-o76kodmg uagb-infobox__content-wrap  uagb-infobox-icon-above-title uagb-infobox-image-valign-top\"><div class=\"uagb-ifb-content\"><div class=\"uagb-ifb-title-wrap\"><h3 class=\"uagb-ifb-title\">Festival de m\u00fasica &#8220;Recuerdas&#8221;<\/h3><\/div><p class=\"uagb-ifb-desc\">Con m\u00e1s de 18 a\u00f1os de tradici\u00f3n y organizado por el grupo de Vig\u00edas del Patrimonio Recuerdas Pitalito, el festival Recuerdas es un espacio acad\u00e9mico y de disfrute que promueve las m\u00fasicas nacionales, permitiendo el acceso a la comunidad a la producci\u00f3n local, regional y nacional a trav\u00e9s de la participaci\u00f3n de grupos en diversos formatos musicales<\/p><\/div><\/div>\n<\/div>\n<\/div>\n<\/div><\/div>\n","protected":false},"excerpt":{"rendered":"<p>Qui\u00e9nes somos El establecimiento y desarrollo institucional de la Escuela de Formaci\u00f3n Art\u00edstica en Pitalito se fundamenta en el compromiso estrat\u00e9gico de las sucesivas Administraciones Municipales con el fortalecimiento del ecosistema art\u00edstico-cultural local. Este proceso inici\u00f3 formalmente en el a\u00f1o 2001 mediante la implementaci\u00f3n de programas de extensi\u00f3n denominados &#8220;Vacaciones Creativas, Recreativas y Pedag\u00f3gicas&#8221;. La [&hellip;]<\/p>\n","protected":false},"author":1,"featured_media":0,"parent":0,"menu_order":0,"comment_status":"closed","ping_status":"closed","template":"","meta":{"_uag_custom_page_level_css":"","site-sidebar-layout":"no-sidebar","site-content-layout":"plain-container","ast-site-content-layout":"normal-width-container","site-content-style":"unboxed","site-sidebar-style":"unboxed","ast-global-header-display":"","ast-banner-title-visibility":"","ast-main-header-display":"","ast-hfb-above-header-display":"","ast-hfb-below-header-display":"","ast-hfb-mobile-header-display":"","site-post-title":"disabled","ast-breadcrumbs-content":"","ast-featured-img":"disabled","footer-sml-layout":"","theme-transparent-header-meta":"default","adv-header-id-meta":"","stick-header-meta":"","header-above-stick-meta":"","header-main-stick-meta":"","header-below-stick-meta":"","astra-migrate-meta-layouts":"set","ast-page-background-enabled":"default","ast-page-background-meta":{"desktop":{"background-color":"var(--ast-global-color-4)","background-image":"","background-repeat":"repeat","background-position":"center center","background-size":"auto","background-attachment":"scroll","background-type":"","background-media":"","overlay-type":"","overlay-color":"","overlay-opacity":"","overlay-gradient":""},"tablet":{"background-color":"","background-image":"","background-repeat":"repeat","background-position":"center center","background-size":"auto","background-attachment":"scroll","background-type":"","background-media":"","overlay-type":"","overlay-color":"","overlay-opacity":"","overlay-gradient":""},"mobile":{"background-color":"","background-image":"","background-repeat":"repeat","background-position":"center center","background-size":"auto","background-attachment":"scroll","background-type":"","background-media":"","overlay-type":"","overlay-color":"","overlay-opacity":"","overlay-gradient":""}},"ast-content-background-meta":{"desktop":{"background-color":"var(--ast-global-color-5)","background-image":"","background-repeat":"repeat","background-position":"center center","background-size":"auto","background-attachment":"scroll","background-type":"","background-media":"","overlay-type":"","overlay-color":"","overlay-opacity":"","overlay-gradient":""},"tablet":{"background-color":"var(--ast-global-color-5)","background-image":"","background-repeat":"repeat","background-position":"center center","background-size":"auto","background-attachment":"scroll","background-type":"","background-media":"","overlay-type":"","overlay-color":"","overlay-opacity":"","overlay-gradient":""},"mobile":{"background-color":"var(--ast-global-color-5)","background-image":"","background-repeat":"repeat","background-position":"center center","background-size":"auto","background-attachment":"scroll","background-type":"","background-media":"","overlay-type":"","overlay-color":"","overlay-opacity":"","overlay-gradient":""}},"footnotes":""},"class_list":["post-9","page","type-page","status-publish","hentry"],"aioseo_notices":[],"_hostinger_reach_plugin_has_subscription_block":false,"_hostinger_reach_plugin_is_elementor":false,"uagb_featured_image_src":{"full":false,"thumbnail":false,"medium":false,"medium_large":false,"large":false,"1536x1536":false,"2048x2048":false},"uagb_author_info":{"display_name":"retco.org@gmail.com","author_link":"https:\/\/retco.com.co\/pitalito\/author\/retco-orggmail-com\/"},"uagb_comment_info":0,"uagb_excerpt":"Qui\u00e9nes somos El establecimiento y desarrollo institucional de la Escuela de Formaci\u00f3n Art\u00edstica en Pitalito se fundamenta en el compromiso estrat\u00e9gico de las sucesivas Administraciones Municipales con el fortalecimiento del ecosistema art\u00edstico-cultural local. Este proceso inici\u00f3 formalmente en el a\u00f1o 2001 mediante la implementaci\u00f3n de programas de extensi\u00f3n denominados &#8220;Vacaciones Creativas, Recreativas y Pedag\u00f3gicas&#8221;. La&hellip;","_links":{"self":[{"href":"https:\/\/retco.com.co\/pitalito\/wp-json\/wp\/v2\/pages\/9","targetHints":{"allow":["GET"]}}],"collection":[{"href":"https:\/\/retco.com.co\/pitalito\/wp-json\/wp\/v2\/pages"}],"about":[{"href":"https:\/\/retco.com.co\/pitalito\/wp-json\/wp\/v2\/types\/page"}],"author":[{"embeddable":true,"href":"https:\/\/retco.com.co\/pitalito\/wp-json\/wp\/v2\/users\/1"}],"replies":[{"embeddable":true,"href":"https:\/\/retco.com.co\/pitalito\/wp-json\/wp\/v2\/comments?post=9"}],"version-history":[{"count":69,"href":"https:\/\/retco.com.co\/pitalito\/wp-json\/wp\/v2\/pages\/9\/revisions"}],"predecessor-version":[{"id":1237,"href":"https:\/\/retco.com.co\/pitalito\/wp-json\/wp\/v2\/pages\/9\/revisions\/1237"}],"wp:attachment":[{"href":"https:\/\/retco.com.co\/pitalito\/wp-json\/wp\/v2\/media?parent=9"}],"curies":[{"name":"wp","href":"https:\/\/api.w.org\/{rel}","templated":true}]}}