{"id":1182,"date":"2025-11-21T17:25:22","date_gmt":"2025-11-21T22:25:22","guid":{"rendered":"https:\/\/retco.com.co\/pitalito\/?page_id=1182"},"modified":"2025-11-21T17:25:23","modified_gmt":"2025-11-21T22:25:23","slug":"tecnica-vocal-y-coro","status":"publish","type":"page","link":"https:\/\/retco.com.co\/pitalito\/tecnica-vocal-y-coro\/","title":{"rendered":"T\u00e9cnica Vocal y Coro"},"content":{"rendered":"\n<div class=\"wp-block-uagb-container uagb-block-9ihz01qa alignfull uagb-is-root-container\"><div class=\"uagb-container-inner-blocks-wrap\">\n<div class=\"wp-block-uagb-info-box uagb-block-dqm2a9qb uagb-infobox__content-wrap  uagb-infobox-icon-above-title uagb-infobox-image-valign-top\"><div class=\"uagb-ifb-content\"><div class=\"uagb-ifb-title-wrap\"><h2 class=\"uagb-ifb-title\">T\u00e9cnica Vocal y Coro<\/h2><\/div><p class=\"uagb-ifb-desc\">La Escuela de T\u00e9cnica Vocal y Coro es el escenario donde la t\u00e9cnica individual y colectiva, el di\u00e1logo arm\u00f3nico y el trabajo decidido convergen para hacerse m\u00fasica a trav\u00e9s de la voz humana. Este proceso vital vincula a ni\u00f1os, j\u00f3venes y adultos en una rica amalgama de talento, cuyas voces se alzan para cantarle a la vida y a su territorio, actuando como puente de encuentro y di\u00e1logo cultural. De esta forma, nuestra escuela no solo pule el potencial art\u00edstico, sino que tambi\u00e9n decora con melod\u00edas el paisaje de nuestro Valle de Laboyos, consolid\u00e1ndose como un eje cultural en esta hermosa &#8220;hamaca de mil colores donde se mece el sure\u00f1o&#8221;.<\/p><\/div><\/div>\n\n\n\n<div class=\"wp-block-uagb-image alignleft uagb-block-gt4vrtl0 wp-block-uagb-image--layout-default wp-block-uagb-image--effect-static wp-block-uagb-image--align-left\"><figure class=\"wp-block-uagb-image__figure\"><img decoding=\"async\" srcset=\"https:\/\/retco.com.co\/pitalito\/wp-content\/uploads\/sites\/9\/2025\/11\/DSC02096-1024x768.jpg ,https:\/\/retco.com.co\/pitalito\/wp-content\/uploads\/sites\/9\/2025\/11\/DSC02096.jpg 780w, https:\/\/retco.com.co\/pitalito\/wp-content\/uploads\/sites\/9\/2025\/11\/DSC02096.jpg 360w\" sizes=\"auto, (max-width: 480px) 150px\" src=\"https:\/\/retco.com.co\/pitalito\/wp-content\/uploads\/sites\/9\/2025\/11\/DSC02096-1024x768.jpg\" alt=\"dsc02096\" class=\"uag-image-1143\" width=\"945\" height=\"350\" title=\"dsc02096\" loading=\"lazy\" role=\"img\" \/><\/figure><\/div>\n<\/div><\/div>\n\n\n\n<div class=\"wp-block-uagb-container uagb-block-3kai4xlj alignfull uagb-is-root-container\"><div class=\"uagb-container-inner-blocks-wrap\">\n<div class=\"wp-block-uagb-info-box uagb-block-nc2hlit1 uagb-infobox__content-wrap  uagb-infobox-icon-above-title uagb-infobox-image-valign-top\"><div class=\"uagb-ifb-content\"><div class=\"uagb-ifb-title-wrap\"><h2 class=\"uagb-ifb-title\">Recent Projects Showcase<\/h2><\/div><p class=\"uagb-ifb-desc\">Explore our latest achievements and innovations in our Recent Projects Showcase, where we highlight our most cutting-edge work.<\/p><\/div><\/div>\n\n\n\n<div class=\"wp-block-uagb-container uagb-layout-grid uagb-block-cxwr5uab\">\n<div class=\"wp-block-uagb-image uagb-block-ki6sejo6 wp-block-uagb-image--layout-default wp-block-uagb-image--effect-static wp-block-uagb-image--align-none\"><figure class=\"wp-block-uagb-image__figure\"><img decoding=\"async\" srcset=\"https:\/\/retco.com.co\/pitalito\/wp-content\/uploads\/sites\/9\/2025\/10\/natures-02.jpg ,https:\/\/retco.com.co\/pitalito\/wp-content\/uploads\/sites\/9\/2025\/10\/natures-02.jpg 780w, https:\/\/retco.com.co\/pitalito\/wp-content\/uploads\/sites\/9\/2025\/10\/natures-02.jpg 360w\" sizes=\"auto, (max-width: 480px) 150px\" src=\"https:\/\/retco.com.co\/pitalito\/wp-content\/uploads\/sites\/9\/2025\/10\/natures-02.jpg\" alt=\"Natures 02\" class=\"uag-image-80574\" width=\"282\" height=\"282\" title=\"natures-02\" loading=\"lazy\" role=\"img\"><\/figure><\/div>\n\n\n\n<div class=\"wp-block-uagb-image uagb-block-jw6ls583 wp-block-uagb-image--layout-default wp-block-uagb-image--effect-static wp-block-uagb-image--align-none\"><figure class=\"wp-block-uagb-image__figure\"><img decoding=\"async\" srcset=\"https:\/\/retco.com.co\/pitalito\/wp-content\/uploads\/sites\/9\/2025\/10\/desserts-02.jpg ,https:\/\/retco.com.co\/pitalito\/wp-content\/uploads\/sites\/9\/2025\/10\/desserts-02.jpg 780w, https:\/\/retco.com.co\/pitalito\/wp-content\/uploads\/sites\/9\/2025\/10\/desserts-02.jpg 360w\" sizes=\"auto, (max-width: 480px) 150px\" src=\"https:\/\/retco.com.co\/pitalito\/wp-content\/uploads\/sites\/9\/2025\/10\/desserts-02.jpg\" alt=\"Desserts 02\" class=\"uag-image-80570\" width=\"282\" height=\"282\" title=\"desserts-02\" loading=\"lazy\" role=\"img\"><\/figure><\/div>\n\n\n\n<div class=\"wp-block-uagb-image uagb-block-effa3b7m wp-block-uagb-image--layout-default wp-block-uagb-image--effect-static wp-block-uagb-image--align-none\"><figure class=\"wp-block-uagb-image__figure\"><img decoding=\"async\" srcset=\"https:\/\/retco.com.co\/pitalito\/wp-content\/uploads\/sites\/9\/2025\/10\/snow-mountains-02.jpg ,https:\/\/retco.com.co\/pitalito\/wp-content\/uploads\/sites\/9\/2025\/10\/snow-mountains-02.jpg 780w, https:\/\/retco.com.co\/pitalito\/wp-content\/uploads\/sites\/9\/2025\/10\/snow-mountains-02.jpg 360w\" sizes=\"auto, (max-width: 480px) 150px\" src=\"https:\/\/retco.com.co\/pitalito\/wp-content\/uploads\/sites\/9\/2025\/10\/snow-mountains-02.jpg\" alt=\"Snow Mountains 02\" class=\"uag-image-80578\" width=\"282\" height=\"282\" title=\"snow-mountains-02\" loading=\"lazy\" role=\"img\"><\/figure><\/div>\n\n\n\n<div class=\"wp-block-uagb-image uagb-block-5hczjtrr wp-block-uagb-image--layout-default wp-block-uagb-image--effect-static wp-block-uagb-image--align-none\"><figure class=\"wp-block-uagb-image__figure\"><img decoding=\"async\" srcset=\"https:\/\/retco.com.co\/pitalito\/wp-content\/uploads\/sites\/9\/2025\/10\/mountains-02.jpg ,https:\/\/retco.com.co\/pitalito\/wp-content\/uploads\/sites\/9\/2025\/10\/mountains-02.jpg 780w, https:\/\/retco.com.co\/pitalito\/wp-content\/uploads\/sites\/9\/2025\/10\/mountains-02.jpg 360w\" sizes=\"auto, (max-width: 480px) 150px\" src=\"https:\/\/retco.com.co\/pitalito\/wp-content\/uploads\/sites\/9\/2025\/10\/mountains-02.jpg\" alt=\"Mountains 02\" class=\"uag-image-80572\" width=\"282\" height=\"282\" title=\"mountains-02\" loading=\"lazy\" role=\"img\"><\/figure><\/div>\n\n\n\n<div class=\"wp-block-uagb-image uagb-block-3v0v5sbj wp-block-uagb-image--layout-default wp-block-uagb-image--effect-static wp-block-uagb-image--align-none\"><figure class=\"wp-block-uagb-image__figure\"><img decoding=\"async\" srcset=\"https:\/\/retco.com.co\/pitalito\/wp-content\/uploads\/sites\/9\/2025\/10\/rivers-02.jpg ,https:\/\/retco.com.co\/pitalito\/wp-content\/uploads\/sites\/9\/2025\/10\/rivers-02.jpg 780w, https:\/\/retco.com.co\/pitalito\/wp-content\/uploads\/sites\/9\/2025\/10\/rivers-02.jpg 360w\" sizes=\"auto, (max-width: 480px) 150px\" src=\"https:\/\/retco.com.co\/pitalito\/wp-content\/uploads\/sites\/9\/2025\/10\/rivers-02.jpg\" alt=\"Rivers 02\" class=\"uag-image-80576\" width=\"282\" height=\"282\" title=\"rivers-02\" loading=\"lazy\" role=\"img\"><\/figure><\/div>\n\n\n\n<div class=\"wp-block-uagb-image uagb-block-1bdkdw2k wp-block-uagb-image--layout-default wp-block-uagb-image--effect-static wp-block-uagb-image--align-none\"><figure class=\"wp-block-uagb-image__figure\"><img decoding=\"async\" srcset=\"https:\/\/retco.com.co\/pitalito\/wp-content\/uploads\/sites\/9\/2025\/10\/trees-02.jpg ,https:\/\/retco.com.co\/pitalito\/wp-content\/uploads\/sites\/9\/2025\/10\/trees-02.jpg 780w, https:\/\/retco.com.co\/pitalito\/wp-content\/uploads\/sites\/9\/2025\/10\/trees-02.jpg 360w\" sizes=\"auto, (max-width: 480px) 150px\" src=\"https:\/\/retco.com.co\/pitalito\/wp-content\/uploads\/sites\/9\/2025\/10\/trees-02.jpg\" alt=\"Trees 02\" class=\"uag-image-80681\" width=\"282\" height=\"282\" title=\"trees-02\" loading=\"lazy\" role=\"img\"><\/figure><\/div>\n\n\n\n<div class=\"wp-block-uagb-image uagb-block-dqzt2pzd wp-block-uagb-image--layout-default wp-block-uagb-image--effect-static wp-block-uagb-image--align-none\"><figure class=\"wp-block-uagb-image__figure\"><img decoding=\"async\" srcset=\"https:\/\/retco.com.co\/pitalito\/wp-content\/uploads\/sites\/9\/2025\/10\/trees-rivers-02.jpg ,https:\/\/retco.com.co\/pitalito\/wp-content\/uploads\/sites\/9\/2025\/10\/trees-rivers-02.jpg 780w, https:\/\/retco.com.co\/pitalito\/wp-content\/uploads\/sites\/9\/2025\/10\/trees-rivers-02.jpg 360w\" sizes=\"auto, (max-width: 480px) 150px\" src=\"https:\/\/retco.com.co\/pitalito\/wp-content\/uploads\/sites\/9\/2025\/10\/trees-rivers-02.jpg\" alt=\"Trees Rivers 02\" class=\"uag-image-80698\" width=\"282\" height=\"282\" title=\"trees-rivers-02\" loading=\"lazy\" role=\"img\"><\/figure><\/div>\n\n\n\n<div class=\"wp-block-uagb-image uagb-block-cd8qy2pr wp-block-uagb-image--layout-default wp-block-uagb-image--effect-static wp-block-uagb-image--align-none\"><figure class=\"wp-block-uagb-image__figure\"><img decoding=\"async\" srcset=\"https:\/\/retco.com.co\/pitalito\/wp-content\/uploads\/sites\/9\/2025\/10\/natures-02.jpg ,https:\/\/retco.com.co\/pitalito\/wp-content\/uploads\/sites\/9\/2025\/10\/natures-02.jpg 780w, https:\/\/retco.com.co\/pitalito\/wp-content\/uploads\/sites\/9\/2025\/10\/natures-02.jpg 360w\" sizes=\"auto, (max-width: 480px) 150px\" src=\"https:\/\/retco.com.co\/pitalito\/wp-content\/uploads\/sites\/9\/2025\/10\/natures-02.jpg\" alt=\"Natures 02\" class=\"uag-image-80574\" width=\"282\" height=\"282\" title=\"natures-02\" loading=\"lazy\" role=\"img\"><\/figure><\/div>\n<\/div>\n<\/div><\/div>\n","protected":false},"excerpt":{"rendered":"","protected":false},"author":16,"featured_media":0,"parent":0,"menu_order":0,"comment_status":"closed","ping_status":"closed","template":"","meta":{"_uag_custom_page_level_css":"","site-sidebar-layout":"default","site-content-layout":"","ast-site-content-layout":"default","site-content-style":"default","site-sidebar-style":"default","ast-global-header-display":"","ast-banner-title-visibility":"","ast-main-header-display":"","ast-hfb-above-header-display":"","ast-hfb-below-header-display":"","ast-hfb-mobile-header-display":"","site-post-title":"disabled","ast-breadcrumbs-content":"","ast-featured-img":"","footer-sml-layout":"","theme-transparent-header-meta":"","adv-header-id-meta":"","stick-header-meta":"","header-above-stick-meta":"","header-main-stick-meta":"","header-below-stick-meta":"","astra-migrate-meta-layouts":"set","ast-page-background-enabled":"default","ast-page-background-meta":{"desktop":{"background-color":"var(--ast-global-color-4)","background-image":"","background-repeat":"repeat","background-position":"center center","background-size":"auto","background-attachment":"scroll","background-type":"","background-media":"","overlay-type":"","overlay-color":"","overlay-opacity":"","overlay-gradient":""},"tablet":{"background-color":"","background-image":"","background-repeat":"repeat","background-position":"center center","background-size":"auto","background-attachment":"scroll","background-type":"","background-media":"","overlay-type":"","overlay-color":"","overlay-opacity":"","overlay-gradient":""},"mobile":{"background-color":"","background-image":"","background-repeat":"repeat","background-position":"center center","background-size":"auto","background-attachment":"scroll","background-type":"","background-media":"","overlay-type":"","overlay-color":"","overlay-opacity":"","overlay-gradient":""}},"ast-content-background-meta":{"desktop":{"background-color":"var(--ast-global-color-5)","background-image":"","background-repeat":"repeat","background-position":"center center","background-size":"auto","background-attachment":"scroll","background-type":"","background-media":"","overlay-type":"","overlay-color":"","overlay-opacity":"","overlay-gradient":""},"tablet":{"background-color":"var(--ast-global-color-5)","background-image":"","background-repeat":"repeat","background-position":"center center","background-size":"auto","background-attachment":"scroll","background-type":"","background-media":"","overlay-type":"","overlay-color":"","overlay-opacity":"","overlay-gradient":""},"mobile":{"background-color":"var(--ast-global-color-5)","background-image":"","background-repeat":"repeat","background-position":"center center","background-size":"auto","background-attachment":"scroll","background-type":"","background-media":"","overlay-type":"","overlay-color":"","overlay-opacity":"","overlay-gradient":""}},"footnotes":""},"class_list":["post-1182","page","type-page","status-publish","hentry"],"aioseo_notices":[],"_hostinger_reach_plugin_has_subscription_block":false,"_hostinger_reach_plugin_is_elementor":false,"uagb_featured_image_src":{"full":false,"thumbnail":false,"medium":false,"medium_large":false,"large":false,"1536x1536":false,"2048x2048":false},"uagb_author_info":{"display_name":"elianacardenas1226","author_link":"https:\/\/retco.com.co\/pitalito\/author\/elianacardenas1226\/"},"uagb_comment_info":0,"uagb_excerpt":null,"_links":{"self":[{"href":"https:\/\/retco.com.co\/pitalito\/wp-json\/wp\/v2\/pages\/1182","targetHints":{"allow":["GET"]}}],"collection":[{"href":"https:\/\/retco.com.co\/pitalito\/wp-json\/wp\/v2\/pages"}],"about":[{"href":"https:\/\/retco.com.co\/pitalito\/wp-json\/wp\/v2\/types\/page"}],"author":[{"embeddable":true,"href":"https:\/\/retco.com.co\/pitalito\/wp-json\/wp\/v2\/users\/16"}],"replies":[{"embeddable":true,"href":"https:\/\/retco.com.co\/pitalito\/wp-json\/wp\/v2\/comments?post=1182"}],"version-history":[{"count":1,"href":"https:\/\/retco.com.co\/pitalito\/wp-json\/wp\/v2\/pages\/1182\/revisions"}],"predecessor-version":[{"id":1187,"href":"https:\/\/retco.com.co\/pitalito\/wp-json\/wp\/v2\/pages\/1182\/revisions\/1187"}],"wp:attachment":[{"href":"https:\/\/retco.com.co\/pitalito\/wp-json\/wp\/v2\/media?parent=1182"}],"curies":[{"name":"wp","href":"https:\/\/api.w.org\/{rel}","templated":true}]}}