{"id":1100,"date":"2025-11-12T09:06:39","date_gmt":"2025-11-12T14:06:39","guid":{"rendered":"https:\/\/retco.com.co\/pitalito\/?page_id=1100"},"modified":"2025-12-10T17:22:40","modified_gmt":"2025-12-10T22:22:40","slug":"banda-vientos","status":"publish","type":"page","link":"https:\/\/retco.com.co\/pitalito\/banda-vientos\/","title":{"rendered":"Banda Vientos"},"content":{"rendered":"\n<div class=\"wp-block-uagb-container uagb-block-5fpjsl3g alignfull uagb-is-root-container\"><div class=\"uagb-container-inner-blocks-wrap\">\n<div class=\"wp-block-uagb-info-box uagb-block-4euebknt uagb-infobox__content-wrap  uagb-infobox-icon-above-title uagb-infobox-image-valign-top\"><div class=\"uagb-ifb-content\"><div class=\"uagb-ifb-title-wrap\"><h1 class=\"uagb-ifb-title\">BANDA DE VIENTOS<br><\/h1><\/div><p class=\"uagb-ifb-desc\">Un espacio para aprender y disfrutar de la sonoridad festiva que ofrecen los instrumentos de Viento y Percusi\u00f3n<\/p><\/div><\/div>\n\n\n\n<div class=\"wp-block-uagb-buttons uagb-buttons__outer-wrap uagb-btn__default-btn uagb-btn-tablet__default-btn uagb-btn-mobile__default-btn uagb-block-3b2agtf5\"><div class=\"uagb-buttons__wrap uagb-buttons-layout-wrap \"><\/div><\/div>\n<\/div><\/div>\n\n\n\n<div class=\"wp-block-uagb-container uagb-block-usqg15x9 alignfull uagb-is-root-container\"><div class=\"uagb-container-inner-blocks-wrap\">\n<div class=\"wp-block-uagb-info-box uagb-block-iku2mctn uagb-infobox__content-wrap  uagb-infobox-icon-above-title uagb-infobox-image-valign-top\"><div class=\"uagb-ifb-content\"><div class=\"uagb-ifb-title-wrap\"><h2 class=\"uagb-ifb-title\">Qu\u00e9 podemos aprender?<\/h2><\/div><p class=\"uagb-ifb-desc\">La rica sonoridad de las bandas de vientos cobra vida a trav\u00e9s del sonido de las trompetas, eufonios, clarinetes, saxofones, trombones, flautas y la vibrante percusi\u00f3n, forjando una tradici\u00f3n musical que resuena y recorre cada rinc\u00f3n de nuestro territorio. La Escuela de Banda de Vientos se consolida como un espacio vital de aprendizaje e inclusi\u00f3n, donde ni\u00f1os y j\u00f3venes laboyanos tienen la oportunidad de disfrutar, crear y apropiarse activamente de las melod\u00edas y ritmos que no solo alegran nuestras festividades, que hace parte del ADN&nbsp; de nuestra identidad cultural.<\/p><\/div><\/div>\n\n\n\n<div class=\"wp-block-uagb-container uagb-block-gpazuzqt\">\n<div class=\"wp-block-uagb-container uagb-block-ckrqkfjt\">\n<div class=\"wp-block-uagb-image alignleft uagb-block-in6i2ur2 wp-block-uagb-image--layout-default wp-block-uagb-image--effect-static wp-block-uagb-image--align-left\"><figure class=\"wp-block-uagb-image__figure\"><img decoding=\"async\" srcset=\"https:\/\/retco.com.co\/pitalito\/wp-content\/uploads\/sites\/9\/2025\/12\/DSC07086-1024x768.jpg ,https:\/\/retco.com.co\/pitalito\/wp-content\/uploads\/sites\/9\/2025\/12\/DSC07086.jpg 780w, https:\/\/retco.com.co\/pitalito\/wp-content\/uploads\/sites\/9\/2025\/12\/DSC07086.jpg 360w\" sizes=\"auto, (max-width: 480px) 150px\" src=\"https:\/\/retco.com.co\/pitalito\/wp-content\/uploads\/sites\/9\/2025\/12\/DSC07086-1024x768.jpg\" alt=\"dsc07086\" class=\"uag-image-1240\" width=\"352\" height=\"260\" title=\"dsc07086\" loading=\"lazy\" role=\"img\" \/><\/figure><\/div>\n\n\n\n<div class=\"wp-block-uagb-info-box uagb-block-wb38ea2x uagb-infobox__content-wrap  uagb-infobox-icon-above-title uagb-infobox-image-valign-top\"><div class=\"uagb-ifb-content\"><div class=\"uagb-ifb-title-wrap\"><\/div><p class=\"uagb-ifb-desc\">Con una pedagog\u00eda din\u00e1mica que procura no solo el aprendizaje t\u00e9cnico sino tambi\u00e9n el disfrute de los diferentes g\u00e9neros musicales.<\/p><\/div><\/div>\n<\/div>\n\n\n\n<div class=\"wp-block-uagb-container uagb-block-ljbfyxii\">\n<div class=\"wp-block-uagb-image alignleft uagb-block-quayiovr wp-block-uagb-image--layout-default wp-block-uagb-image--effect-static wp-block-uagb-image--align-left\"><figure class=\"wp-block-uagb-image__figure\"><img decoding=\"async\" srcset=\"https:\/\/retco.com.co\/pitalito\/wp-content\/uploads\/sites\/9\/2025\/12\/DSC07102-1024x768.jpg ,https:\/\/retco.com.co\/pitalito\/wp-content\/uploads\/sites\/9\/2025\/12\/DSC07102.jpg 780w, https:\/\/retco.com.co\/pitalito\/wp-content\/uploads\/sites\/9\/2025\/12\/DSC07102.jpg 360w\" sizes=\"auto, (max-width: 480px) 150px\" src=\"https:\/\/retco.com.co\/pitalito\/wp-content\/uploads\/sites\/9\/2025\/12\/DSC07102-1024x768.jpg\" alt=\"dsc07102\" class=\"uag-image-1244\" width=\"352\" height=\"260\" title=\"dsc07102\" loading=\"lazy\" role=\"img\" \/><\/figure><\/div>\n\n\n\n<div class=\"wp-block-uagb-info-box uagb-block-cgitefbr uagb-infobox__content-wrap  uagb-infobox-icon-above-title uagb-infobox-image-valign-top\"><div class=\"uagb-ifb-content\"><div class=\"uagb-ifb-title-wrap\"><\/div><p class=\"uagb-ifb-desc\">El proceso de aprendizaje permite que los alumnos se apropien de la sonoridad de la m\u00fasicas colombianas en diferentes g\u00e9neros desde el formato de vientos.<\/p><\/div><\/div>\n<\/div>\n\n\n\n<div class=\"wp-block-uagb-container uagb-block-8aid1lii\">\n<div class=\"wp-block-uagb-image alignleft uagb-block-aymwwqnd wp-block-uagb-image--layout-default wp-block-uagb-image--effect-static wp-block-uagb-image--align-left\"><figure class=\"wp-block-uagb-image__figure\"><img decoding=\"async\" srcset=\"https:\/\/retco.com.co\/pitalito\/wp-content\/uploads\/sites\/9\/2025\/12\/DSC07097-1024x768.jpg ,https:\/\/retco.com.co\/pitalito\/wp-content\/uploads\/sites\/9\/2025\/12\/DSC07097.jpg 780w, https:\/\/retco.com.co\/pitalito\/wp-content\/uploads\/sites\/9\/2025\/12\/DSC07097.jpg 360w\" sizes=\"auto, (max-width: 480px) 150px\" src=\"https:\/\/retco.com.co\/pitalito\/wp-content\/uploads\/sites\/9\/2025\/12\/DSC07097-1024x768.jpg\" alt=\"dsc07097\" class=\"uag-image-1242\" width=\"352\" height=\"260\" title=\"dsc07097\" loading=\"lazy\" role=\"img\" \/><\/figure><\/div>\n\n\n\n<div class=\"wp-block-uagb-info-box uagb-block-rmdldu5r uagb-infobox__content-wrap  uagb-infobox-icon-above-title uagb-infobox-image-valign-top\"><div class=\"uagb-ifb-content\"><div class=\"uagb-ifb-title-wrap\"><\/div><p class=\"uagb-ifb-desc\">Un factor fundamental del proceso es el fortalecimiento del trabajo en equipo que permite desarrollar la sonoridad colectiva.<\/p><\/div><\/div>\n\n\n\n<div class=\"wp-block-uagb-buttons uagb-buttons__outer-wrap uagb-btn__default-btn uagb-btn-tablet__default-btn uagb-btn-mobile__default-btn uagb-block-vetlnhd8\"><div class=\"uagb-buttons__wrap uagb-buttons-layout-wrap \"><\/div><\/div>\n<\/div>\n<\/div>\n<\/div><\/div>\n\n\n\n<div class=\"wp-block-uagb-container uagb-block-ukmxi8oz alignfull uagb-is-root-container\"><div class=\"uagb-container-inner-blocks-wrap\">\n<div class=\"wp-block-uagb-star-rating uagb-block-qzrwrj2c\"><div class=\"uag-star-rating\" title=\"5\/5\"><span class=\"uag-star\">\u2605<\/span><span class=\"uag-star\">\u2605<\/span><span class=\"uag-star\">\u2605<\/span><span class=\"uag-star\">\u2605<\/span><span class=\"uag-star\">\u2605<\/span><\/div><\/div>\n\n\n\n<div class=\"wp-block-uagb-info-box uagb-block-yeqjgsfq uagb-infobox__content-wrap  uagb-infobox-icon-above-title uagb-infobox-image-valign-top\"><div class=\"uagb-ifb-content\"><div class=\"uagb-ifb-title-wrap\"><p class=\"uagb-ifb-title\">&#8220;Donde hay una banda de viento en Colombia, hay fiesta: el metal y la madera que cuentan nuestra historia&#8221;.<\/p><\/div><\/div><\/div>\n<\/div><\/div>\n\n\n\n<div class=\"wp-block-uagb-container uagb-block-kzarub0p alignfull uagb-is-root-container\"><div class=\"uagb-container-inner-blocks-wrap\">\n<div class=\"wp-block-uagb-info-box uagb-block-u5gpokoq uagb-infobox__content-wrap  uagb-infobox-icon-above-title uagb-infobox-image-valign-top\"><div class=\"uagb-ifb-content\"><div class=\"uagb-ifb-title-wrap\"><h2 class=\"uagb-ifb-title\">Muestra de cierre 2025<\/h2><\/div><p class=\"uagb-ifb-desc\">Un Momento para compartir los logros y los aparendizajes de un a\u00f1o lleno de m\u00fasica<\/p><\/div><\/div>\n\n\n\n<div class=\"wp-block-uagb-image alignleft uagb-block-xtje2vni wp-block-uagb-image--layout-default wp-block-uagb-image--effect-static wp-block-uagb-image--align-left\"><figure class=\"wp-block-uagb-image__figure\"><img decoding=\"async\" srcset=\"https:\/\/retco.com.co\/pitalito\/wp-content\/uploads\/sites\/9\/2025\/12\/DSC07081-1024x768.jpg ,https:\/\/retco.com.co\/pitalito\/wp-content\/uploads\/sites\/9\/2025\/12\/DSC07081.jpg 780w, https:\/\/retco.com.co\/pitalito\/wp-content\/uploads\/sites\/9\/2025\/12\/DSC07081.jpg 360w\" sizes=\"auto, (max-width: 480px) 150px\" src=\"https:\/\/retco.com.co\/pitalito\/wp-content\/uploads\/sites\/9\/2025\/12\/DSC07081-1024x768.jpg\" alt=\"dsc07081\" class=\"uag-image-1239\" width=\"564\" height=\"450\" title=\"dsc07081\" loading=\"lazy\" role=\"img\" \/><\/figure><\/div>\n<\/div><\/div>\n\n\n\n<div class=\"wp-block-uagb-container uagb-block-uexcr8g1 alignfull uagb-is-root-container\"><div class=\"uagb-container-inner-blocks-wrap\">\n<div class=\"wp-block-uagb-info-box uagb-block-ksdkugle uagb-infobox__content-wrap  uagb-infobox-icon-above-title uagb-infobox-image-valign-top\"><div class=\"uagb-ifb-content\"><div class=\"uagb-ifb-title-wrap\"><h2 class=\"uagb-ifb-title\">Que la m\u00fasica no pare de sonar para que nuestros ni\u00f1os y j\u00f3venes no dejen de so\u00f1ar!<\/h2><\/div><\/div><\/div>\n\n\n\n<div class=\"wp-block-uagb-buttons uagb-buttons__outer-wrap uagb-btn__default-btn uagb-btn-tablet__default-btn uagb-btn-mobile__default-btn uagb-block-tmxgbaqg\"><div class=\"uagb-buttons__wrap uagb-buttons-layout-wrap \"><\/div><\/div>\n<\/div><\/div>\n","protected":false},"excerpt":{"rendered":"","protected":false},"author":16,"featured_media":0,"parent":0,"menu_order":0,"comment_status":"closed","ping_status":"closed","template":"","meta":{"_uag_custom_page_level_css":"","site-sidebar-layout":"default","site-content-layout":"","ast-site-content-layout":"default","site-content-style":"default","site-sidebar-style":"default","ast-global-header-display":"","ast-banner-title-visibility":"","ast-main-header-display":"","ast-hfb-above-header-display":"","ast-hfb-below-header-display":"","ast-hfb-mobile-header-display":"","site-post-title":"disabled","ast-breadcrumbs-content":"","ast-featured-img":"","footer-sml-layout":"","theme-transparent-header-meta":"","adv-header-id-meta":"","stick-header-meta":"","header-above-stick-meta":"","header-main-stick-meta":"","header-below-stick-meta":"","astra-migrate-meta-layouts":"set","ast-page-background-enabled":"default","ast-page-background-meta":{"desktop":{"background-color":"var(--ast-global-color-4)","background-image":"","background-repeat":"repeat","background-position":"center center","background-size":"auto","background-attachment":"scroll","background-type":"","background-media":"","overlay-type":"","overlay-color":"","overlay-opacity":"","overlay-gradient":""},"tablet":{"background-color":"","background-image":"","background-repeat":"repeat","background-position":"center center","background-size":"auto","background-attachment":"scroll","background-type":"","background-media":"","overlay-type":"","overlay-color":"","overlay-opacity":"","overlay-gradient":""},"mobile":{"background-color":"","background-image":"","background-repeat":"repeat","background-position":"center center","background-size":"auto","background-attachment":"scroll","background-type":"","background-media":"","overlay-type":"","overlay-color":"","overlay-opacity":"","overlay-gradient":""}},"ast-content-background-meta":{"desktop":{"background-color":"var(--ast-global-color-5)","background-image":"","background-repeat":"repeat","background-position":"center center","background-size":"auto","background-attachment":"scroll","background-type":"","background-media":"","overlay-type":"","overlay-color":"","overlay-opacity":"","overlay-gradient":""},"tablet":{"background-color":"var(--ast-global-color-5)","background-image":"","background-repeat":"repeat","background-position":"center center","background-size":"auto","background-attachment":"scroll","background-type":"","background-media":"","overlay-type":"","overlay-color":"","overlay-opacity":"","overlay-gradient":""},"mobile":{"background-color":"var(--ast-global-color-5)","background-image":"","background-repeat":"repeat","background-position":"center center","background-size":"auto","background-attachment":"scroll","background-type":"","background-media":"","overlay-type":"","overlay-color":"","overlay-opacity":"","overlay-gradient":""}},"footnotes":""},"class_list":["post-1100","page","type-page","status-publish","hentry"],"aioseo_notices":[],"_hostinger_reach_plugin_has_subscription_block":false,"_hostinger_reach_plugin_is_elementor":false,"uagb_featured_image_src":{"full":false,"thumbnail":false,"medium":false,"medium_large":false,"large":false,"1536x1536":false,"2048x2048":false},"uagb_author_info":{"display_name":"elianacardenas1226","author_link":"https:\/\/retco.com.co\/pitalito\/author\/elianacardenas1226\/"},"uagb_comment_info":0,"uagb_excerpt":null,"_links":{"self":[{"href":"https:\/\/retco.com.co\/pitalito\/wp-json\/wp\/v2\/pages\/1100","targetHints":{"allow":["GET"]}}],"collection":[{"href":"https:\/\/retco.com.co\/pitalito\/wp-json\/wp\/v2\/pages"}],"about":[{"href":"https:\/\/retco.com.co\/pitalito\/wp-json\/wp\/v2\/types\/page"}],"author":[{"embeddable":true,"href":"https:\/\/retco.com.co\/pitalito\/wp-json\/wp\/v2\/users\/16"}],"replies":[{"embeddable":true,"href":"https:\/\/retco.com.co\/pitalito\/wp-json\/wp\/v2\/comments?post=1100"}],"version-history":[{"count":9,"href":"https:\/\/retco.com.co\/pitalito\/wp-json\/wp\/v2\/pages\/1100\/revisions"}],"predecessor-version":[{"id":1251,"href":"https:\/\/retco.com.co\/pitalito\/wp-json\/wp\/v2\/pages\/1100\/revisions\/1251"}],"wp:attachment":[{"href":"https:\/\/retco.com.co\/pitalito\/wp-json\/wp\/v2\/media?parent=1100"}],"curies":[{"name":"wp","href":"https:\/\/api.w.org\/{rel}","templated":true}]}}