{"id":9,"date":"2025-11-14T17:55:56","date_gmt":"2025-11-14T22:55:56","guid":{"rendered":"https:\/\/retco.com.co\/pamplona\/home\/"},"modified":"2025-11-26T22:15:54","modified_gmt":"2025-11-27T03:15:54","slug":"home","status":"publish","type":"page","link":"https:\/\/retco.com.co\/pamplona\/","title":{"rendered":"Inicio"},"content":{"rendered":"\n<div class=\"wp-block-uagb-container uagb-block-3a07fb41 alignfull uagb-is-root-container\"><div class=\"uagb-container-inner-blocks-wrap\">\n<div class=\"wp-block-uagb-info-box uagb-block-78054147 uagb-infobox__content-wrap  uagb-infobox-icon-above-title uagb-infobox-image-valign-top\"><div class=\"uagb-ifb-content\"><div class=\"uagb-ifb-separator\"><\/div><div class=\"uagb-ifb-title-wrap\"><h2 class=\"uagb-ifb-title\">Escuela de Formaci\u00f3n Art\u00edstica y Cultural de Pamplona, Norte de Santander<\/h2><\/div><\/div><\/div>\n<\/div><\/div>\n\n\n\n<div class=\"wp-block-uagb-container uagb-block-076065e8 alignfull uagb-is-root-container\"><div class=\"uagb-container-inner-blocks-wrap\">\n<figure class=\"wp-block-embed is-type-video is-provider-youtube wp-block-embed-youtube wp-embed-aspect-16-9 wp-has-aspect-ratio\"><div class=\"wp-block-embed__wrapper\">\n<iframe loading=\"lazy\" title=\"Escuela de Formaci\u00f3n Art\u00edstica y Cultural de Pamplona (Norte de Santander) - Colombia\" width=\"500\" height=\"281\" src=\"https:\/\/www.youtube.com\/embed\/q0noPGV3N9Y?feature=oembed\" frameborder=\"0\" allow=\"accelerometer; autoplay; clipboard-write; encrypted-media; gyroscope; picture-in-picture; web-share\" referrerpolicy=\"strict-origin-when-cross-origin\" allowfullscreen><\/iframe>\n<\/div><\/figure>\n<\/div><\/div>\n\n\n\n<div class=\"wp-block-uagb-container uagb-block-d315b49f alignfull uagb-is-root-container\"><div class=\"uagb-container-inner-blocks-wrap\">\n<div class=\"wp-block-uagb-advanced-heading uagb-block-67c06a4f\"><h2 class=\"uagb-heading-text\">Qui\u00e9nes somos<\/h2><\/div>\n\n\n\n<div class=\"wp-block-uagb-info-box uagb-block-1b9ee481 uagb-infobox__content-wrap  uagb-infobox-icon-above-title uagb-infobox-image-valign-top\"><div class=\"uagb-ifb-content\"><div class=\"uagb-ifb-title-wrap\"><\/div><div class=\"uagb-ifb-separator\"><\/div><\/div><\/div>\n\n\n\n<div class=\"wp-block-uagb-container uagb-block-ec9fa64b\">\n<div class=\"wp-block-uagb-advanced-heading uagb-block-876cfa84\"><p class=\"uagb-heading-text\">Fundada por Luis Chac\u00f3n Hern\u00e1ndez, jurista, abogado y music\u00f3logo en la vivienda que fue propiedad del expresidente Ram\u00f3n Gonz\u00e1lez Valencia en el a\u00f1o de 1944 con el decreto No 056. De all\u00ed, conocida la casa tambi\u00e9n como Centro Cultural Ram\u00f3n Gonz\u00e1lez Valencia.<br><\/p><\/div>\n\n\n\n<div class=\"wp-block-uagb-advanced-heading uagb-block-6f458ff4\"><p class=\"uagb-heading-text\">Despu\u00e9s de un tiempo, se compr\u00f3 el predio y a partir del a\u00f1o 1963 asume la direcci\u00f3n de la escuela el maestro Maestro Manuel Espinel Calder\u00f3n y en 1970 asume la direcci\u00f3n la Maestra Carmen Chac\u00f3n Hern\u00e1ndez, quien adem\u00e1s ense\u00f1o piano, hasta el a\u00f1o de 1996 aproximadamente. En 1977 dirigi\u00f3 la escuela el maestro Carlos Julio<br>Rey y en 1985 asume la direcci\u00f3n Cruz Delina Jauregui hasta el a\u00f1o 1993.<\/p><\/div>\n<\/div>\n\n\n\n<div class=\"wp-block-uagb-buttons uagb-buttons__outer-wrap uagb-btn__default-btn uagb-btn-tablet__default-btn uagb-btn-mobile__default-btn uagb-block-35118051\"><div class=\"uagb-buttons__wrap uagb-buttons-layout-wrap \">\n<div class=\"wp-block-uagb-buttons-child uagb-buttons__outer-wrap uagb-block-d3d39c07 wp-block-button\"><div class=\"uagb-button__wrapper\"><a class=\"uagb-buttons-repeater wp-block-button__link\" aria-label=\"\" href=\"quienes-somos\" rel=\"follow noopener\" target=\"_self\" role=\"button\"><div class=\"uagb-button__link\">M\u00e1s informaci\u00f3n<\/div><span class=\"uagb-button__icon uagb-button__icon-position-after\"><svg xmlns=\"https:\/\/www.w3.org\/2000\/svg\" viewBox=\"0 0 512 512\" aria-hidden=\"true\" focussable=\"false\"><path d=\"M502.6 278.6l-128 128c-12.51 12.51-32.76 12.49-45.25 0c-12.5-12.5-12.5-32.75 0-45.25L402.8 288H32C14.31 288 0 273.7 0 255.1S14.31 224 32 224h370.8l-73.38-73.38c-12.5-12.5-12.5-32.75 0-45.25s32.75-12.5 45.25 0l128 128C515.1 245.9 515.1 266.1 502.6 278.6z\"><\/path><\/svg><\/span><\/a><\/div><\/div>\n<\/div><\/div>\n<\/div><\/div>\n\n\n\n<div id=\"galeria\" class=\"wp-block-uagb-container uagb-block-oo4vx3kj alignfull uagb-is-root-container\"><div class=\"uagb-container-inner-blocks-wrap\">\n<div id=\"galeria\" class=\"wp-block-uagb-container uagb-block-viiovajp\">\n<div class=\"wp-block-uagb-info-box uagb-block-iky2plfs uagb-infobox__content-wrap  uagb-infobox-icon-above-title uagb-infobox-image-valign-top\"><div class=\"uagb-ifb-content\"><div class=\"uagb-ifb-title-wrap\"><h2 class=\"uagb-ifb-title\">Galer\u00eda<\/h2><\/div><\/div><\/div>\n\n\n\n<div class=\"wp-block-uagb-info-box uagb-block-uyiuyubf uagb-infobox__content-wrap  uagb-infobox-icon-above-title uagb-infobox-image-valign-top\"><div class=\"uagb-ifb-content\"><div class=\"uagb-ifb-title-wrap\"><\/div><\/div><\/div>\n<\/div>\n\n\n\n<div class=\"wp-block-uagb-container uagb-block-1nqjrfpb\">\n<div class=\"wp-block-uagb-container uagb-block-lqsehfaj\">\n<div class=\"wp-block-uagb-image alignleft uagb-block-1j4d2kub wp-block-uagb-image--layout-default wp-block-uagb-image--effect-static wp-block-uagb-image--align-left\"><figure class=\"wp-block-uagb-image__figure\"><img decoding=\"async\" srcset=\"https:\/\/retco.com.co\/pamplona\/wp-content\/uploads\/sites\/20\/2025\/11\/IMG_20250620_191846-1024x768.jpg ,https:\/\/retco.com.co\/pamplona\/wp-content\/uploads\/sites\/20\/2025\/11\/IMG_20250620_191846-scaled.jpg 780w, https:\/\/retco.com.co\/pamplona\/wp-content\/uploads\/sites\/20\/2025\/11\/IMG_20250620_191846-scaled.jpg 360w\" sizes=\"auto, (max-width: 480px) 150px\" src=\"https:\/\/retco.com.co\/pamplona\/wp-content\/uploads\/sites\/20\/2025\/11\/IMG_20250620_191846-1024x768.jpg\" alt=\"img 20250620 191846\" class=\"uag-image-919\" width=\"384\" height=\"384\" title=\"img 20250620 191846\" loading=\"lazy\" role=\"img\"\/><\/figure><\/div>\n\n\n\n<div class=\"wp-block-uagb-image alignleft uagb-block-ux4ngpl6 wp-block-uagb-image--layout-default wp-block-uagb-image--effect-static wp-block-uagb-image--align-left\"><figure class=\"wp-block-uagb-image__figure\"><img decoding=\"async\" srcset=\"https:\/\/retco.com.co\/pamplona\/wp-content\/uploads\/sites\/20\/2025\/11\/IMG_20250629_155353-1024x768.jpg ,https:\/\/retco.com.co\/pamplona\/wp-content\/uploads\/sites\/20\/2025\/11\/IMG_20250629_155353.jpg 780w, https:\/\/retco.com.co\/pamplona\/wp-content\/uploads\/sites\/20\/2025\/11\/IMG_20250629_155353.jpg 360w\" sizes=\"auto, (max-width: 480px) 150px\" src=\"https:\/\/retco.com.co\/pamplona\/wp-content\/uploads\/sites\/20\/2025\/11\/IMG_20250629_155353-1024x768.jpg\" alt=\"img 20250629 155353\" class=\"uag-image-921\" width=\"384\" height=\"512\" title=\"img 20250629 155353\" loading=\"lazy\" role=\"img\"\/><\/figure><\/div>\n<\/div>\n\n\n\n<div class=\"wp-block-uagb-container uagb-block-rblyar2i\">\n<div class=\"wp-block-uagb-image alignleft uagb-block-t05ywtqp wp-block-uagb-image--layout-default wp-block-uagb-image--effect-static wp-block-uagb-image--align-left\"><figure class=\"wp-block-uagb-image__figure\"><img decoding=\"async\" srcset=\"https:\/\/retco.com.co\/pamplona\/wp-content\/uploads\/sites\/20\/2025\/11\/IMG_20250904_155253-1024x768.jpg ,https:\/\/retco.com.co\/pamplona\/wp-content\/uploads\/sites\/20\/2025\/11\/IMG_20250904_155253-scaled.jpg 780w, https:\/\/retco.com.co\/pamplona\/wp-content\/uploads\/sites\/20\/2025\/11\/IMG_20250904_155253-scaled.jpg 360w\" sizes=\"auto, (max-width: 480px) 150px\" src=\"https:\/\/retco.com.co\/pamplona\/wp-content\/uploads\/sites\/20\/2025\/11\/IMG_20250904_155253-1024x768.jpg\" alt=\"img 20250904 155253\" class=\"uag-image-926\" width=\"384\" height=\"308\" title=\"img 20250904 155253\" loading=\"lazy\" role=\"img\"\/><\/figure><\/div>\n\n\n\n<div class=\"wp-block-uagb-image alignleft uagb-block-3pxnewen wp-block-uagb-image--layout-default wp-block-uagb-image--effect-static wp-block-uagb-image--align-left\"><figure class=\"wp-block-uagb-image__figure\"><img decoding=\"async\" srcset=\"https:\/\/retco.com.co\/pamplona\/wp-content\/uploads\/sites\/20\/2025\/11\/IMG_20250827_163024-1-1024x768.jpg ,https:\/\/retco.com.co\/pamplona\/wp-content\/uploads\/sites\/20\/2025\/11\/IMG_20250827_163024-1-scaled.jpg 780w, https:\/\/retco.com.co\/pamplona\/wp-content\/uploads\/sites\/20\/2025\/11\/IMG_20250827_163024-1-scaled.jpg 360w\" sizes=\"auto, (max-width: 480px) 150px\" src=\"https:\/\/retco.com.co\/pamplona\/wp-content\/uploads\/sites\/20\/2025\/11\/IMG_20250827_163024-1-1024x768.jpg\" alt=\"img 20250827 163024\" class=\"uag-image-924\" width=\"384\" height=\"384\" title=\"img 20250827 163024\" loading=\"lazy\" role=\"img\"\/><\/figure><\/div>\n\n\n\n<div class=\"wp-block-uagb-image alignleft uagb-block-lujjt1fb wp-block-uagb-image--layout-default wp-block-uagb-image--effect-static wp-block-uagb-image--align-left\"><figure class=\"wp-block-uagb-image__figure\"><img decoding=\"async\" srcset=\"https:\/\/retco.com.co\/pamplona\/wp-content\/uploads\/sites\/20\/2025\/11\/IMG_20250704_102751-1024x768.jpg ,https:\/\/retco.com.co\/pamplona\/wp-content\/uploads\/sites\/20\/2025\/11\/IMG_20250704_102751-scaled.jpg 780w, https:\/\/retco.com.co\/pamplona\/wp-content\/uploads\/sites\/20\/2025\/11\/IMG_20250704_102751-scaled.jpg 360w\" sizes=\"auto, (max-width: 480px) 150px\" src=\"https:\/\/retco.com.co\/pamplona\/wp-content\/uploads\/sites\/20\/2025\/11\/IMG_20250704_102751-1024x768.jpg\" alt=\"img 20250704 102751\" class=\"uag-image-922\" width=\"384\" height=\"288\" title=\"img 20250704 102751\" loading=\"lazy\" role=\"img\"\/><\/figure><\/div>\n<\/div>\n\n\n\n<div class=\"wp-block-uagb-container uagb-block-zz85krxv\">\n<div class=\"wp-block-uagb-image alignleft uagb-block-jqibxtax wp-block-uagb-image--layout-default wp-block-uagb-image--effect-static wp-block-uagb-image--align-left\"><figure class=\"wp-block-uagb-image__figure\"><img decoding=\"async\" srcset=\"https:\/\/retco.com.co\/pamplona\/wp-content\/uploads\/sites\/20\/2025\/11\/IMG_20250629_152405-1024x768.jpg ,https:\/\/retco.com.co\/pamplona\/wp-content\/uploads\/sites\/20\/2025\/11\/IMG_20250629_152405-scaled.jpg 780w, https:\/\/retco.com.co\/pamplona\/wp-content\/uploads\/sites\/20\/2025\/11\/IMG_20250629_152405-scaled.jpg 360w\" sizes=\"auto, (max-width: 480px) 150px\" src=\"https:\/\/retco.com.co\/pamplona\/wp-content\/uploads\/sites\/20\/2025\/11\/IMG_20250629_152405-1024x768.jpg\" alt=\"img 20250629 152405\" class=\"uag-image-920\" width=\"384\" height=\"481\" title=\"img 20250629 152405\" loading=\"lazy\" role=\"img\"\/><\/figure><\/div>\n\n\n\n<div class=\"wp-block-uagb-image uagb-block-toyp6gaq wp-block-uagb-image--layout-default wp-block-uagb-image--effect-static wp-block-uagb-image--align-none\"><figure class=\"wp-block-uagb-image__figure\"><img decoding=\"async\" srcset=\"https:\/\/retco.com.co\/pamplona\/wp-content\/uploads\/sites\/20\/2025\/11\/IMG_20250704_102912-1-768x1024.jpg ,https:\/\/retco.com.co\/pamplona\/wp-content\/uploads\/sites\/20\/2025\/11\/IMG_20250704_102912-1-scaled.jpg 780w, https:\/\/retco.com.co\/pamplona\/wp-content\/uploads\/sites\/20\/2025\/11\/IMG_20250704_102912-1-scaled.jpg 360w\" sizes=\"auto, (max-width: 480px) 150px\" src=\"https:\/\/retco.com.co\/pamplona\/wp-content\/uploads\/sites\/20\/2025\/11\/IMG_20250704_102912-1-768x1024.jpg\" alt=\"img 20250704 102912\" class=\"uag-image-923\" width=\"384\" height=\"384\" title=\"img 20250704 102912\" loading=\"lazy\" role=\"img\"\/><\/figure><\/div>\n<\/div>\n<\/div>\n<\/div><\/div>\n","protected":false},"excerpt":{"rendered":"<p>Qui\u00e9nes somos Fundada por Luis Chac\u00f3n Hern\u00e1ndez, jurista, abogado y music\u00f3logo en la vivienda que fue propiedad del expresidente Ram\u00f3n Gonz\u00e1lez Valencia en el a\u00f1o de 1944 con el decreto No 056. De all\u00ed, conocida la casa tambi\u00e9n como Centro Cultural Ram\u00f3n Gonz\u00e1lez Valencia. Despu\u00e9s de un tiempo, se compr\u00f3 el predio y a partir [&hellip;]<\/p>\n","protected":false},"author":1,"featured_media":0,"parent":0,"menu_order":0,"comment_status":"closed","ping_status":"closed","template":"","meta":{"_uag_custom_page_level_css":"","site-sidebar-layout":"no-sidebar","site-content-layout":"plain-container","ast-site-content-layout":"normal-width-container","site-content-style":"unboxed","site-sidebar-style":"unboxed","ast-global-header-display":"","ast-banner-title-visibility":"","ast-main-header-display":"","ast-hfb-above-header-display":"","ast-hfb-below-header-display":"","ast-hfb-mobile-header-display":"","site-post-title":"disabled","ast-breadcrumbs-content":"","ast-featured-img":"disabled","footer-sml-layout":"","theme-transparent-header-meta":"default","adv-header-id-meta":"","stick-header-meta":"","header-above-stick-meta":"","header-main-stick-meta":"","header-below-stick-meta":"","astra-migrate-meta-layouts":"set","ast-page-background-enabled":"default","ast-page-background-meta":{"desktop":{"background-color":"var(--ast-global-color-4)","background-image":"","background-repeat":"repeat","background-position":"center center","background-size":"auto","background-attachment":"scroll","background-type":"","background-media":"","overlay-type":"","overlay-color":"","overlay-opacity":"","overlay-gradient":""},"tablet":{"background-color":"","background-image":"","background-repeat":"repeat","background-position":"center center","background-size":"auto","background-attachment":"scroll","background-type":"","background-media":"","overlay-type":"","overlay-color":"","overlay-opacity":"","overlay-gradient":""},"mobile":{"background-color":"","background-image":"","background-repeat":"repeat","background-position":"center center","background-size":"auto","background-attachment":"scroll","background-type":"","background-media":"","overlay-type":"","overlay-color":"","overlay-opacity":"","overlay-gradient":""}},"ast-content-background-meta":{"desktop":{"background-color":"var(--ast-global-color-5)","background-image":"","background-repeat":"repeat","background-position":"center center","background-size":"auto","background-attachment":"scroll","background-type":"","background-media":"","overlay-type":"","overlay-color":"","overlay-opacity":"","overlay-gradient":""},"tablet":{"background-color":"var(--ast-global-color-5)","background-image":"","background-repeat":"repeat","background-position":"center center","background-size":"auto","background-attachment":"scroll","background-type":"","background-media":"","overlay-type":"","overlay-color":"","overlay-opacity":"","overlay-gradient":""},"mobile":{"background-color":"var(--ast-global-color-5)","background-image":"","background-repeat":"repeat","background-position":"center center","background-size":"auto","background-attachment":"scroll","background-type":"","background-media":"","overlay-type":"","overlay-color":"","overlay-opacity":"","overlay-gradient":""}},"footnotes":""},"class_list":["post-9","page","type-page","status-publish","hentry"],"aioseo_notices":[],"_hostinger_reach_plugin_has_subscription_block":false,"_hostinger_reach_plugin_is_elementor":false,"uagb_featured_image_src":{"full":false,"thumbnail":false,"medium":false,"medium_large":false,"large":false,"1536x1536":false,"2048x2048":false},"uagb_author_info":{"display_name":"retco.org@gmail.com","author_link":"https:\/\/retco.com.co\/pamplona\/author\/retco-orggmail-com\/"},"uagb_comment_info":0,"uagb_excerpt":"Qui\u00e9nes somos Fundada por Luis Chac\u00f3n Hern\u00e1ndez, jurista, abogado y music\u00f3logo en la vivienda que fue propiedad del expresidente Ram\u00f3n Gonz\u00e1lez Valencia en el a\u00f1o de 1944 con el decreto No 056. De all\u00ed, conocida la casa tambi\u00e9n como Centro Cultural Ram\u00f3n Gonz\u00e1lez Valencia. Despu\u00e9s de un tiempo, se compr\u00f3 el predio y a partir&hellip;","_links":{"self":[{"href":"https:\/\/retco.com.co\/pamplona\/wp-json\/wp\/v2\/pages\/9","targetHints":{"allow":["GET"]}}],"collection":[{"href":"https:\/\/retco.com.co\/pamplona\/wp-json\/wp\/v2\/pages"}],"about":[{"href":"https:\/\/retco.com.co\/pamplona\/wp-json\/wp\/v2\/types\/page"}],"author":[{"embeddable":true,"href":"https:\/\/retco.com.co\/pamplona\/wp-json\/wp\/v2\/users\/1"}],"replies":[{"embeddable":true,"href":"https:\/\/retco.com.co\/pamplona\/wp-json\/wp\/v2\/comments?post=9"}],"version-history":[{"count":19,"href":"https:\/\/retco.com.co\/pamplona\/wp-json\/wp\/v2\/pages\/9\/revisions"}],"predecessor-version":[{"id":929,"href":"https:\/\/retco.com.co\/pamplona\/wp-json\/wp\/v2\/pages\/9\/revisions\/929"}],"wp:attachment":[{"href":"https:\/\/retco.com.co\/pamplona\/wp-json\/wp\/v2\/media?parent=9"}],"curies":[{"name":"wp","href":"https:\/\/api.w.org\/{rel}","templated":true}]}}