{"id":29,"date":"2025-10-03T17:46:11","date_gmt":"2025-10-03T22:46:11","guid":{"rendered":"https:\/\/retco.com.co\/ciudadbolivar\/about-us\/"},"modified":"2026-04-07T10:24:43","modified_gmt":"2026-04-07T15:24:43","slug":"quienes-somos","status":"publish","type":"page","link":"https:\/\/retco.com.co\/ciudadbolivar\/quienes-somos\/","title":{"rendered":"\u00bfQui\u00e9nes somos?"},"content":{"rendered":"\n<div class=\"wp-block-uagb-container uagb-block-ro7qagx9 alignfull uagb-is-root-container\"><div class=\"uagb-container-inner-blocks-wrap\">\n<div class=\"wp-block-uagb-container uagb-block-3sjcely7 alignfull uagb-is-root-container\"><div class=\"uagb-container-inner-blocks-wrap\">\n<div class=\"wp-block-uagb-info-box uagb-block-sdpqhanq uagb-infobox__content-wrap  uagb-infobox-icon-above-title uagb-infobox-image-valign-top\"><div class=\"uagb-ifb-content\"><div class=\"uagb-ifb-title-wrap\"><h2 class=\"uagb-ifb-title\">Rese\u00f1a<\/h2><\/div><p class=\"uagb-ifb-desc\"><strong>La Escuela de M\u00fasica del municipio de Ciudad Bol\u00edvar, Antioquia \u2013 Colombia, fue fundada en el a\u00f1o de 1987 por el maestro Carlos Fernando L\u00f3pez Naranjo, de la mano con el Plan Departamental de Bandas de M\u00fasica de Antioquia.<br><br>Tiene una trayectoria institucional de treinta y ocho (38) a\u00f1os siendo propiciadora de espacios comunitarios, educativos, creativos y recreativos, con un gran impacto en el desarrollo sociocultural del municipio, siendo los beneficiarios de este programa ni\u00f1os, j\u00f3venes y la comunidad en general, quienes participan de las diferentes pr\u00e1cticas musicales promoviendo as\u00ed el desarrollo cultural y art\u00edstico del territorio.<br><br>Desde 1994 La Escuela de M\u00fasica se constituye en Corporaci\u00f3n sin \u00e1nimo de lucro con Personer\u00eda Jur\u00eddica otorgada por la Gobernaci\u00f3n de Antioquia, con el prop\u00f3sito de promover y proyectar la formaci\u00f3n m\u00fasico-cultural en nuestro municipio.<br><\/strong><\/p><\/div><\/div>\n\n\n\n<div class=\"wp-block-uagb-image alignleft uagb-block-zhs6cyns wp-block-uagb-image--layout-default wp-block-uagb-image--effect-static wp-block-uagb-image--align-left\"><figure class=\"wp-block-uagb-image__figure\"><img decoding=\"async\" srcset=\"https:\/\/retco.com.co\/ciudadbolivar\/wp-content\/uploads\/sites\/8\/2025\/10\/WhatsApp-Image-2025-10-07-at-4.47.31-PM-2-1024x579.jpeg ,https:\/\/retco.com.co\/ciudadbolivar\/wp-content\/uploads\/sites\/8\/2025\/10\/WhatsApp-Image-2025-10-07-at-4.47.31-PM-2.jpeg 780w, https:\/\/retco.com.co\/ciudadbolivar\/wp-content\/uploads\/sites\/8\/2025\/10\/WhatsApp-Image-2025-10-07-at-4.47.31-PM-2.jpeg 360w\" sizes=\"auto, (max-width: 480px) 150px\" src=\"https:\/\/retco.com.co\/ciudadbolivar\/wp-content\/uploads\/sites\/8\/2025\/10\/WhatsApp-Image-2025-10-07-at-4.47.31-PM-2-1024x579.jpeg\" alt=\"whatsapp image 2025 10 07 at 4.47.31 pm (2)\" class=\"uag-image-960\" width=\"564\" height=\"450\" title=\"whatsapp image 2025 10 07 at 4.47.31 pm (2)\" loading=\"lazy\" role=\"img\" \/><\/figure><\/div>\n<\/div><\/div>\n\n\n\n<div class=\"wp-block-uagb-container uagb-block-tvvuta9v\">\n<div class=\"wp-block-uagb-container uagb-block-qxt6ntrk alignfull uagb-is-root-container\"><div class=\"uagb-container-inner-blocks-wrap\">\n<div class=\"wp-block-uagb-container uagb-block-64kqzhi5\">\n<div class=\"wp-block-uagb-image alignleft uagb-block-h9gaci3y wp-block-uagb-image--layout-default wp-block-uagb-image--effect-static wp-block-uagb-image--align-left\"><figure class=\"wp-block-uagb-image__figure\"><img decoding=\"async\" srcset=\"https:\/\/retco.com.co\/ciudadbolivar\/wp-content\/uploads\/sites\/8\/2025\/10\/WhatsApp-Image-2025-10-07-at-4.47.33-PM-1024x472.jpeg ,https:\/\/retco.com.co\/ciudadbolivar\/wp-content\/uploads\/sites\/8\/2025\/10\/WhatsApp-Image-2025-10-07-at-4.47.33-PM.jpeg 780w, https:\/\/retco.com.co\/ciudadbolivar\/wp-content\/uploads\/sites\/8\/2025\/10\/WhatsApp-Image-2025-10-07-at-4.47.33-PM.jpeg 360w\" sizes=\"auto, (max-width: 480px) 150px\" src=\"https:\/\/retco.com.co\/ciudadbolivar\/wp-content\/uploads\/sites\/8\/2025\/10\/WhatsApp-Image-2025-10-07-at-4.47.33-PM-1024x472.jpeg\" alt=\"whatsapp image 2025 10 07 at 4.47.33 pm\" class=\"uag-image-964\" width=\"464\" height=\"360\" title=\"whatsapp image 2025 10 07 at 4.47.33 pm\" loading=\"lazy\" role=\"img\" \/><\/figure><\/div>\n<\/div>\n\n\n\n<div class=\"wp-block-uagb-container uagb-block-izyfsla9\">\n<div class=\"wp-block-uagb-info-box uagb-block-cscuvr4z uagb-infobox__content-wrap  uagb-infobox-icon-above-title uagb-infobox-image-valign-top\"><div class=\"uagb-ifb-content\"><div class=\"uagb-ifb-title-wrap\"><\/div><p class=\"uagb-ifb-desc\"><strong>La Corporaci\u00f3n atiende una poblaci\u00f3n promedio de 500 estudiantes por a\u00f1o en sus diferentes programas: Semilleros de fundamentaci\u00f3n musical, banda de m\u00fasica, coro, grupos de c\u00e1mara, m\u00fasicas andinas y populares, cuerdas pulsadas, cuerdas frotadas y teclado; adem\u00e1s con una proyecci\u00f3n descentralizada en tres (3) Instituciones Educativas Urbanas y cuatro (4) Instituciones Educativas Rurales.<\/strong><br><strong><br>La Escuela de M\u00fasica tiene una permanente presencia en la vida c\u00edvica, social, cultural y religiosa del municipio, donde se han institucionalizado con la banda de m\u00fasica, las retretas mensuales, los conciertos de Semana Santa y Navidad, y constituy\u00e9ndose en Patrimonio Cultural por excelencia de la comunidad, seg\u00fan acuerdo municipal 001 del 26 de febrero de 2012. Adem\u00e1s, ganadora del Premio Nacional de Escuelas de M\u00fasica del Ministerio de Cultura, seg\u00fan resoluci\u00f3n 1800 del 15 de agosto de 2012.<\/strong><br><strong><br>La Corporaci\u00f3n Escuela de M\u00fasica en su nueva sede tiene como visi\u00f3n desarrollar el \u201cParque Cultural, Ambiental y Tur\u00edstico\u201d, para la subregi\u00f3n del suroeste antioque\u00f1o, con el fin de aportar a alternativas para el desarrollo social, econ\u00f3mico, tur\u00edstico y cultural, permitiendo potenciar y proyectar todas las actividades y manifestaciones art\u00edstico-culturales que se desarrollan en el municipio para que el eslogan \u201cM\u00fasica para la Vida\u201d siga siendo la alternativa de construcci\u00f3n de tejido social y de paz<\/strong><\/p><\/div><\/div>\n<\/div>\n<\/div><\/div>\n\n\n\n<div class=\"wp-block-uagb-container uagb-block-1dbwp5t3\">\n<div class=\"wp-block-uagb-container uagb-block-1phmgrag\">\n<div class=\"wp-block-uagb-advanced-heading uagb-block-wjr9mbwh\"><h3 class=\"uagb-heading-text\">Misi\u00f3n<\/h3><\/div>\n<\/div>\n\n\n\n<div class=\"wp-block-uagb-container uagb-block-lzedhwlb\">\n<div class=\"wp-block-uagb-advanced-heading uagb-block-5433fmq9\"><h5 class=\"uagb-heading-text\"><strong>Somos una Corporaci\u00f3n que forma, innova y emprende a trav\u00e9s del arte.<\/strong><\/h5><\/div>\n<\/div>\n<\/div>\n\n\n\n<div class=\"wp-block-uagb-container uagb-block-fb422beb\">\n<div class=\"wp-block-uagb-container uagb-block-5f62d24c\">\n<div class=\"wp-block-uagb-advanced-heading uagb-block-1af9ce6b\"><h3 class=\"uagb-heading-text\">Visi\u00f3n<\/h3><\/div>\n<\/div>\n\n\n\n<div class=\"wp-block-uagb-container uagb-block-eb60f3ac\">\n<div class=\"wp-block-uagb-advanced-heading uagb-block-90a5d9fe\"><h5 class=\"uagb-heading-text\"><strong>Ser en el 2030 una Corporaci\u00f3n l\u00edder por su desarrollo cultural, ambiental, social y econ\u00f3mico en la subregi\u00f3n del suroeste de Antioquia<\/strong><\/h5><\/div>\n<\/div>\n<\/div>\n\n\n\n<div class=\"wp-block-uagb-container uagb-block-epxdpryc\">\n<div class=\"wp-block-uagb-container uagb-block-1qfzkknv\">\n<div class=\"wp-block-uagb-advanced-heading uagb-block-4y568wh6\"><h3 class=\"uagb-heading-text\">Objeto Social<\/h3><\/div>\n<\/div>\n\n\n\n<div class=\"wp-block-uagb-container uagb-block-y7rjwkds\">\n<div class=\"wp-block-uagb-advanced-heading uagb-block-fqvly2qw\"><h5 class=\"uagb-heading-text\"><strong>La promoci\u00f3n y apoyo a las manifestaciones musicales y art\u00edsticas de cualquier \u00edndole, asesor\u00edas musicales y de cualquier otra naturaleza af\u00edn con el arte, la cultura, el medio ambiente y el turismo, as\u00ed como la organizaci\u00f3n, producci\u00f3n y desarrollo de eventos culturales, acad\u00e9micos o pedag\u00f3gicos que se lleven a cabo en el \u00e1mbito municipal, departamental, nacional y\/o internacional, orientadas por la Corporaci\u00f3n.<\/strong><\/h5><\/div>\n<\/div>\n<\/div>\n<\/div>\n<\/div><\/div>\n\n\n\n<p><\/p>\n","protected":false},"excerpt":{"rendered":"<p>Misi\u00f3n Somos una Corporaci\u00f3n que forma, innova y emprende a trav\u00e9s del arte. Visi\u00f3n Ser en el 2030 una Corporaci\u00f3n l\u00edder por su desarrollo cultural, ambiental, social y econ\u00f3mico en la subregi\u00f3n del suroeste de Antioquia Objeto Social La promoci\u00f3n y apoyo a las manifestaciones musicales y art\u00edsticas de cualquier \u00edndole, asesor\u00edas musicales y de [&hellip;]<\/p>\n","protected":false},"author":1,"featured_media":0,"parent":0,"menu_order":0,"comment_status":"closed","ping_status":"closed","template":"","meta":{"_uag_custom_page_level_css":"","site-sidebar-layout":"default","site-content-layout":"","ast-site-content-layout":"default","site-content-style":"default","site-sidebar-style":"default","ast-global-header-display":"","ast-banner-title-visibility":"","ast-main-header-display":"","ast-hfb-above-header-display":"","ast-hfb-below-header-display":"","ast-hfb-mobile-header-display":"","site-post-title":"disabled","ast-breadcrumbs-content":"","ast-featured-img":"","footer-sml-layout":"","theme-transparent-header-meta":"","adv-header-id-meta":"","stick-header-meta":"","header-above-stick-meta":"","header-main-stick-meta":"","header-below-stick-meta":"","astra-migrate-meta-layouts":"set","ast-page-background-enabled":"default","ast-page-background-meta":{"desktop":{"background-color":"var(--ast-global-color-4)","background-image":"","background-repeat":"repeat","background-position":"center center","background-size":"auto","background-attachment":"scroll","background-type":"","background-media":"","overlay-type":"","overlay-color":"","overlay-opacity":"","overlay-gradient":""},"tablet":{"background-color":"","background-image":"","background-repeat":"repeat","background-position":"center center","background-size":"auto","background-attachment":"scroll","background-type":"","background-media":"","overlay-type":"","overlay-color":"","overlay-opacity":"","overlay-gradient":""},"mobile":{"background-color":"","background-image":"","background-repeat":"repeat","background-position":"center center","background-size":"auto","background-attachment":"scroll","background-type":"","background-media":"","overlay-type":"","overlay-color":"","overlay-opacity":"","overlay-gradient":""}},"ast-content-background-meta":{"desktop":{"background-color":"var(--ast-global-color-5)","background-image":"","background-repeat":"repeat","background-position":"center center","background-size":"auto","background-attachment":"scroll","background-type":"","background-media":"","overlay-type":"","overlay-color":"","overlay-opacity":"","overlay-gradient":""},"tablet":{"background-color":"var(--ast-global-color-5)","background-image":"","background-repeat":"repeat","background-position":"center center","background-size":"auto","background-attachment":"scroll","background-type":"","background-media":"","overlay-type":"","overlay-color":"","overlay-opacity":"","overlay-gradient":""},"mobile":{"background-color":"var(--ast-global-color-5)","background-image":"","background-repeat":"repeat","background-position":"center center","background-size":"auto","background-attachment":"scroll","background-type":"","background-media":"","overlay-type":"","overlay-color":"","overlay-opacity":"","overlay-gradient":""}},"footnotes":""},"class_list":["post-29","page","type-page","status-publish","hentry"],"aioseo_notices":[],"_hostinger_reach_plugin_has_subscription_block":false,"_hostinger_reach_plugin_is_elementor":false,"uagb_featured_image_src":{"full":false,"thumbnail":false,"medium":false,"medium_large":false,"large":false,"1536x1536":false,"2048x2048":false},"uagb_author_info":{"display_name":"retco.org@gmail.com","author_link":"https:\/\/retco.com.co\/ciudadbolivar\/author\/retco-orggmail-com\/"},"uagb_comment_info":0,"uagb_excerpt":"Misi\u00f3n Somos una Corporaci\u00f3n que forma, innova y emprende a trav\u00e9s del arte. Visi\u00f3n Ser en el 2030 una Corporaci\u00f3n l\u00edder por su desarrollo cultural, ambiental, social y econ\u00f3mico en la subregi\u00f3n del suroeste de Antioquia Objeto Social La promoci\u00f3n y apoyo a las manifestaciones musicales y art\u00edsticas de cualquier \u00edndole, asesor\u00edas musicales y de&hellip;","_links":{"self":[{"href":"https:\/\/retco.com.co\/ciudadbolivar\/wp-json\/wp\/v2\/pages\/29","targetHints":{"allow":["GET"]}}],"collection":[{"href":"https:\/\/retco.com.co\/ciudadbolivar\/wp-json\/wp\/v2\/pages"}],"about":[{"href":"https:\/\/retco.com.co\/ciudadbolivar\/wp-json\/wp\/v2\/types\/page"}],"author":[{"embeddable":true,"href":"https:\/\/retco.com.co\/ciudadbolivar\/wp-json\/wp\/v2\/users\/1"}],"replies":[{"embeddable":true,"href":"https:\/\/retco.com.co\/ciudadbolivar\/wp-json\/wp\/v2\/comments?post=29"}],"version-history":[{"count":16,"href":"https:\/\/retco.com.co\/ciudadbolivar\/wp-json\/wp\/v2\/pages\/29\/revisions"}],"predecessor-version":[{"id":1479,"href":"https:\/\/retco.com.co\/ciudadbolivar\/wp-json\/wp\/v2\/pages\/29\/revisions\/1479"}],"wp:attachment":[{"href":"https:\/\/retco.com.co\/ciudadbolivar\/wp-json\/wp\/v2\/media?parent=29"}],"curies":[{"name":"wp","href":"https:\/\/api.w.org\/{rel}","templated":true}]}}