{"id":1653,"date":"2026-04-17T15:22:37","date_gmt":"2026-04-17T20:22:37","guid":{"rendered":"https:\/\/retco.com.co\/ciudadbolivar\/?page_id=1653"},"modified":"2026-04-17T16:27:51","modified_gmt":"2026-04-17T21:27:51","slug":"piano","status":"publish","type":"page","link":"https:\/\/retco.com.co\/ciudadbolivar\/piano\/","title":{"rendered":"piano"},"content":{"rendered":"\n<div data-aos= \"zoom-in\" data-aos-duration=\"400\" data-aos-delay=\"0\" data-aos-easing=\"ease\" data-aos-once=\"true\" class=\"wp-block-uagb-container uagb-block-2ovlsx4u alignfull uagb-is-root-container\"><div class=\"uagb-container-inner-blocks-wrap\">\n<div class=\"wp-block-uagb-info-box uagb-block-o9c974e0 uagb-infobox__content-wrap  uagb-infobox-icon-above-title uagb-infobox-image-valign-top\"><div class=\"uagb-ifb-content\"><div class=\"uagb-ifb-title-wrap\"><h1 class=\"uagb-ifb-title\">Piano<\/h1><\/div><p class=\"uagb-ifb-desc\"><strong>El piano es uno de los instrumentos musicales m\u00e1s completos y vers\u00e1tiles, capaz de producir melod\u00eda, armon\u00eda y ritmo al mismo tiempo. Su sonido se genera al presionar las teclas, que activan martillos internos que golpean las cuerdas, creando una amplia gama de matices sonoros.<br>Presente en la m\u00fasica cl\u00e1sica, el jazz, el pop y muchos otros g\u00e9neros, el piano ha sido protagonista en innumerables composiciones a lo largo de la historia. Su capacidad expresiva permite interpretar desde piezas suaves y delicadas hasta obras intensas y llenas de energ\u00eda.<br>El piano no solo es un instrumento, sino una herramienta de expresi\u00f3n art\u00edstica. A trav\u00e9s de la din\u00e1mica, la velocidad y la sensibilidad del int\u00e9rprete, puede transmitir emociones profundas como alegr\u00eda, nostalgia o dramatismo.<br>El piano es m\u00e1s que un instrumento: es un universo musical que combina t\u00e9cnica, emoci\u00f3n y creatividad.<\/strong><br><br>Caracter\u00edsticas del Piano:<br><br><strong>Melod\u00eda, Armon\u00eda y Ritmo<\/strong>: El piano puede interpretar varias l\u00edneas musicales simult\u00e1neamente, permitiendo una ejecuci\u00f3n completa e independiente.<br><strong>Amplia Gama Din\u00e1mica<\/strong>: Permite tocar desde sonidos muy suaves hasta intensos, ofreciendo gran control sobre la expresi\u00f3n musical.<br><strong>T\u00e9cnica y Coordinaci\u00f3n<\/strong>: Requiere independencia entre ambas manos, coordinaci\u00f3n y precisi\u00f3n en la ejecuci\u00f3n.<br><strong>Versatilidad<\/strong>: Se adapta a diversos g\u00e9neros musicales como la m\u00fasica cl\u00e1sica, jazz, pop y contempor\u00e1nea.<br><strong>Expresividad<\/strong>: El int\u00e9rprete puede transmitir emociones a trav\u00e9s del toque, la intensidad y el uso del pedal.<br><strong>Instrumento Arm\u00f3nico<\/strong>: Es ideal para acompa\u00f1amiento y composici\u00f3n, ya que permite construir acordes y estructuras musicales completas.<\/p><\/div><\/div>\n\n\n\n<div class=\"wp-block-uagb-container uagb-block-5w3dvqwk\">\n<div data-aos= \"zoom-in\" data-aos-duration=\"400\" data-aos-delay=\"0\" data-aos-easing=\"ease\" data-aos-once=\"true\" class=\"wp-block-uagb-image alignleft uagb-block-s7znmufp wp-block-uagb-image--layout-default wp-block-uagb-image--effect-static wp-block-uagb-image--align-left\"><figure class=\"wp-block-uagb-image__figure\"><img decoding=\"async\" srcset=\"https:\/\/retco.com.co\/ciudadbolivar\/wp-content\/uploads\/sites\/8\/2026\/04\/20251127_2030031-816x1024.jpg ,https:\/\/retco.com.co\/ciudadbolivar\/wp-content\/uploads\/sites\/8\/2026\/04\/20251127_2030031.jpg 780w, https:\/\/retco.com.co\/ciudadbolivar\/wp-content\/uploads\/sites\/8\/2026\/04\/20251127_2030031.jpg 360w\" sizes=\"auto, (max-width: 480px) 150px\" src=\"https:\/\/retco.com.co\/ciudadbolivar\/wp-content\/uploads\/sites\/8\/2026\/04\/20251127_2030031-816x1024.jpg\" alt=\"20251127 203003[1]\" class=\"uag-image-1662\" width=\"282\" height=\"370\" title=\"20251127 203003[1]\" loading=\"lazy\" role=\"img\" \/><\/figure><\/div>\n\n\n\n<div data-aos= \"zoom-in\" data-aos-duration=\"400\" data-aos-delay=\"0\" data-aos-easing=\"ease\" data-aos-once=\"true\" class=\"wp-block-uagb-image alignleft uagb-block-8b4fdytu wp-block-uagb-image--layout-default wp-block-uagb-image--effect-static wp-block-uagb-image--align-left\"><figure class=\"wp-block-uagb-image__figure\"><img decoding=\"async\" srcset=\"https:\/\/retco.com.co\/ciudadbolivar\/wp-content\/uploads\/sites\/8\/2026\/04\/20260406_1731151-879x1024.jpg ,https:\/\/retco.com.co\/ciudadbolivar\/wp-content\/uploads\/sites\/8\/2026\/04\/20260406_1731151.jpg 780w, https:\/\/retco.com.co\/ciudadbolivar\/wp-content\/uploads\/sites\/8\/2026\/04\/20260406_1731151.jpg 360w\" sizes=\"auto, (max-width: 480px) 150px\" src=\"https:\/\/retco.com.co\/ciudadbolivar\/wp-content\/uploads\/sites\/8\/2026\/04\/20260406_1731151-879x1024.jpg\" alt=\"20260406 173115[1]\" class=\"uag-image-1666\" width=\"282\" height=\"420\" title=\"20260406 173115[1]\" loading=\"lazy\" role=\"img\" \/><\/figure><\/div>\n\n\n\n<div data-aos= \"zoom-in\" data-aos-duration=\"400\" data-aos-delay=\"0\" data-aos-easing=\"ease\" data-aos-once=\"true\" class=\"wp-block-uagb-image alignleft uagb-block-czjvewz7 wp-block-uagb-image--layout-default wp-block-uagb-image--effect-static wp-block-uagb-image--align-left\"><figure class=\"wp-block-uagb-image__figure\"><img decoding=\"async\" srcset=\"https:\/\/retco.com.co\/ciudadbolivar\/wp-content\/uploads\/sites\/8\/2026\/04\/20260219_1413571-987x1024.jpg ,https:\/\/retco.com.co\/ciudadbolivar\/wp-content\/uploads\/sites\/8\/2026\/04\/20260219_1413571.jpg 780w, https:\/\/retco.com.co\/ciudadbolivar\/wp-content\/uploads\/sites\/8\/2026\/04\/20260219_1413571.jpg 360w\" sizes=\"auto, (max-width: 480px) 150px\" src=\"https:\/\/retco.com.co\/ciudadbolivar\/wp-content\/uploads\/sites\/8\/2026\/04\/20260219_1413571-987x1024.jpg\" alt=\"20260219 141357[1]\" class=\"uag-image-1665\" width=\"282\" height=\"370\" title=\"20260219 141357[1]\" loading=\"lazy\" role=\"img\" \/><\/figure><\/div>\n\n\n\n<div data-aos= \"zoom-in\" data-aos-duration=\"400\" data-aos-delay=\"0\" data-aos-easing=\"ease\" data-aos-once=\"true\" class=\"wp-block-uagb-image alignleft uagb-block-q4ppyqay wp-block-uagb-image--layout-default wp-block-uagb-image--effect-static wp-block-uagb-image--align-left\"><figure class=\"wp-block-uagb-image__figure\"><img decoding=\"async\" srcset=\"https:\/\/retco.com.co\/ciudadbolivar\/wp-content\/uploads\/sites\/8\/2026\/04\/20251127_2038091-774x1024.jpg ,https:\/\/retco.com.co\/ciudadbolivar\/wp-content\/uploads\/sites\/8\/2026\/04\/20251127_2038091.jpg 780w, https:\/\/retco.com.co\/ciudadbolivar\/wp-content\/uploads\/sites\/8\/2026\/04\/20251127_2038091.jpg 360w\" sizes=\"auto, (max-width: 480px) 150px\" src=\"https:\/\/retco.com.co\/ciudadbolivar\/wp-content\/uploads\/sites\/8\/2026\/04\/20251127_2038091-774x1024.jpg\" alt=\"20251127 203809[1]\" class=\"uag-image-1667\" width=\"282\" height=\"420\" title=\"20251127 203809[1]\" loading=\"lazy\" role=\"img\" \/><\/figure><\/div>\n<\/div>\n<\/div><\/div>\n\n\n\n<div class=\"wp-block-uagb-container uagb-block-4adf5e92 alignfull uagb-is-root-container\"><div class=\"uagb-container-inner-blocks-wrap\">\n<div data-aos= \"zoom-in\" data-aos-duration=\"400\" data-aos-delay=\"0\" data-aos-easing=\"ease\" data-aos-once=\"true\" class=\"wp-block-uagb-info-box uagb-block-83513266 uagb-infobox__content-wrap  uagb-infobox-icon-above-title uagb-infobox-image-valign-top wp-block-uagb-info-box--has-margin\"><div class=\"uagb-infobox-margin-wrapper\"><div class=\"uagb-ifb-content\"><div class=\"uagb-ifb-title-wrap\"><h3 class=\"uagb-ifb-title\">Edades<\/h3><\/div><\/div><\/div><\/div>\n<\/div><\/div>\n\n\n\n<div class=\"wp-block-uagb-container uagb-block-bn0zczh2 alignfull uagb-is-root-container\"><div class=\"uagb-container-inner-blocks-wrap\">\n<div class=\"wp-block-uagb-container uagb-block-gjpn07fa\">\n<div data-aos= \"zoom-in\" data-aos-duration=\"400\" data-aos-delay=\"0\" data-aos-easing=\"ease\" data-aos-once=\"true\" class=\"wp-block-uagb-container uagb-block-lkbx9x7v\">\n<div class=\"wp-block-uagb-info-box uagb-block-rivyxnki uagb-infobox__content-wrap  uagb-infobox-icon-above-title uagb-infobox-image-valign-top\"><div class=\"uagb-ifb-content\"><div class=\"uagb-ifb-title-wrap\"><h3 class=\"uagb-ifb-title\">Ni\u00f1os<\/h3><\/div><p class=\"uagb-ifb-desc\"><strong>El aprendizaje del piano en ni\u00f1os y adolescentes es un proceso progresivo que combina disciplina, creatividad y motivaci\u00f3n. En esta etapa, los estudiantes desarrollan habilidades musicales fundamentales mientras fortalecen su concentraci\u00f3n, memoria y sensibilidad art\u00edstica.<br>A trav\u00e9s de un enfoque din\u00e1mico y adaptado a cada edad, se busca que el estudiante no solo aprenda a tocar, sino que tambi\u00e9n disfrute la m\u00fasica y construya una conexi\u00f3n personal con el instrumento.<br>Desde los primeros contactos con el teclado hasta la interpretaci\u00f3n de piezas m\u00e1s complejas, el proceso est\u00e1 dise\u00f1ado para fomentar la confianza, la constancia y la expresi\u00f3n individual.<\/strong><br><br>Beneficios del Proceso: <br><br><strong>Desarrollo de la concentraci\u00f3n y la memoria.<br>Mejora de la coordinaci\u00f3n motora.<br>Fomento de la disciplina y la constancia.<br>Est\u00edmulo de la creatividad y la expresi\u00f3n emocional.<br>Construcci\u00f3n de confianza y autoestima<\/strong>.<\/p><\/div><\/div>\n<\/div>\n\n\n\n<div data-aos= \"zoom-in\" data-aos-duration=\"400\" data-aos-delay=\"0\" data-aos-easing=\"ease\" data-aos-once=\"true\" class=\"wp-block-uagb-container uagb-block-tcvnquxu\">\n<div class=\"wp-block-uagb-info-box uagb-block-niuzfigh uagb-infobox__content-wrap  uagb-infobox-icon-above-title uagb-infobox-image-valign-top\"><div class=\"uagb-ifb-content\"><div class=\"uagb-ifb-title-wrap\"><h3 class=\"uagb-ifb-title\">Adultos<\/h3><\/div><p class=\"uagb-ifb-desc\"><strong>El aprendizaje del piano en la etapa adulta es una experiencia enriquecedora que combina desarrollo personal, disciplina y expresi\u00f3n art\u00edstica. A diferencia de otras etapas, los adultos suelen tener objetivos m\u00e1s definidos, lo que permite enfocar el proceso de manera m\u00e1s personalizada y consciente.<br>No es necesario tener conocimientos previos. El proceso est\u00e1 dise\u00f1ado para adaptarse al ritmo de cada persona, respetando su tiempo y potenciando sus habilidades, mientras se construye una conexi\u00f3n significativa con la m\u00fasica.<br>Aprender piano en la adultez no solo implica adquirir una habilidad musical, sino tambi\u00e9n disfrutar del proceso, reducir el estr\u00e9s y descubrir una nueva forma de expresi\u00f3n.<\/strong><br><br>Beneficios del Proceso:<br><br><strong>Reducci\u00f3n del estr\u00e9s y mejora del bienestar.<br>Estimulaci\u00f3n cognitiva y memoria.<br>Desarrollo de la disciplina y constancia.<br>Expresi\u00f3n emocional y creatividad.<br>Satisfacci\u00f3n personal y logro de metas<\/strong>.<\/p><\/div><\/div>\n<\/div>\n<\/div>\n<\/div><\/div>\n\n\n\n<div data-aos= \"zoom-in\" data-aos-duration=\"400\" data-aos-delay=\"0\" data-aos-easing=\"ease\" data-aos-once=\"true\" class=\"wp-block-uagb-container uagb-block-szxhsvmv alignfull uagb-is-root-container\"><div class=\"uagb-container-inner-blocks-wrap\"><\/div><\/div>\n\n\n\n<div class=\"wp-block-uagb-container uagb-block-ubmbfusb alignfull uagb-is-root-container\"><div class=\"uagb-container-inner-blocks-wrap\">\n<div data-aos= \"zoom-in\" data-aos-duration=\"400\" data-aos-delay=\"0\" data-aos-easing=\"ease\" data-aos-once=\"true\" class=\"wp-block-uagb-container uagb-block-ss9llrjd\">\n<div class=\"wp-block-uagb-info-box uagb-block-ey4kovgh uagb-infobox__content-wrap  uagb-infobox-icon-left uagb-infobox-left uagb-infobox-image-valign-top\"><div class=\"uagb-ifb-icon-wrap\"><div class=\"uagb-iconbox-icon-wrap uagb-infobox-shape-circle\"><\/div><\/div><div class=\"uagb-ifb-content\"><div class=\"uagb-ifb-title-wrap\"><h3 class=\"uagb-ifb-title\">10<\/h3><\/div><p class=\"uagb-ifb-desc\">Ni\u00f1os<\/p><\/div><\/div>\n\n\n\n<div class=\"wp-block-uagb-info-box uagb-block-yzypmgak uagb-infobox__content-wrap  uagb-infobox-icon-left uagb-infobox-left uagb-infobox-image-valign-top\"><div class=\"uagb-ifb-icon-wrap\"><div class=\"uagb-iconbox-icon-wrap uagb-infobox-shape-circle\"><\/div><\/div><div class=\"uagb-ifb-content\"><div class=\"uagb-ifb-title-wrap\"><h3 class=\"uagb-ifb-title\">8<\/h3><\/div><p class=\"uagb-ifb-desc\">Adultos<\/p><\/div><\/div>\n\n\n\n<div class=\"wp-block-uagb-info-box uagb-block-oyn0bilr uagb-infobox__content-wrap  uagb-infobox-icon-left uagb-infobox-left uagb-infobox-image-valign-top\"><div class=\"uagb-ifb-icon-wrap\"><div class=\"uagb-iconbox-icon-wrap uagb-infobox-shape-circle\"><\/div><\/div><div class=\"uagb-ifb-content\"><div class=\"uagb-ifb-title-wrap\"><h3 class=\"uagb-ifb-title\">18<\/h3><\/div><p class=\"uagb-ifb-desc\">Total<\/p><\/div><\/div>\n<\/div>\n<\/div><\/div>\n\n\n\n<div data-aos= \"zoom-in\" data-aos-duration=\"400\" data-aos-delay=\"0\" data-aos-easing=\"ease\" data-aos-once=\"true\" class=\"wp-block-uagb-container uagb-block-6ihrzrjl alignfull uagb-is-root-container\"><div class=\"uagb-container-inner-blocks-wrap\">\n<div class=\"wp-block-uagb-info-box uagb-block-l2nomout uagb-infobox__content-wrap  uagb-infobox-icon-above-title uagb-infobox-image-valign-top\"><div class=\"uagb-ifb-content\"><div class=\"uagb-ifb-title-wrap\"><p class=\"uagb-ifb-title-prefix\"><strong><font dir=\"auto\" style=\"vertical-align: inherit\"><font dir=\"auto\" style=\"vertical-align: inherit\">Opiniones de nuestros <\/font><\/font>ALUMNOS<\/strong><\/p><h2 class=\"uagb-ifb-title\">Testimonios<\/h2><\/div><p class=\"uagb-ifb-desc\"><font dir=\"auto\" style=\"vertical-align: inherit\"><font dir=\"auto\" style=\"vertical-align: inherit\">Descubre lo que nuestros estudiantes satisfechos tienen que decir sobre su <\/font><\/font><br><font dir=\"auto\" style=\"vertical-align: inherit\"><font dir=\"auto\" style=\"vertical-align: inherit\">experiencia con <\/font><\/font>la m\u00fasica.<\/p><\/div><\/div>\n\n\n\n<div class=\"wp-block-uagb-container uagb-block-ajiyiho3\">\n<div class=\"wp-block-uagb-container uagb-block-req2r23l\">\n<div class=\"wp-block-uagb-star-rating uagb-block-5al3tk2a\"><div class=\"uag-star-rating\" title=\"5\/5\"><span class=\"uag-star\">\u2605<\/span><span class=\"uag-star\">\u2605<\/span><span class=\"uag-star\">\u2605<\/span><span class=\"uag-star\">\u2605<\/span><span class=\"uag-star\">\u2605<\/span><\/div><\/div>\n\n\n\n<div class=\"wp-block-uagb-info-box uagb-block-91gc8vz0 uagb-infobox__content-wrap  uagb-infobox-icon-above-title uagb-infobox-image-valign-top\"><div class=\"uagb-ifb-content\"><div class=\"uagb-ifb-title-wrap\"><\/div><p class=\"uagb-ifb-desc\">Exceptional service! This company goes above and beyond to meet their customers&#8217; needs. I couldn&#8217;t be happier with the results.<\/p><\/div><\/div>\n\n\n\n<div class=\"wp-block-uagb-info-box uagb-block-bhtu5xrf uagb-infobox__content-wrap  uagb-infobox-icon-above-title uagb-infobox-image-valign-top\"><div class=\"uagb-ifb-content\"><div class=\"uagb-ifb-image-content\"><img decoding=\"async\" src=\"https:\/\/retco.com.co\/ciudadbolivar\/wp-content\/uploads\/sites\/8\/2026\/04\/testimonial-skip-06.jpg\" alt=\"Testimonial Skip 06\" width=\"60\" height=\"60\" loading=\"lazy\" title=\"piano\"><\/div><div class=\"uagb-ifb-title-wrap\"><p class=\"uagb-ifb-title\">Your Client 1<\/p><\/div><\/div><\/div>\n<\/div>\n\n\n\n<div class=\"wp-block-uagb-container uagb-block-lddqbcen\">\n<div class=\"wp-block-uagb-star-rating uagb-block-ozlcoov5\"><div class=\"uag-star-rating\" title=\"5\/5\"><span class=\"uag-star\">\u2605<\/span><span class=\"uag-star\">\u2605<\/span><span class=\"uag-star\">\u2605<\/span><span class=\"uag-star\">\u2605<\/span><span class=\"uag-star\">\u2605<\/span><\/div><\/div>\n\n\n\n<div class=\"wp-block-uagb-info-box uagb-block-nmmgmsc4 uagb-infobox__content-wrap  uagb-infobox-icon-above-title uagb-infobox-image-valign-top\"><div class=\"uagb-ifb-content\"><div class=\"uagb-ifb-title-wrap\"><\/div><p class=\"uagb-ifb-desc\">Outstanding quality and professionalism. I&#8217;ve been a loyal customer for years and have never been disappointed.<\/p><\/div><\/div>\n\n\n\n<div class=\"wp-block-uagb-info-box uagb-block-n28b61tz uagb-infobox__content-wrap  uagb-infobox-icon-above-title uagb-infobox-image-valign-top\"><div class=\"uagb-ifb-content\"><div class=\"uagb-ifb-image-content\"><img decoding=\"async\" src=\"https:\/\/retco.com.co\/ciudadbolivar\/wp-content\/uploads\/sites\/8\/2026\/04\/testimonial-skip-08.jpg\" alt=\"Testimonial Skip 08\" width=\"60\" height=\"60\" loading=\"lazy\" title=\"piano\"><\/div><div class=\"uagb-ifb-title-wrap\"><p class=\"uagb-ifb-title\">Your Client 2<\/p><\/div><\/div><\/div>\n<\/div>\n\n\n\n<div class=\"wp-block-uagb-container uagb-block-ndvjjdsq\">\n<div class=\"wp-block-uagb-star-rating uagb-block-rjhyxi5i\"><div class=\"uag-star-rating\" title=\"5\/5\"><span class=\"uag-star\">\u2605<\/span><span class=\"uag-star\">\u2605<\/span><span class=\"uag-star\">\u2605<\/span><span class=\"uag-star\">\u2605<\/span><span class=\"uag-star\">\u2605<\/span><\/div><\/div>\n\n\n\n<div class=\"wp-block-uagb-info-box uagb-block-bzonnh5u uagb-infobox__content-wrap  uagb-infobox-icon-above-title uagb-infobox-image-valign-top\"><div class=\"uagb-ifb-content\"><div class=\"uagb-ifb-title-wrap\"><\/div><p class=\"uagb-ifb-desc\">Reliable and trustworthy. I highly recommend this business to anyone looking for top-notch products\/services.<\/p><\/div><\/div>\n\n\n\n<div class=\"wp-block-uagb-info-box uagb-block-aftrtqrl uagb-infobox__content-wrap  uagb-infobox-icon-above-title uagb-infobox-image-valign-top\"><div class=\"uagb-ifb-content\"><div class=\"uagb-ifb-image-content\"><img decoding=\"async\" src=\"https:\/\/retco.com.co\/ciudadbolivar\/wp-content\/uploads\/sites\/8\/2026\/04\/testimonial-skip-07.jpg\" alt=\"Testimonial Skip 07\" width=\"60\" height=\"60\" loading=\"lazy\" title=\"piano\"><\/div><div class=\"uagb-ifb-title-wrap\"><p class=\"uagb-ifb-title\">Your Client 3<\/p><\/div><\/div><\/div>\n<\/div>\n<\/div>\n<\/div><\/div>\n\n\n\n<div data-aos= \"zoom-in\" data-aos-duration=\"400\" data-aos-delay=\"0\" data-aos-easing=\"ease\" data-aos-once=\"true\" class=\"wp-block-uagb-container uagb-block-k42k09fi alignfull uagb-is-root-container\"><div class=\"uagb-container-inner-blocks-wrap\"><\/div><\/div>\n","protected":false},"excerpt":{"rendered":"","protected":false},"author":10,"featured_media":0,"parent":0,"menu_order":0,"comment_status":"closed","ping_status":"closed","template":"","meta":{"_uag_custom_page_level_css":"","site-sidebar-layout":"default","site-content-layout":"","ast-site-content-layout":"default","site-content-style":"default","site-sidebar-style":"default","ast-global-header-display":"","ast-banner-title-visibility":"","ast-main-header-display":"","ast-hfb-above-header-display":"","ast-hfb-below-header-display":"","ast-hfb-mobile-header-display":"","site-post-title":"disabled","ast-breadcrumbs-content":"","ast-featured-img":"","footer-sml-layout":"","theme-transparent-header-meta":"","adv-header-id-meta":"","stick-header-meta":"","header-above-stick-meta":"","header-main-stick-meta":"","header-below-stick-meta":"","astra-migrate-meta-layouts":"set","ast-page-background-enabled":"default","ast-page-background-meta":{"desktop":{"background-color":"var(--ast-global-color-4)","background-image":"","background-repeat":"repeat","background-position":"center center","background-size":"auto","background-attachment":"scroll","background-type":"","background-media":"","overlay-type":"","overlay-color":"","overlay-opacity":"","overlay-gradient":""},"tablet":{"background-color":"","background-image":"","background-repeat":"repeat","background-position":"center center","background-size":"auto","background-attachment":"scroll","background-type":"","background-media":"","overlay-type":"","overlay-color":"","overlay-opacity":"","overlay-gradient":""},"mobile":{"background-color":"","background-image":"","background-repeat":"repeat","background-position":"center center","background-size":"auto","background-attachment":"scroll","background-type":"","background-media":"","overlay-type":"","overlay-color":"","overlay-opacity":"","overlay-gradient":""}},"ast-content-background-meta":{"desktop":{"background-color":"var(--ast-global-color-5)","background-image":"","background-repeat":"repeat","background-position":"center center","background-size":"auto","background-attachment":"scroll","background-type":"","background-media":"","overlay-type":"","overlay-color":"","overlay-opacity":"","overlay-gradient":""},"tablet":{"background-color":"var(--ast-global-color-5)","background-image":"","background-repeat":"repeat","background-position":"center center","background-size":"auto","background-attachment":"scroll","background-type":"","background-media":"","overlay-type":"","overlay-color":"","overlay-opacity":"","overlay-gradient":""},"mobile":{"background-color":"var(--ast-global-color-5)","background-image":"","background-repeat":"repeat","background-position":"center center","background-size":"auto","background-attachment":"scroll","background-type":"","background-media":"","overlay-type":"","overlay-color":"","overlay-opacity":"","overlay-gradient":""}},"footnotes":""},"class_list":["post-1653","page","type-page","status-publish","hentry"],"aioseo_notices":[],"_hostinger_reach_plugin_has_subscription_block":false,"_hostinger_reach_plugin_is_elementor":false,"uagb_featured_image_src":{"full":false,"thumbnail":false,"medium":false,"medium_large":false,"large":false,"1536x1536":false,"2048x2048":false},"uagb_author_info":{"display_name":"andresfernandom","author_link":"https:\/\/retco.com.co\/ciudadbolivar\/author\/andresfernandom\/"},"uagb_comment_info":0,"uagb_excerpt":null,"_links":{"self":[{"href":"https:\/\/retco.com.co\/ciudadbolivar\/wp-json\/wp\/v2\/pages\/1653","targetHints":{"allow":["GET"]}}],"collection":[{"href":"https:\/\/retco.com.co\/ciudadbolivar\/wp-json\/wp\/v2\/pages"}],"about":[{"href":"https:\/\/retco.com.co\/ciudadbolivar\/wp-json\/wp\/v2\/types\/page"}],"author":[{"embeddable":true,"href":"https:\/\/retco.com.co\/ciudadbolivar\/wp-json\/wp\/v2\/users\/10"}],"replies":[{"embeddable":true,"href":"https:\/\/retco.com.co\/ciudadbolivar\/wp-json\/wp\/v2\/comments?post=1653"}],"version-history":[{"count":5,"href":"https:\/\/retco.com.co\/ciudadbolivar\/wp-json\/wp\/v2\/pages\/1653\/revisions"}],"predecessor-version":[{"id":1674,"href":"https:\/\/retco.com.co\/ciudadbolivar\/wp-json\/wp\/v2\/pages\/1653\/revisions\/1674"}],"wp:attachment":[{"href":"https:\/\/retco.com.co\/ciudadbolivar\/wp-json\/wp\/v2\/media?parent=1653"}],"curies":[{"name":"wp","href":"https:\/\/api.w.org\/{rel}","templated":true}]}}