{"id":120,"date":"2025-10-07T17:58:08","date_gmt":"2025-10-07T22:58:08","guid":{"rendered":"https:\/\/retco.com.co\/ciudadbolivar\/home-3\/"},"modified":"2026-04-06T17:12:41","modified_gmt":"2026-04-06T22:12:41","slug":"home-3","status":"publish","type":"page","link":"https:\/\/retco.com.co\/ciudadbolivar\/home-3\/","title":{"rendered":"Inicio original"},"content":{"rendered":"\n<div class=\"wp-block-uagb-container uagb-block-53blocld alignfull uagb-is-root-container\"><div class=\"uagb-container-inner-blocks-wrap\">\n<div class=\"wp-block-uagb-info-box uagb-block-4hkyltjt uagb-infobox__content-wrap  uagb-infobox-icon-above-title uagb-infobox-image-valign-top\"><div class=\"uagb-ifb-content\"><div class=\"uagb-ifb-title-wrap\"><h2 class=\"uagb-ifb-title\">Escuela de M\u00fasica<br>de Ciudad Bol\u00edvar, Antioquia<\/h2><\/div><\/div><\/div>\n\n\n\n<div class=\"wp-block-uagb-image uagb-block-c31c412a wp-block-uagb-image--layout-default wp-block-uagb-image--effect-static wp-block-uagb-image--align-none\"><figure class=\"wp-block-uagb-image__figure\"><img decoding=\"async\" srcset=\"https:\/\/retco.com.co\/ciudadbolivar\/wp-content\/uploads\/sites\/8\/2025\/12\/Logo-escuela-Blanco-4.png ,https:\/\/retco.com.co\/ciudadbolivar\/wp-content\/uploads\/sites\/8\/2025\/12\/Logo-escuela-Blanco-4.png 780w, https:\/\/retco.com.co\/ciudadbolivar\/wp-content\/uploads\/sites\/8\/2025\/12\/Logo-escuela-Blanco-4.png 360w\" sizes=\"auto, (max-width: 480px) 150px\" src=\"https:\/\/retco.com.co\/ciudadbolivar\/wp-content\/uploads\/sites\/8\/2025\/12\/Logo-escuela-Blanco-4.png\" alt=\"logo escuela blanco\" class=\"uag-image-1179\" width=\"791\" height=\"1024\" title=\"logo escuela blanco\" loading=\"lazy\" role=\"img\" \/><\/figure><\/div>\n<\/div><\/div>\n\n\n\n<div class=\"wp-block-uagb-container uagb-block-982b5c2b alignfull uagb-is-root-container\"><div class=\"uagb-container-inner-blocks-wrap\">\n<figure class=\"wp-block-embed is-type-video is-provider-youtube wp-block-embed-youtube wp-embed-aspect-16-9 wp-has-aspect-ratio\"><div class=\"wp-block-embed__wrapper\">\n<iframe loading=\"lazy\" title=\"Escuela de M\u00fasica de Ciudad Bolivar (Antioquia) - Colombia\" width=\"500\" height=\"281\" src=\"https:\/\/www.youtube.com\/embed\/tE0iD1UKnIQ?feature=oembed\" frameborder=\"0\" allow=\"accelerometer; autoplay; clipboard-write; encrypted-media; gyroscope; picture-in-picture; web-share\" referrerpolicy=\"strict-origin-when-cross-origin\" allowfullscreen><\/iframe>\n<\/div><\/figure>\n<\/div><\/div>\n\n\n\n<div class=\"wp-block-uagb-container uagb-block-d315b49f alignfull uagb-is-root-container\"><div class=\"uagb-container-inner-blocks-wrap\">\n<div class=\"wp-block-uagb-advanced-heading uagb-block-67c06a4f\"><h3 class=\"uagb-heading-text\">Qui\u00e9nes somos<\/h3><\/div>\n\n\n\n<div class=\"wp-block-uagb-info-box uagb-block-1b9ee481 uagb-infobox__content-wrap  uagb-infobox-icon-above-title uagb-infobox-image-valign-top\"><div class=\"uagb-ifb-content\"><div class=\"uagb-ifb-title-wrap\"><\/div><div class=\"uagb-ifb-separator\"><\/div><\/div><\/div>\n\n\n\n<div class=\"wp-block-uagb-container uagb-block-ec9fa64b\">\n<div class=\"wp-block-uagb-advanced-heading uagb-block-876cfa84\"><h6 class=\"uagb-heading-text\">La Escuela de M\u00fasica del municipio de Ciudad Bol\u00edvar, Antioquia \u2013 Colombia, fue fundada en el a\u00f1o de 1987 por el maestro Carlos Fernando L\u00f3pez Naranjo, de la mano con el Plan Departamental de Bandas de M\u00fasica de Antioquia.<br>&nbsp;<br>Tiene una trayectoria institucional de treinta y ocho (38) a\u00f1os siendo propiciadora de espacios comunitarios, educativos, creativos y recreativos, con un gran impacto en el desarrollo sociocultural del municipio, siendo los beneficiarios de este programa ni\u00f1os, j\u00f3venes y la comunidad en general, quienes participan de las diferentes pr\u00e1cticas musicales promoviendo as\u00ed el desarrollo cultural y art\u00edstico del territorio<\/h6><\/div>\n<\/div>\n\n\n\n<div class=\"wp-block-uagb-buttons uagb-buttons__outer-wrap uagb-btn__default-btn uagb-btn-tablet__default-btn uagb-btn-mobile__default-btn uagb-block-35118051\"><div class=\"uagb-buttons__wrap uagb-buttons-layout-wrap \">\n<div class=\"wp-block-uagb-buttons-child uagb-buttons__outer-wrap uagb-block-d3d39c07 wp-block-button\"><div class=\"uagb-button__wrapper\"><a class=\"uagb-buttons-repeater wp-block-button__link\" aria-label=\"\" href=\"https:\/\/retco.com.co\/ciudadbolivar\/quienes-somos\/\" rel=\"follow noopener\" target=\"_self\" role=\"button\"><div class=\"uagb-button__link\">M\u00e1s Informaci\u00f3n<\/div><span class=\"uagb-button__icon uagb-button__icon-position-after\"><\/span><\/a><\/div><\/div>\n<\/div><\/div>\n<\/div><\/div>\n\n\n\n<div id=\"programas\" class=\"wp-block-uagb-container uagb-block-49ad763d alignfull uagb-is-root-container\"><div class=\"uagb-container-inner-blocks-wrap\">\n<div class=\"wp-block-uagb-container uagb-block-d04578e1\">\n<div class=\"wp-block-uagb-container uagb-block-be469e0b\">\n<div class=\"wp-block-uagb-advanced-heading uagb-block-02bb9a25\"><h3 class=\"uagb-heading-text\">Programas\/Cursos<\/h3><\/div>\n<\/div>\n\n\n\n<div class=\"wp-block-uagb-container uagb-block-93ef2329\">\n<p><\/p>\n<\/div>\n<\/div>\n\n\n\n<div class=\"wp-block-uagb-container uagb-layout-grid uagb-block-23b5701b\">\n<div class=\"wp-block-uagb-info-box uagb-block-d5b709e9 uagb-infobox__content-wrap  uagb-infobox-icon-above-title uagb-infobox-image-valign-top\"><div class=\"uagb-ifb-content\"><div class=\"uagb-ifb-image-content\"><img decoding=\"async\" src=\"https:\/\/retco.com.co\/ciudadbolivar\/wp-content\/uploads\/sites\/8\/2025\/12\/20250422_092513-scaled.jpg\" alt=\"20250422 092513\" width=\"1600\" height=\"739\" loading=\"lazy\" title=\"Inicio original\"><\/div><div class=\"uagb-ifb-title-wrap\"><h4 class=\"uagb-ifb-title\">Fundamentaci\u00f3n Musical<\/h4><\/div><\/div><\/div>\n\n\n\n<div class=\"wp-block-uagb-info-box uagb-block-238e9e24 uagb-infobox__content-wrap  uagb-infobox-icon-above-title uagb-infobox-image-valign-top\"><div class=\"uagb-ifb-content\"><div class=\"uagb-ifb-image-content\"><img decoding=\"async\" src=\"https:\/\/retco.com.co\/ciudadbolivar\/wp-content\/uploads\/sites\/8\/2025\/12\/20250422_183755-1-scaled.jpg\" alt=\"20250422 183755 (1)\" width=\"1600\" height=\"739\" loading=\"lazy\" title=\"Inicio original\"><\/div><div class=\"uagb-ifb-title-wrap\"><h4 class=\"uagb-ifb-title\">Instrumentos de viento (madera \u2013 bronces)<\/h4><\/div><\/div><\/div>\n\n\n\n<div class=\"wp-block-uagb-info-box uagb-block-6609af5e uagb-infobox__content-wrap  uagb-infobox-icon-above-title uagb-infobox-image-valign-top\"><div class=\"uagb-ifb-content\"><div class=\"uagb-ifb-image-content\"><img decoding=\"async\" src=\"https:\/\/retco.com.co\/ciudadbolivar\/wp-content\/uploads\/sites\/8\/2025\/10\/WhatsApp-Image-2025-10-07-at-4.47.32-PM.jpeg\" alt=\"whatsapp image 2025 10 07 at 4.47.32 pm\" width=\"1280\" height=\"591\" loading=\"lazy\" title=\"Inicio original\"><\/div><div class=\"uagb-ifb-title-wrap\"><h4 class=\"uagb-ifb-title\">Instrumentos de percusi\u00f3n (sinf\u00f3nica \u2013 folcl\u00f3rica \u2013 latina \u2013 bater\u00eda)<\/h4><\/div><\/div><\/div>\n\n\n\n<div class=\"wp-block-uagb-info-box uagb-block-213064e8 uagb-infobox__content-wrap  uagb-infobox-icon-above-title uagb-infobox-image-valign-top\"><div class=\"uagb-ifb-content\"><div class=\"uagb-ifb-image-content\"><img decoding=\"async\" src=\"https:\/\/retco.com.co\/ciudadbolivar\/wp-content\/uploads\/sites\/8\/2025\/10\/WhatsApp-Image-2025-10-07-at-4.47.29-PM.jpeg\" alt=\"whatsapp image 2025 10 07 at 4.47.29 pm\" width=\"1280\" height=\"591\" loading=\"lazy\" title=\"Inicio original\"><\/div><div class=\"uagb-ifb-title-wrap\"><h4 class=\"uagb-ifb-title\">Instrumentos Cuerdas pulsadas (guitarra \u2013 bandola \u2013 tiple &#8211; ukelele \u2013 guitarra el\u00e9ctrica \u2013 bajo el\u00e9ctrico<\/h4><\/div><\/div><\/div>\n\n\n\n<div class=\"wp-block-uagb-info-box uagb-block-8ab7a578 uagb-infobox__content-wrap  uagb-infobox-icon-above-title uagb-infobox-image-valign-top\"><div class=\"uagb-ifb-content\"><div class=\"uagb-ifb-image-content\"><img decoding=\"async\" src=\"https:\/\/retco.com.co\/ciudadbolivar\/wp-content\/uploads\/sites\/8\/2025\/10\/WhatsApp-Image-2025-10-07-at-4.47.24-PM.jpeg\" alt=\"whatsapp image 2025 10 07 at 4.47.24 pm\" width=\"1080\" height=\"617\" loading=\"lazy\" title=\"Inicio original\"><\/div><div class=\"uagb-ifb-title-wrap\"><h4 class=\"uagb-ifb-title\">Instrumentos Cuerdas frotadas (viol\u00edn \u2013 viola \u2013 violoncello \u2013 contrabajo)<\/h4><\/div><\/div><\/div>\n\n\n\n<div class=\"wp-block-uagb-info-box uagb-block-24d606df uagb-infobox__content-wrap  uagb-infobox-icon-above-title uagb-infobox-image-valign-top\"><div class=\"uagb-ifb-content\"><div class=\"uagb-ifb-image-content\"><img decoding=\"async\" src=\"https:\/\/retco.com.co\/ciudadbolivar\/wp-content\/uploads\/sites\/8\/2025\/11\/cemcibol87-20251021-0002.webp\" alt=\"cemcibol87 20251021 0002\" width=\"1440\" height=\"815\" loading=\"lazy\" title=\"Inicio original\"><\/div><div class=\"uagb-ifb-title-wrap\"><h4 class=\"uagb-ifb-title\">Conjunto (banda de M\u00fasica \u2013 banda fiestera \u2013 orquesta tropical \u2013 coro &#8211;<\/h4><\/div><\/div><\/div>\n\n\n\n<div class=\"wp-block-uagb-info-box uagb-block-0cf9ae2e uagb-infobox__content-wrap  uagb-infobox-icon-above-title uagb-infobox-image-valign-top\"><div class=\"uagb-ifb-content\"><div class=\"uagb-ifb-image-content\"><img decoding=\"async\" src=\"https:\/\/retco.com.co\/ciudadbolivar\/wp-content\/uploads\/sites\/8\/2025\/10\/WhatsApp-Image-2025-10-07-at-4.47.30-PM.jpeg\" alt=\"whatsapp image 2025 10 07 at 4.47.30 pm\" width=\"1280\" height=\"590\" loading=\"lazy\" title=\"Inicio original\"><\/div><div class=\"uagb-ifb-title-wrap\"><h4 class=\"uagb-ifb-title\">Piano<\/h4><\/div><\/div><\/div>\n\n\n\n<div class=\"wp-block-uagb-info-box uagb-block-023d0b79 uagb-infobox__content-wrap  uagb-infobox-icon-above-title uagb-infobox-image-valign-top\"><div class=\"uagb-ifb-content\"><div class=\"uagb-ifb-image-content\"><img decoding=\"async\" src=\"https:\/\/retco.com.co\/ciudadbolivar\/wp-content\/uploads\/sites\/8\/2025\/11\/cemcibol87-20251021-0001.webp\" alt=\"cemcibol87 20251021 0001\" width=\"1440\" height=\"754\" loading=\"lazy\" title=\"Inicio original\"><\/div><div class=\"uagb-ifb-title-wrap\"><h4 class=\"uagb-ifb-title\">M\u00fasicas Populares y Tradicionales (Paisas del sur)<\/h4><\/div><\/div><\/div>\n<\/div>\n<\/div><\/div>\n\n\n\n<div id=\"eventos\" class=\"wp-block-uagb-container uagb-block-bmrmzydc alignfull uagb-is-root-container\"><div class=\"uagb-container-inner-blocks-wrap\">\n<div class=\"wp-block-uagb-info-box uagb-block-qz8p0lje uagb-infobox__content-wrap  uagb-infobox-icon-above-title uagb-infobox-image-valign-top\"><div class=\"uagb-ifb-content\"><div class=\"uagb-ifb-title-wrap\"><h2 class=\"uagb-ifb-title\">Eventos Destacados<\/h2><\/div><p class=\"uagb-ifb-desc\">Estos son nuestros pr\u00f3ximos eventos, no faltes!.<\/p><\/div><\/div>\n\n\n\n<div class=\"wp-block-uagb-container uagb-block-ti5hqqod\">\n<div class=\"wp-block-uagb-container uagb-block-k5wiomtd\">\n<div class=\"wp-block-uagb-info-box uagb-block-jdkydabv uagb-infobox__content-wrap  uagb-infobox-icon-above-title uagb-infobox-image-valign-top\"><div class=\"uagb-ifb-content\"><div class=\"uagb-ifb-title-wrap\"><h3 class=\"uagb-ifb-title\">RETRETAS<br><em>(Parque principal)<\/em><\/h3><\/div><\/div><\/div>\n<\/div>\n\n\n\n<div class=\"wp-block-uagb-container uagb-block-602azc96\">\n<div class=\"wp-block-uagb-info-box uagb-block-hnmbdywn uagb-infobox__content-wrap  uagb-infobox-icon-above-title uagb-infobox-image-valign-top\"><div class=\"uagb-ifb-content\"><div class=\"uagb-ifb-title-wrap\"><h3 class=\"uagb-ifb-title\">CONCIERTOS ESPECIALES<br><em>(Semana Santa &#8211; Navidad)<\/em><\/h3><\/div><\/div><\/div>\n<\/div>\n<\/div>\n\n\n\n<div class=\"wp-block-uagb-container uagb-block-70e1b6ed\">\n<div class=\"wp-block-uagb-container uagb-block-7e0542ef\">\n<div class=\"wp-block-uagb-info-box uagb-block-d7b76e54 uagb-infobox__content-wrap  uagb-infobox-icon-above-title uagb-infobox-image-valign-top\"><div class=\"uagb-ifb-content\"><div class=\"uagb-ifb-title-wrap\"><h3 class=\"uagb-ifb-title\">CONCIERTOS DIDACTICOS INSTITUCIONES EDUCATIVAS<\/h3><\/div><\/div><\/div>\n<\/div>\n\n\n\n<div class=\"wp-block-uagb-container uagb-block-d7121ef7\">\n<div class=\"wp-block-uagb-info-box uagb-block-df01de70 uagb-infobox__content-wrap  uagb-infobox-icon-above-title uagb-infobox-image-valign-top\"><div class=\"uagb-ifb-content\"><div class=\"uagb-ifb-title-wrap\"><h3 class=\"uagb-ifb-title\">CONCIERTOS DIDACTICOS AUDITORIO ESCUELA DE M\u00daSICA<\/h3><\/div><\/div><\/div>\n<\/div>\n<\/div>\n<\/div><\/div>\n\n\n\n<div id=\"galeria\" class=\"wp-block-uagb-container uagb-block-z8haqdds alignfull uagb-is-root-container\"><div class=\"uagb-container-inner-blocks-wrap\">\n<div class=\"wp-block-uagb-info-box uagb-block-speqyrd5 uagb-infobox__content-wrap  uagb-infobox-icon-above-title uagb-infobox-image-valign-top\"><div class=\"uagb-ifb-content\"><div class=\"uagb-ifb-title-wrap\"><h2 class=\"uagb-ifb-title\">Galer\u00eda<\/h2><\/div><\/div><\/div>\n\n\n\n<div class=\"wp-block-uagb-container uagb-layout-grid uagb-block-d6cwdggk\">\n<div class=\"wp-block-uagb-image aligncenter uagb-block-qlxbmaub wp-block-uagb-image--layout-default wp-block-uagb-image--effect-static wp-block-uagb-image--align-center\"><figure class=\"wp-block-uagb-image__figure\"><img decoding=\"async\" srcset=\"https:\/\/retco.com.co\/ciudadbolivar\/wp-content\/uploads\/sites\/8\/2025\/10\/WhatsApp-Image-2025-10-07-at-4.47.24-PM-1024x585.jpeg ,https:\/\/retco.com.co\/ciudadbolivar\/wp-content\/uploads\/sites\/8\/2025\/10\/WhatsApp-Image-2025-10-07-at-4.47.24-PM.jpeg 780w, https:\/\/retco.com.co\/ciudadbolivar\/wp-content\/uploads\/sites\/8\/2025\/10\/WhatsApp-Image-2025-10-07-at-4.47.24-PM.jpeg 360w\" sizes=\"auto, (max-width: 480px) 150px\" src=\"https:\/\/retco.com.co\/ciudadbolivar\/wp-content\/uploads\/sites\/8\/2025\/10\/WhatsApp-Image-2025-10-07-at-4.47.24-PM-1024x585.jpeg\" alt=\"whatsapp image 2025 10 07 at 4.47.24 pm\" class=\"uag-image-955\" width=\"1200\" height=\"450\" title=\"whatsapp image 2025 10 07 at 4.47.24 pm\" loading=\"lazy\" role=\"img\" \/><\/figure><\/div>\n\n\n\n<div class=\"wp-block-uagb-container uagb-layout-grid uagb-block-ien1cvlm\">\n<div class=\"wp-block-uagb-image alignleft uagb-block-l1m3yssl wp-block-uagb-image--layout-default wp-block-uagb-image--effect-static wp-block-uagb-image--align-left\"><figure class=\"wp-block-uagb-image__figure\"><img decoding=\"async\" srcset=\"https:\/\/retco.com.co\/ciudadbolivar\/wp-content\/uploads\/sites\/8\/2025\/10\/WhatsApp-Image-2025-10-07-at-4.47.32-PM-1-1024x473.jpeg ,https:\/\/retco.com.co\/ciudadbolivar\/wp-content\/uploads\/sites\/8\/2025\/10\/WhatsApp-Image-2025-10-07-at-4.47.32-PM-1.jpeg 780w, https:\/\/retco.com.co\/ciudadbolivar\/wp-content\/uploads\/sites\/8\/2025\/10\/WhatsApp-Image-2025-10-07-at-4.47.32-PM-1.jpeg 360w\" sizes=\"auto, (max-width: 480px) 150px\" src=\"https:\/\/retco.com.co\/ciudadbolivar\/wp-content\/uploads\/sites\/8\/2025\/10\/WhatsApp-Image-2025-10-07-at-4.47.32-PM-1-1024x473.jpeg\" alt=\"whatsapp image 2025 10 07 at 4.47.32 pm (1)\" class=\"uag-image-962\" width=\"588\" height=\"393\" title=\"whatsapp image 2025 10 07 at 4.47.32 pm (1)\" loading=\"lazy\" role=\"img\" \/><\/figure><\/div>\n\n\n\n<div class=\"wp-block-uagb-image alignleft uagb-block-dctj03dh wp-block-uagb-image--layout-default wp-block-uagb-image--effect-static wp-block-uagb-image--align-left\"><figure class=\"wp-block-uagb-image__figure\"><img decoding=\"async\" srcset=\"https:\/\/retco.com.co\/ciudadbolivar\/wp-content\/uploads\/sites\/8\/2025\/10\/WhatsApp-Image-2025-10-07-at-4.47.30-PM-1024x472.jpeg ,https:\/\/retco.com.co\/ciudadbolivar\/wp-content\/uploads\/sites\/8\/2025\/10\/WhatsApp-Image-2025-10-07-at-4.47.30-PM.jpeg 780w, https:\/\/retco.com.co\/ciudadbolivar\/wp-content\/uploads\/sites\/8\/2025\/10\/WhatsApp-Image-2025-10-07-at-4.47.30-PM.jpeg 360w\" sizes=\"auto, (max-width: 480px) 150px\" src=\"https:\/\/retco.com.co\/ciudadbolivar\/wp-content\/uploads\/sites\/8\/2025\/10\/WhatsApp-Image-2025-10-07-at-4.47.30-PM-1024x472.jpeg\" alt=\"whatsapp image 2025 10 07 at 4.47.30 pm\" class=\"uag-image-959\" width=\"588\" height=\"393\" title=\"whatsapp image 2025 10 07 at 4.47.30 pm\" loading=\"lazy\" role=\"img\" \/><\/figure><\/div>\n<\/div>\n<\/div>\n\n\n\n<div class=\"wp-block-uagb-container uagb-layout-grid uagb-block-eec5db49\">\n<div class=\"wp-block-uagb-image aligncenter uagb-block-7db4c8cc wp-block-uagb-image--layout-default wp-block-uagb-image--effect-static wp-block-uagb-image--align-center\"><figure class=\"wp-block-uagb-image__figure\"><img decoding=\"async\" srcset=\"https:\/\/retco.com.co\/ciudadbolivar\/wp-content\/uploads\/sites\/8\/2025\/10\/escuela-musica-2-NEWS.jpg ,https:\/\/retco.com.co\/ciudadbolivar\/wp-content\/uploads\/sites\/8\/2025\/10\/escuela-musica-2-NEWS.jpg 780w, https:\/\/retco.com.co\/ciudadbolivar\/wp-content\/uploads\/sites\/8\/2025\/10\/escuela-musica-2-NEWS.jpg 360w\" sizes=\"auto, (max-width: 480px) 150px\" src=\"https:\/\/retco.com.co\/ciudadbolivar\/wp-content\/uploads\/sites\/8\/2025\/10\/escuela-musica-2-NEWS.jpg\" alt=\"escuela musica 2 news\" class=\"uag-image-953\" width=\"1200\" height=\"450\" title=\"escuela musica 2 news\" loading=\"lazy\" role=\"img\" \/><\/figure><\/div>\n<\/div>\n<\/div><\/div>\n\n\n\n<div class=\"wp-block-uagb-container uagb-block-ekripfz3 alignfull uagb-is-root-container\">\n<div class=\"wp-block-uagb-info-box uagb-block-p9pplirq uagb-infobox__content-wrap  uagb-infobox-icon-above-title uagb-infobox-image-valign-top\"><div class=\"uagb-ifb-content\"><div class=\"uagb-ifb-title-wrap\"><h2 class=\"uagb-ifb-title\">Servicios (Emprendimientos culturales)<\/h2><\/div><\/div><\/div>\n\n\n\n<div class=\"wp-block-uagb-container uagb-block-o5b1pvuq alignfull uagb-is-root-container\">\n<div class=\"wp-block-uagb-container uagb-block-rd4ej2jn\">\n<div class=\"wp-block-uagb-info-box uagb-block-lfj1eev2 uagb-infobox__content-wrap  uagb-infobox-icon-above-title uagb-infobox-image-valign-top\"><div class=\"uagb-ifb-content\"><div class=\"uagb-ifb-title-wrap\"><h3 class=\"uagb-ifb-title\">la Escuela-Producciones <em>(Producci\u00f3n de eventos)<\/em><\/h3><\/div><\/div><\/div>\n<\/div>\n\n\n\n<div class=\"wp-block-uagb-container uagb-block-xyh8kir4\">\n<div class=\"wp-block-uagb-info-box uagb-block-gogm0ejf uagb-infobox__content-wrap  uagb-infobox-icon-above-title uagb-infobox-image-valign-top\"><div class=\"uagb-ifb-content\"><div class=\"uagb-ifb-title-wrap\"><h3 class=\"uagb-ifb-title\">La Escuela-Luthier\u00eda <em>(Taller de Luthier\u00eda)<\/em><\/h3><\/div><\/div><\/div>\n<\/div>\n\n\n\n<div class=\"wp-block-uagb-container uagb-block-v1uvaprl\">\n<div class=\"wp-block-uagb-info-box uagb-block-manvprnf uagb-infobox__content-wrap  uagb-infobox-icon-above-title uagb-infobox-image-valign-top\"><div class=\"uagb-ifb-content\"><div class=\"uagb-ifb-title-wrap\"><h3 class=\"uagb-ifb-title\">Caf\u00e9 Santa Cecilia<\/h3><\/div><\/div><\/div>\n<\/div>\n<\/div>\n<\/div>\n","protected":false},"excerpt":{"rendered":"<p>Qui\u00e9nes somos La Escuela de M\u00fasica del municipio de Ciudad Bol\u00edvar, Antioquia \u2013 Colombia, fue fundada en el a\u00f1o de 1987 por el maestro Carlos Fernando L\u00f3pez Naranjo, de la mano con el Plan Departamental de Bandas de M\u00fasica de Antioquia.&nbsp;Tiene una trayectoria institucional de treinta y ocho (38) a\u00f1os siendo propiciadora de espacios comunitarios, [&hellip;]<\/p>\n","protected":false},"author":1,"featured_media":0,"parent":0,"menu_order":0,"comment_status":"closed","ping_status":"closed","template":"","meta":{"_uag_custom_page_level_css":"","site-sidebar-layout":"no-sidebar","site-content-layout":"plain-container","ast-site-content-layout":"normal-width-container","site-content-style":"unboxed","site-sidebar-style":"unboxed","ast-global-header-display":"","ast-banner-title-visibility":"","ast-main-header-display":"","ast-hfb-above-header-display":"","ast-hfb-below-header-display":"","ast-hfb-mobile-header-display":"","site-post-title":"disabled","ast-breadcrumbs-content":"","ast-featured-img":"disabled","footer-sml-layout":"","theme-transparent-header-meta":"default","adv-header-id-meta":"","stick-header-meta":"","header-above-stick-meta":"","header-main-stick-meta":"","header-below-stick-meta":"","astra-migrate-meta-layouts":"set","ast-page-background-enabled":"default","ast-page-background-meta":{"desktop":{"background-color":"var(--ast-global-color-4)","background-image":"","background-repeat":"repeat","background-position":"center center","background-size":"auto","background-attachment":"scroll","background-type":"","background-media":"","overlay-type":"","overlay-color":"","overlay-opacity":"","overlay-gradient":""},"tablet":{"background-color":"","background-image":"","background-repeat":"repeat","background-position":"center center","background-size":"auto","background-attachment":"scroll","background-type":"","background-media":"","overlay-type":"","overlay-color":"","overlay-opacity":"","overlay-gradient":""},"mobile":{"background-color":"","background-image":"","background-repeat":"repeat","background-position":"center center","background-size":"auto","background-attachment":"scroll","background-type":"","background-media":"","overlay-type":"","overlay-color":"","overlay-opacity":"","overlay-gradient":""}},"ast-content-background-meta":{"desktop":{"background-color":"var(--ast-global-color-5)","background-image":"","background-repeat":"repeat","background-position":"center center","background-size":"auto","background-attachment":"scroll","background-type":"","background-media":"","overlay-type":"","overlay-color":"","overlay-opacity":"","overlay-gradient":""},"tablet":{"background-color":"var(--ast-global-color-5)","background-image":"","background-repeat":"repeat","background-position":"center center","background-size":"auto","background-attachment":"scroll","background-type":"","background-media":"","overlay-type":"","overlay-color":"","overlay-opacity":"","overlay-gradient":""},"mobile":{"background-color":"var(--ast-global-color-5)","background-image":"","background-repeat":"repeat","background-position":"center center","background-size":"auto","background-attachment":"scroll","background-type":"","background-media":"","overlay-type":"","overlay-color":"","overlay-opacity":"","overlay-gradient":""}},"footnotes":""},"class_list":["post-120","page","type-page","status-publish","hentry"],"aioseo_notices":[],"_hostinger_reach_plugin_has_subscription_block":false,"_hostinger_reach_plugin_is_elementor":false,"uagb_featured_image_src":{"full":false,"thumbnail":false,"medium":false,"medium_large":false,"large":false,"1536x1536":false,"2048x2048":false},"uagb_author_info":{"display_name":"retco.org@gmail.com","author_link":"https:\/\/retco.com.co\/ciudadbolivar\/author\/retco-orggmail-com\/"},"uagb_comment_info":0,"uagb_excerpt":"Qui\u00e9nes somos La Escuela de M\u00fasica del municipio de Ciudad Bol\u00edvar, Antioquia \u2013 Colombia, fue fundada en el a\u00f1o de 1987 por el maestro Carlos Fernando L\u00f3pez Naranjo, de la mano con el Plan Departamental de Bandas de M\u00fasica de Antioquia.&nbsp;Tiene una trayectoria institucional de treinta y ocho (38) a\u00f1os siendo propiciadora de espacios comunitarios,&hellip;","_links":{"self":[{"href":"https:\/\/retco.com.co\/ciudadbolivar\/wp-json\/wp\/v2\/pages\/120","targetHints":{"allow":["GET"]}}],"collection":[{"href":"https:\/\/retco.com.co\/ciudadbolivar\/wp-json\/wp\/v2\/pages"}],"about":[{"href":"https:\/\/retco.com.co\/ciudadbolivar\/wp-json\/wp\/v2\/types\/page"}],"author":[{"embeddable":true,"href":"https:\/\/retco.com.co\/ciudadbolivar\/wp-json\/wp\/v2\/users\/1"}],"replies":[{"embeddable":true,"href":"https:\/\/retco.com.co\/ciudadbolivar\/wp-json\/wp\/v2\/comments?post=120"}],"version-history":[{"count":54,"href":"https:\/\/retco.com.co\/ciudadbolivar\/wp-json\/wp\/v2\/pages\/120\/revisions"}],"predecessor-version":[{"id":1454,"href":"https:\/\/retco.com.co\/ciudadbolivar\/wp-json\/wp\/v2\/pages\/120\/revisions\/1454"}],"wp:attachment":[{"href":"https:\/\/retco.com.co\/ciudadbolivar\/wp-json\/wp\/v2\/media?parent=120"}],"curies":[{"name":"wp","href":"https:\/\/api.w.org\/{rel}","templated":true}]}}