{"id":59,"date":"2025-11-09T17:46:03","date_gmt":"2025-11-09T22:46:03","guid":{"rendered":"https:\/\/retco.com.co\/cerinza\/?page_id=59"},"modified":"2025-11-13T12:59:35","modified_gmt":"2025-11-13T17:59:35","slug":"quienes-somos","status":"publish","type":"page","link":"https:\/\/retco.com.co\/cerinza\/quienes-somos\/","title":{"rendered":"Qui\u00e9nes somos"},"content":{"rendered":"\n<div class=\"wp-block-uagb-container uagb-layout-grid uagb-block-140f94f3 alignfull uagb-is-root-container\"><div class=\"uagb-container-inner-blocks-wrap\">\n<div class=\"wp-block-uagb-advanced-heading uagb-block-6ff1e384\"><h2 class=\"uagb-heading-text\">Escuela de M\u00fasica de Cerinza, Boyac\u00e1<\/h2><div class=\"uagb-separator\"><\/div><\/div>\n\n\n\n<div class=\"wp-block-uagb-advanced-heading uagb-block-50c3e0f0\"><p class=\"uagb-heading-text\">La historia musical de Cerinza tiene sus ra\u00edces en el a\u00f1o 1917, cuando bajo la iniciativa del Padre Pedro Mar\u00eda Pardo, p\u00e1rroco del municipio, y con la direcci\u00f3n del maestro Isaac Barrera, se organiz\u00f3 la primera Banda de M\u00fasicos de Cerinza. Esta agrupaci\u00f3n tuvo una destacada trayectoria hasta la d\u00e9cada de los sesenta, siendo reconocida en toda la regi\u00f3n por amenizar las fiestas patronales y los eventos culturales de diversos municipios, incluso en los llanos orientales.<br>&nbsp;<br>D\u00e9cadas despu\u00e9s, en 1996, se retom\u00f3 el proceso de formaci\u00f3n musical en el municipio, sembrando nuevamente la semilla del arte y la cultura. Fue as\u00ed como el 3 de marzo de 2009, mediante el Acuerdo Municipal N.\u00ba 006, se cre\u00f3 oficialmente la Escuela de M\u00fasica \u201cEnrique C\u00e1rdenas Castro\u201d, en honor a uno de los m\u00e1s grandes m\u00fasicos cerinzanos.<\/p><\/div>\n<\/div><\/div>\n\n\n\n<div class=\"wp-block-uagb-container uagb-block-4vuj8rj9 alignfull uagb-is-root-container\"><div class=\"uagb-container-inner-blocks-wrap\">\n<div class=\"wp-block-uagb-container uagb-block-by0gw3hl\">\n<div class=\"wp-block-uagb-info-box uagb-block-3ejbsn7a uagb-infobox__content-wrap  uagb-infobox-icon-above-title uagb-infobox-image-valign-top\"><div class=\"uagb-ifb-content\"><div class=\"uagb-ifb-title-wrap\"><\/div><p class=\"uagb-ifb-desc\">A partir del a\u00f1o 2011, la direcci\u00f3n musical de la escuela qued\u00f3 a cargo del Maestro \u00c1ngel Miguel Parra Vargas, quien impuls\u00f3 con dedicaci\u00f3n un proceso s\u00f3lido de iniciaci\u00f3n musical y consolid\u00f3 la Banda Fiestera, agrupaci\u00f3n que ha dejado en alto el nombre del municipio en m\u00faltiples escenarios.<br>&nbsp;<br>Entre los logros m\u00e1s destacados se encuentran:<br>&nbsp;<br>Segundo lugar en el Concurso Departamental de Bandas (2017) y reconocimiento a la mejor cuerda de trompetas.<br>&nbsp;<br>Representaci\u00f3n del departamento de Boyac\u00e1 en el Concurso Nacional del Porro en San Pelayo \u2013 C\u00f3rdoba (2018).<br>&nbsp;<br>Premio a la mejor interpretaci\u00f3n de Rumba Criolla en Su\u00e1rez, Tolima (2017).<br>&nbsp;<br>Premio a la simpat\u00eda en el Primer Festival Nacional de Bandas Fiestera de Ramiriqu\u00ed (2018).<br>&nbsp;<br>Tercer puesto en el Concurso Departamental de Bandas Fiestera (2019).<br>&nbsp;<br>Reconocimientos en el II Encuentro Nacional de Bandas Fiestera de Cerinza (2020) y en las eliminatorias zonales de Santa Rosa de Viterbo (2021).<br>&nbsp;<br>Tercer puesto en el Concurso Departamental de Bandas categor\u00eda fiestera (2022).<br>&nbsp;<br>&nbsp;<br>Estos logros han permitido que la Escuela de M\u00fasica \u201cEnrique C\u00e1rdenas Castro\u201d sea hoy reconocida a nivel regional, departamental y nacional como una de las instituciones m\u00e1s estables y con mayores est\u00e1ndares de calidad en procesos de formaci\u00f3n musical.<br>&nbsp;<br>A lo largo de su trayectoria, la escuela ha participado activamente en la vida cultural del municipio, realizando conciertos y presentaciones en celebraciones como el D\u00eda de la Madre, el D\u00eda del Campesino, las Fiestas Patronales, las Ferias y Fiestas Municipales, el 7 de agosto, y en los tradicionales eventos \u201cCelebra la M\u00fasica\u201d, entre otros.<br>&nbsp;<br>Actualmente, la Escuela de M\u00fasica desarrolla procesos en iniciaci\u00f3n musical, banda fiestera, banda her\u00e1ldica y cuerdas tradicionales, integrando a ni\u00f1os, j\u00f3venes y adultos del \u00e1rea urbana y rural, gracias a recursos propios y a proyectos apoyados por el Programa Nacional de Concertaci\u00f3n Cultural.<\/p><\/div><\/div>\n<\/div>\n\n\n\n<div class=\"wp-block-uagb-container uagb-block-yykze2jh\">\n<div class=\"wp-block-uagb-image alignleft uagb-block-08novcdt wp-block-uagb-image--layout-default wp-block-uagb-image--effect-static wp-block-uagb-image--align-left\"><figure class=\"wp-block-uagb-image__figure\"><img decoding=\"async\" srcset=\"https:\/\/retco.com.co\/cerinza\/wp-content\/uploads\/sites\/17\/2025\/11\/FB_IMG_1754252321284-1-1024x768.jpg ,https:\/\/retco.com.co\/cerinza\/wp-content\/uploads\/sites\/17\/2025\/11\/FB_IMG_1754252321284-1.jpg 780w, https:\/\/retco.com.co\/cerinza\/wp-content\/uploads\/sites\/17\/2025\/11\/FB_IMG_1754252321284-1.jpg 360w\" sizes=\"auto, (max-width: 480px) 150px\" src=\"https:\/\/retco.com.co\/cerinza\/wp-content\/uploads\/sites\/17\/2025\/11\/FB_IMG_1754252321284-1-1024x768.jpg\" alt=\"fb img 1754252321284\" class=\"uag-image-109\" width=\"270\" height=\"360\" title=\"fb img 1754252321284\" loading=\"lazy\" role=\"img\"\/><\/figure><\/div>\n\n\n\n<div class=\"wp-block-uagb-image alignleft uagb-block-r0ioftar wp-block-uagb-image--layout-default wp-block-uagb-image--effect-static wp-block-uagb-image--align-left\"><figure class=\"wp-block-uagb-image__figure\"><img decoding=\"async\" srcset=\"https:\/\/retco.com.co\/cerinza\/wp-content\/uploads\/sites\/17\/2025\/11\/IMG-20250521-WA0092-1024x768.jpg ,https:\/\/retco.com.co\/cerinza\/wp-content\/uploads\/sites\/17\/2025\/11\/IMG-20250521-WA0092.jpg 780w, https:\/\/retco.com.co\/cerinza\/wp-content\/uploads\/sites\/17\/2025\/11\/IMG-20250521-WA0092.jpg 360w\" sizes=\"auto, (max-width: 480px) 150px\" src=\"https:\/\/retco.com.co\/cerinza\/wp-content\/uploads\/sites\/17\/2025\/11\/IMG-20250521-WA0092-1024x768.jpg\" alt=\"img 20250521 wa0092\" class=\"uag-image-103\" width=\"270\" height=\"360\" title=\"img 20250521 wa0092\" loading=\"lazy\" role=\"img\"\/><\/figure><\/div>\n<\/div>\n<\/div><\/div>\n\n\n\n<div class=\"wp-block-uagb-container uagb-block-9f5db31c alignfull uagb-is-root-container\"><div class=\"uagb-container-inner-blocks-wrap\">\n<div class=\"wp-block-uagb-separator uagb-block-bc9bcc18\"><div class=\"wp-block-uagb-separator__inner\" style=\"--my-background-image:\"><\/div><\/div>\n\n\n\n<div class=\"wp-block-uagb-container uagb-layout-grid uagb-block-fe6825b8\">\n<div class=\"wp-block-uagb-advanced-heading uagb-block-7113bb44\"><h6 class=\"uagb-heading-text\"><strong>Misi\u00f3n<\/strong><\/h6><\/div>\n\n\n\n<div class=\"wp-block-uagb-advanced-heading uagb-block-98e1d011\"><p class=\"uagb-heading-text\">Formar integralmente a ni\u00f1os, j\u00f3venes y adultos en el campo de la m\u00fasica, fortaleciendo sus capacidades art\u00edsticas, sociales y culturales mediante procesos pedag\u00f3gicos incluyentes que promuevan la identidad cultural, la convivencia y el amor por la m\u00fasica.<\/p><\/div>\n<\/div>\n\n\n\n<div class=\"wp-block-uagb-separator uagb-block-8e39672a\"><div class=\"wp-block-uagb-separator__inner\" style=\"--my-background-image:\"><\/div><\/div>\n\n\n\n<div class=\"wp-block-uagb-container uagb-layout-grid uagb-block-529a042e\">\n<div class=\"wp-block-uagb-advanced-heading uagb-block-24def4c2\"><h6 class=\"uagb-heading-text\"><strong><strong>Visi\u00f3n<\/strong><\/strong><\/h6><\/div>\n\n\n\n<div class=\"wp-block-uagb-advanced-heading uagb-block-3b8db3f5\"><p class=\"uagb-heading-text\">Para el a\u00f1o 2030, la Escuela de M\u00fasica \u201cEnrique C\u00e1rdenas Castro\u201d ser\u00e1 reconocida como un referente art\u00edstico y cultural del pa\u00eds, destac\u00e1ndose por su excelencia formativa, su compromiso con la preservaci\u00f3n de las tradiciones y su proyecci\u00f3n a nivel departamental y nacional.<\/p><\/div>\n<\/div>\n<\/div><\/div>\n","protected":false},"excerpt":{"rendered":"<p>Escuela de M\u00fasica de Cerinza, Boyac\u00e1 La historia musical de Cerinza tiene sus ra\u00edces en el a\u00f1o 1917, cuando bajo [&hellip;]<\/p>\n","protected":false},"author":1,"featured_media":0,"parent":0,"menu_order":0,"comment_status":"closed","ping_status":"closed","template":"","meta":{"_uag_custom_page_level_css":"","site-sidebar-layout":"default","site-content-layout":"","ast-site-content-layout":"default","site-content-style":"default","site-sidebar-style":"default","ast-global-header-display":"","ast-banner-title-visibility":"","ast-main-header-display":"","ast-hfb-above-header-display":"","ast-hfb-below-header-display":"","ast-hfb-mobile-header-display":"","site-post-title":"disabled","ast-breadcrumbs-content":"","ast-featured-img":"","footer-sml-layout":"","theme-transparent-header-meta":"","adv-header-id-meta":"","stick-header-meta":"","header-above-stick-meta":"","header-main-stick-meta":"","header-below-stick-meta":"","astra-migrate-meta-layouts":"default","ast-page-background-enabled":"default","ast-page-background-meta":{"desktop":{"background-color":"var(--ast-global-color-5)","background-image":"","background-repeat":"repeat","background-position":"center center","background-size":"auto","background-attachment":"scroll","background-type":"","background-media":"","overlay-type":"","overlay-color":"","overlay-opacity":"","overlay-gradient":""},"tablet":{"background-color":"","background-image":"","background-repeat":"repeat","background-position":"center center","background-size":"auto","background-attachment":"scroll","background-type":"","background-media":"","overlay-type":"","overlay-color":"","overlay-opacity":"","overlay-gradient":""},"mobile":{"background-color":"","background-image":"","background-repeat":"repeat","background-position":"center center","background-size":"auto","background-attachment":"scroll","background-type":"","background-media":"","overlay-type":"","overlay-color":"","overlay-opacity":"","overlay-gradient":""}},"ast-content-background-meta":{"desktop":{"background-color":"var(--ast-global-color-4)","background-image":"","background-repeat":"repeat","background-position":"center center","background-size":"auto","background-attachment":"scroll","background-type":"","background-media":"","overlay-type":"","overlay-color":"","overlay-opacity":"","overlay-gradient":""},"tablet":{"background-color":"var(--ast-global-color-4)","background-image":"","background-repeat":"repeat","background-position":"center center","background-size":"auto","background-attachment":"scroll","background-type":"","background-media":"","overlay-type":"","overlay-color":"","overlay-opacity":"","overlay-gradient":""},"mobile":{"background-color":"var(--ast-global-color-4)","background-image":"","background-repeat":"repeat","background-position":"center center","background-size":"auto","background-attachment":"scroll","background-type":"","background-media":"","overlay-type":"","overlay-color":"","overlay-opacity":"","overlay-gradient":""}},"footnotes":""},"class_list":["post-59","page","type-page","status-publish","hentry"],"aioseo_notices":[],"_hostinger_reach_plugin_has_subscription_block":false,"_hostinger_reach_plugin_is_elementor":false,"uagb_featured_image_src":{"full":false,"thumbnail":false,"medium":false,"medium_large":false,"large":false,"1536x1536":false,"2048x2048":false},"uagb_author_info":{"display_name":"retco.org@gmail.com","author_link":"https:\/\/retco.com.co\/cerinza\/author\/retco-orggmail-com\/"},"uagb_comment_info":0,"uagb_excerpt":"Escuela de M\u00fasica de Cerinza, Boyac\u00e1 La historia musical de Cerinza tiene sus ra\u00edces en el a\u00f1o 1917, cuando bajo [&hellip;]","_links":{"self":[{"href":"https:\/\/retco.com.co\/cerinza\/wp-json\/wp\/v2\/pages\/59","targetHints":{"allow":["GET"]}}],"collection":[{"href":"https:\/\/retco.com.co\/cerinza\/wp-json\/wp\/v2\/pages"}],"about":[{"href":"https:\/\/retco.com.co\/cerinza\/wp-json\/wp\/v2\/types\/page"}],"author":[{"embeddable":true,"href":"https:\/\/retco.com.co\/cerinza\/wp-json\/wp\/v2\/users\/1"}],"replies":[{"embeddable":true,"href":"https:\/\/retco.com.co\/cerinza\/wp-json\/wp\/v2\/comments?post=59"}],"version-history":[{"count":6,"href":"https:\/\/retco.com.co\/cerinza\/wp-json\/wp\/v2\/pages\/59\/revisions"}],"predecessor-version":[{"id":112,"href":"https:\/\/retco.com.co\/cerinza\/wp-json\/wp\/v2\/pages\/59\/revisions\/112"}],"wp:attachment":[{"href":"https:\/\/retco.com.co\/cerinza\/wp-json\/wp\/v2\/media?parent=59"}],"curies":[{"name":"wp","href":"https:\/\/api.w.org\/{rel}","templated":true}]}}