{"id":37,"date":"2025-11-09T14:39:20","date_gmt":"2025-11-09T19:39:20","guid":{"rendered":"https:\/\/retco.com.co\/cerinza\/?page_id=37"},"modified":"2025-11-27T16:10:15","modified_gmt":"2025-11-27T21:10:15","slug":"inicio","status":"publish","type":"page","link":"https:\/\/retco.com.co\/cerinza\/","title":{"rendered":"Inicio"},"content":{"rendered":"\n<div class=\"wp-block-uagb-container uagb-block-3a07fb41 alignfull uagb-is-root-container\"><div class=\"uagb-container-inner-blocks-wrap\">\n<div class=\"wp-block-uagb-info-box uagb-block-78054147 uagb-infobox__content-wrap  uagb-infobox-icon-above-title uagb-infobox-image-valign-top wp-block-uagb-info-box--has-margin\"><div class=\"uagb-infobox-margin-wrapper\"><div class=\"uagb-ifb-content\"><div class=\"uagb-ifb-separator\"><\/div><div class=\"uagb-ifb-title-wrap\"><h1 class=\"uagb-ifb-title\">Escuela de M\u00fasica de Cerinza, Boyac\u00e1<\/h1><\/div><p class=\"uagb-ifb-desc\">Enrique C\u00e1rdenas Castro<\/p><\/div><\/div><\/div>\n<\/div><\/div>\n\n\n\n<div class=\"wp-block-uagb-container uagb-block-402fbf4d alignfull uagb-is-root-container\"><div class=\"uagb-container-inner-blocks-wrap\">\n<figure class=\"wp-block-embed is-type-video is-provider-youtube wp-block-embed-youtube wp-embed-aspect-16-9 wp-has-aspect-ratio\"><div class=\"wp-block-embed__wrapper\">\n<iframe loading=\"lazy\" title=\"Escuela de M\u00fasica de Cerinza (Boyac\u00e1) - Colombia\" width=\"500\" height=\"281\" src=\"https:\/\/www.youtube.com\/embed\/oW2pxL_DDF8?feature=oembed\" frameborder=\"0\" allow=\"accelerometer; autoplay; clipboard-write; encrypted-media; gyroscope; picture-in-picture; web-share\" referrerpolicy=\"strict-origin-when-cross-origin\" allowfullscreen><\/iframe>\n<\/div><\/figure>\n<\/div><\/div>\n\n\n\n<div class=\"wp-block-uagb-container uagb-block-d315b49f alignfull uagb-is-root-container\"><div class=\"uagb-container-inner-blocks-wrap\">\n<div class=\"wp-block-uagb-advanced-heading uagb-block-67c06a4f\"><h2 class=\"uagb-heading-text\">Qui\u00e9nes somos<\/h2><\/div>\n\n\n\n<div class=\"wp-block-uagb-info-box uagb-block-1b9ee481 uagb-infobox__content-wrap  uagb-infobox-icon-above-title uagb-infobox-image-valign-top\"><div class=\"uagb-ifb-content\"><div class=\"uagb-ifb-title-wrap\"><\/div><div class=\"uagb-ifb-separator\"><\/div><\/div><\/div>\n\n\n\n<div class=\"wp-block-uagb-container uagb-block-ec9fa64b\">\n<div class=\"wp-block-uagb-advanced-heading uagb-block-876cfa84\"><p class=\"uagb-heading-text\">La historia musical de Cerinza tiene sus ra\u00edces en el a\u00f1o 1917, cuando bajo la iniciativa del Padre Pedro Mar\u00eda Pardo, p\u00e1rroco del municipio, y con la direcci\u00f3n del maestro Isaac Barrera, se organiz\u00f3 la primera Banda de M\u00fasicos de Cerinza. Esta agrupaci\u00f3n tuvo una destacada trayectoria hasta la d\u00e9cada de los sesenta, siendo reconocida en toda la regi\u00f3n por amenizar las fiestas patronales y los eventos culturales de diversos municipios, incluso en los llanos orientales.<\/p><\/div>\n\n\n\n<div class=\"wp-block-uagb-advanced-heading uagb-block-6f458ff4\"><p class=\"uagb-heading-text\">D\u00e9cadas despu\u00e9s, en 1996, se retom\u00f3 el proceso de formaci\u00f3n musical en el municipio, sembrando nuevamente la semilla del arte y la cultura. Fue as\u00ed como el 3 de marzo de 2009, mediante el Acuerdo Municipal N.\u00ba 006, se cre\u00f3 oficialmente la Escuela de M\u00fasica \u201cEnrique C\u00e1rdenas Castro\u201d, en honor a uno de los m\u00e1s grandes m\u00fasicos cerinzanos.<\/p><\/div>\n<\/div>\n\n\n\n<div class=\"wp-block-uagb-buttons uagb-buttons__outer-wrap uagb-btn__default-btn uagb-btn-tablet__default-btn uagb-btn-mobile__default-btn uagb-block-35118051\"><div class=\"uagb-buttons__wrap uagb-buttons-layout-wrap \">\n<div class=\"wp-block-uagb-buttons-child uagb-buttons__outer-wrap uagb-block-d3d39c07 wp-block-button\"><div class=\"uagb-button__wrapper\"><a class=\"uagb-buttons-repeater wp-block-button__link\" aria-label=\"\" href=\"quienes-somos\" rel=\"follow noopener\" target=\"_self\" role=\"button\"><div class=\"uagb-button__link\">M\u00e1s informaci\u00f3n<\/div><span class=\"uagb-button__icon uagb-button__icon-position-after\"><svg xmlns=\"https:\/\/www.w3.org\/2000\/svg\" viewBox=\"0 0 512 512\" aria-hidden=\"true\" focussable=\"false\"><path d=\"M502.6 278.6l-128 128c-12.51 12.51-32.76 12.49-45.25 0c-12.5-12.5-12.5-32.75 0-45.25L402.8 288H32C14.31 288 0 273.7 0 255.1S14.31 224 32 224h370.8l-73.38-73.38c-12.5-12.5-12.5-32.75 0-45.25s32.75-12.5 45.25 0l128 128C515.1 245.9 515.1 266.1 502.6 278.6z\"><\/path><\/svg><\/span><\/a><\/div><\/div>\n<\/div><\/div>\n\n\n\n<div class=\"wp-block-uagb-separator uagb-block-831f33a4\"><div class=\"wp-block-uagb-separator__inner\" style=\"--my-background-image:\"><\/div><\/div>\n<\/div><\/div>\n\n\n\n<div id=\"programas\" class=\"wp-block-uagb-container uagb-block-1i6miz1s alignfull uagb-is-root-container\"><div class=\"uagb-container-inner-blocks-wrap\">\n<div class=\"wp-block-uagb-info-box uagb-block-p97h5ysk uagb-infobox__content-wrap  uagb-infobox-icon-above-title uagb-infobox-image-valign-top\"><div class=\"uagb-ifb-content\"><div class=\"uagb-ifb-title-wrap\"><h2 class=\"uagb-ifb-title\">Programas formativos<\/h2><\/div><\/div><\/div>\n\n\n\n<div class=\"wp-block-uagb-container uagb-block-ol2h3i6g\">\n<div class=\"wp-block-uagb-container uagb-block-v8k0kyex\">\n<div class=\"wp-block-uagb-info-box uagb-block-crlkr0ux uagb-infobox__content-wrap  uagb-infobox-icon-above-title uagb-infobox-image-valign-top\"><div class=\"uagb-ifb-content\"><div class=\"uagb-ifb-icon-wrap\"><svg xmlns=\"https:\/\/www.w3.org\/2000\/svg\" viewBox=\"0 0 512 512\"><path d=\"M431.1 122l70.02-45.91c11.09-7.273 14.19-22.14 6.906-33.25c-7.219-11.07-22.09-14.23-33.22-6.924l-106.4 69.73c-49.81-8.787-97.18-9.669-112.4-9.669c-.002 0 .002 0 0 0C219.5 96 0 100.6 0 208.3v160.1c0 30.27 27.5 57.68 71.1 77.85v-101.9c0-13.27 10.75-24.03 24-24.03s23.1 10.76 23.1 24.03v118.9C153 472.4 191.1 478.3 231.1 480v-103.6c0-13.27 10.75-24.03 24-24.03c.002 0-.002 0 0 0c13.25 0 24 10.76 24 24.03V480c40.93-1.668 78.95-7.615 111.1-16.72v-118.9c0-13.27 10.75-24.03 24-24.03s24 10.76 24 24.03v101.9c44.49-20.17 71.1-47.58 71.1-77.85V208.3C511.1 164.9 476.1 138.4 431.1 122zM255.1 272.5C255.1 272.5 255.1 272.5 255.1 272.5c-114.9 0-207.1-28.97-207.1-64.39s93.12-63.1 207.1-63.1c.002 0-.002 0 0 0c17.5 0 34.47 .7139 50.71 1.966L242.8 187.1c-11.09 7.273-14.19 22.14-6.906 33.25C240.5 228.3 248.2 232.1 256 232.1c4.5 0 9.062-1.265 13.12-3.923l109.3-71.67c51.77 11.65 85.5 30.38 85.5 51.67C463.1 243.6 370.9 272.5 255.1 272.5z\"><\/path><\/svg><\/div><div class=\"uagb-ifb-title-wrap\"><h3 class=\"uagb-ifb-title\">Banda Marcial<\/h3><\/div><\/div><\/div>\n<\/div>\n\n\n\n<div class=\"wp-block-uagb-container uagb-block-ckxjcfdn\">\n<div class=\"wp-block-uagb-info-box uagb-block-w69dks9y uagb-infobox__content-wrap  uagb-infobox-icon-above-title uagb-infobox-image-valign-top\"><div class=\"uagb-ifb-content\"><div class=\"uagb-ifb-icon-wrap\"><svg xmlns=\"https:\/\/www.w3.org\/2000\/svg\" viewBox=\"0 0 512 512\"><path d=\"M511.1 367.1c0 44.18-42.98 80-95.1 80s-95.1-35.82-95.1-79.1c0-44.18 42.98-79.1 95.1-79.1c11.28 0 21.95 1.92 32.01 4.898V148.1L192 224l-.0023 208.1C191.1 476.2 149 512 95.1 512S0 476.2 0 432c0-44.18 42.98-79.1 95.1-79.1c11.28 0 21.95 1.92 32 4.898V126.5c0-12.97 10.06-26.63 22.41-30.52l319.1-94.49C472.1 .6615 477.3 0 480 0c17.66 0 31.97 14.34 32 31.99L511.1 367.1z\"><\/path><\/svg><\/div><div class=\"uagb-ifb-title-wrap\"><h3 class=\"uagb-ifb-title\">Banda Sinf\u00f3nica<\/h3><\/div><\/div><\/div>\n<\/div>\n<\/div>\n\n\n\n<div class=\"wp-block-uagb-container uagb-block-9ecae835\">\n<div class=\"wp-block-uagb-container uagb-block-61688b06\">\n<div class=\"wp-block-uagb-info-box uagb-block-28ed9369 uagb-infobox__content-wrap  uagb-infobox-icon-above-title uagb-infobox-image-valign-top\"><div class=\"uagb-ifb-content\"><div class=\"uagb-ifb-icon-wrap\"><svg xmlns=\"https:\/\/www.w3.org\/2000\/svg\" viewBox=\"0 0 512 512\"><path d=\"M502.7 39.02L473 9.37c-12.5-12.5-32.74-12.49-45.24 .0106l-46.24 46.37c-3.875 3.875-6.848 8.506-8.598 13.76l-12.19 36.51L284.5 182.3C272.4 173.5 259 166.5 244.4 163.1C211 155.4 177.4 162.3 154.5 185.1C145.3 194.5 138.3 206 134.3 218.6C128.3 237.1 111.1 251.3 92.14 253C68.52 255.4 46.39 264.5 29.52 281.5c-45.62 45.5-37.38 127.5 18.12 183c55.37 55.38 137.4 63.51 182.9 18c16.1-16.88 26.25-38.85 28.5-62.72c1.75-18.75 15.84-36.16 34.47-42.16c12.5-3.875 24.03-10.87 33.4-20.25c22.87-22.88 29.75-56.38 21.1-89.76c-3.375-14.63-10.39-27.99-19.14-40.11l76.25-76.26l36.53-12.17c5.125-1.75 9.894-4.715 13.77-8.59l46.36-46.29C515.2 71.72 515.2 51.52 502.7 39.02zM208 352c-26.5 0-48-21.5-48-48c0-26.5 21.5-48 48-48s47.1 21.5 47.1 48C256 330.5 234.5 352 208 352z\"><\/path><\/svg><\/div><div class=\"uagb-ifb-title-wrap\"><h3 class=\"uagb-ifb-title\">Cuerdas Tipicas<\/h3><\/div><\/div><\/div>\n<\/div>\n<\/div>\n<\/div><\/div>\n\n\n\n<div id=\"galeria\" class=\"wp-block-uagb-container uagb-block-bdcgwrti alignfull uagb-is-root-container\"><div class=\"uagb-container-inner-blocks-wrap\">\n<div class=\"wp-block-uagb-container uagb-block-yhinp9hq\">\n<div class=\"wp-block-uagb-info-box uagb-block-0mjuot61 uagb-infobox__content-wrap  uagb-infobox-icon-above-title uagb-infobox-image-valign-top\"><div class=\"uagb-ifb-content\"><div class=\"uagb-ifb-title-wrap\"><h2 class=\"uagb-ifb-title\">Galer\u00eda<\/h2><\/div><\/div><\/div>\n\n\n\n<div class=\"wp-block-uagb-info-box uagb-block-qwjgcov4 uagb-infobox__content-wrap  uagb-infobox-icon-above-title uagb-infobox-image-valign-top\"><div class=\"uagb-ifb-content\"><div class=\"uagb-ifb-title-wrap\"><\/div><\/div><\/div>\n<\/div>\n\n\n\n<div class=\"wp-block-uagb-container uagb-block-g1coywnu\">\n<div class=\"wp-block-uagb-container uagb-block-hdcmwpy9\">\n<div class=\"wp-block-uagb-image alignleft uagb-block-xccypamn wp-block-uagb-image--layout-default wp-block-uagb-image--effect-static wp-block-uagb-image--align-left\"><figure class=\"wp-block-uagb-image__figure\"><img decoding=\"async\" srcset=\"https:\/\/retco.com.co\/cerinza\/wp-content\/uploads\/sites\/17\/2025\/11\/Screenshot_20250803_195940-1024x587.jpg ,https:\/\/retco.com.co\/cerinza\/wp-content\/uploads\/sites\/17\/2025\/11\/Screenshot_20250803_195940.jpg 780w, https:\/\/retco.com.co\/cerinza\/wp-content\/uploads\/sites\/17\/2025\/11\/Screenshot_20250803_195940.jpg 360w\" sizes=\"auto, (max-width: 480px) 150px\" src=\"https:\/\/retco.com.co\/cerinza\/wp-content\/uploads\/sites\/17\/2025\/11\/Screenshot_20250803_195940-1024x587.jpg\" alt=\"screenshot 20250803 195940\" class=\"uag-image-107\" width=\"384\" height=\"384\" title=\"screenshot 20250803 195940\" loading=\"lazy\" role=\"img\"\/><\/figure><\/div>\n\n\n\n<div class=\"wp-block-uagb-image alignleft uagb-block-dor5impb wp-block-uagb-image--layout-default wp-block-uagb-image--effect-static wp-block-uagb-image--align-left\"><figure class=\"wp-block-uagb-image__figure\"><img decoding=\"async\" srcset=\"https:\/\/retco.com.co\/cerinza\/wp-content\/uploads\/sites\/17\/2025\/11\/IMG-20230821-WA0005-1024x768.jpg ,https:\/\/retco.com.co\/cerinza\/wp-content\/uploads\/sites\/17\/2025\/11\/IMG-20230821-WA0005.jpg 780w, https:\/\/retco.com.co\/cerinza\/wp-content\/uploads\/sites\/17\/2025\/11\/IMG-20230821-WA0005.jpg 360w\" sizes=\"auto, (max-width: 480px) 150px\" src=\"https:\/\/retco.com.co\/cerinza\/wp-content\/uploads\/sites\/17\/2025\/11\/IMG-20230821-WA0005-1024x768.jpg\" alt=\"img 20230821 wa0005\" class=\"uag-image-102\" width=\"384\" height=\"512\" title=\"img 20230821 wa0005\" loading=\"lazy\" role=\"img\"\/><\/figure><\/div>\n<\/div>\n\n\n\n<div class=\"wp-block-uagb-container uagb-block-kaski18q\">\n<div class=\"wp-block-uagb-image alignleft uagb-block-npvcuqaf wp-block-uagb-image--layout-default wp-block-uagb-image--effect-static wp-block-uagb-image--align-left\"><figure class=\"wp-block-uagb-image__figure\"><img decoding=\"async\" srcset=\"https:\/\/retco.com.co\/cerinza\/wp-content\/uploads\/sites\/17\/2025\/11\/IMG-20230820-WA0036-1024x768.jpg ,https:\/\/retco.com.co\/cerinza\/wp-content\/uploads\/sites\/17\/2025\/11\/IMG-20230820-WA0036.jpg 780w, https:\/\/retco.com.co\/cerinza\/wp-content\/uploads\/sites\/17\/2025\/11\/IMG-20230820-WA0036.jpg 360w\" sizes=\"auto, (max-width: 480px) 150px\" src=\"https:\/\/retco.com.co\/cerinza\/wp-content\/uploads\/sites\/17\/2025\/11\/IMG-20230820-WA0036-1024x768.jpg\" alt=\"img 20230820 wa0036\" class=\"uag-image-106\" width=\"384\" height=\"308\" title=\"img 20230820 wa0036\" loading=\"lazy\" role=\"img\"\/><\/figure><\/div>\n\n\n\n<div class=\"wp-block-uagb-image alignleft uagb-block-eyhqgz21 wp-block-uagb-image--layout-default wp-block-uagb-image--effect-static wp-block-uagb-image--align-left\"><figure class=\"wp-block-uagb-image__figure\"><img decoding=\"async\" srcset=\"https:\/\/retco.com.co\/cerinza\/wp-content\/uploads\/sites\/17\/2025\/11\/IMG-20250521-WA0092-1024x768.jpg ,https:\/\/retco.com.co\/cerinza\/wp-content\/uploads\/sites\/17\/2025\/11\/IMG-20250521-WA0092.jpg 780w, https:\/\/retco.com.co\/cerinza\/wp-content\/uploads\/sites\/17\/2025\/11\/IMG-20250521-WA0092.jpg 360w\" sizes=\"auto, (max-width: 480px) 150px\" src=\"https:\/\/retco.com.co\/cerinza\/wp-content\/uploads\/sites\/17\/2025\/11\/IMG-20250521-WA0092-1024x768.jpg\" alt=\"img 20250521 wa0092\" class=\"uag-image-103\" width=\"384\" height=\"384\" title=\"img 20250521 wa0092\" loading=\"lazy\" role=\"img\"\/><\/figure><\/div>\n<\/div>\n\n\n\n<div class=\"wp-block-uagb-container uagb-block-912psjrr\">\n<div class=\"wp-block-uagb-image alignleft uagb-block-rqkfmgxp wp-block-uagb-image--layout-default wp-block-uagb-image--effect-static wp-block-uagb-image--align-left\"><figure class=\"wp-block-uagb-image__figure\"><img decoding=\"async\" srcset=\"https:\/\/retco.com.co\/cerinza\/wp-content\/uploads\/sites\/17\/2025\/11\/Screenshot_20250803_200239-1024x575.jpg ,https:\/\/retco.com.co\/cerinza\/wp-content\/uploads\/sites\/17\/2025\/11\/Screenshot_20250803_200239.jpg 780w, https:\/\/retco.com.co\/cerinza\/wp-content\/uploads\/sites\/17\/2025\/11\/Screenshot_20250803_200239.jpg 360w\" sizes=\"auto, (max-width: 480px) 150px\" src=\"https:\/\/retco.com.co\/cerinza\/wp-content\/uploads\/sites\/17\/2025\/11\/Screenshot_20250803_200239-1024x575.jpg\" alt=\"screenshot 20250803 200239\" class=\"uag-image-105\" width=\"384\" height=\"481\" title=\"screenshot 20250803 200239\" loading=\"lazy\" role=\"img\"\/><\/figure><\/div>\n<\/div>\n<\/div>\n<\/div><\/div>\n","protected":false},"excerpt":{"rendered":"<p>Qui\u00e9nes somos La historia musical de Cerinza tiene sus ra\u00edces en el a\u00f1o 1917, cuando bajo la iniciativa del Padre [&hellip;]<\/p>\n","protected":false},"author":1,"featured_media":0,"parent":0,"menu_order":0,"comment_status":"closed","ping_status":"closed","template":"","meta":{"_uag_custom_page_level_css":"","site-sidebar-layout":"default","site-content-layout":"","ast-site-content-layout":"default","site-content-style":"default","site-sidebar-style":"default","ast-global-header-display":"","ast-banner-title-visibility":"","ast-main-header-display":"","ast-hfb-above-header-display":"","ast-hfb-below-header-display":"","ast-hfb-mobile-header-display":"","site-post-title":"disabled","ast-breadcrumbs-content":"","ast-featured-img":"","footer-sml-layout":"","theme-transparent-header-meta":"","adv-header-id-meta":"","stick-header-meta":"","header-above-stick-meta":"","header-main-stick-meta":"","header-below-stick-meta":"","astra-migrate-meta-layouts":"default","ast-page-background-enabled":"default","ast-page-background-meta":{"desktop":{"background-color":"var(--ast-global-color-5)","background-image":"","background-repeat":"repeat","background-position":"center center","background-size":"auto","background-attachment":"scroll","background-type":"","background-media":"","overlay-type":"","overlay-color":"","overlay-opacity":"","overlay-gradient":""},"tablet":{"background-color":"","background-image":"","background-repeat":"repeat","background-position":"center center","background-size":"auto","background-attachment":"scroll","background-type":"","background-media":"","overlay-type":"","overlay-color":"","overlay-opacity":"","overlay-gradient":""},"mobile":{"background-color":"","background-image":"","background-repeat":"repeat","background-position":"center center","background-size":"auto","background-attachment":"scroll","background-type":"","background-media":"","overlay-type":"","overlay-color":"","overlay-opacity":"","overlay-gradient":""}},"ast-content-background-meta":{"desktop":{"background-color":"var(--ast-global-color-4)","background-image":"","background-repeat":"repeat","background-position":"center center","background-size":"auto","background-attachment":"scroll","background-type":"","background-media":"","overlay-type":"","overlay-color":"","overlay-opacity":"","overlay-gradient":""},"tablet":{"background-color":"var(--ast-global-color-4)","background-image":"","background-repeat":"repeat","background-position":"center center","background-size":"auto","background-attachment":"scroll","background-type":"","background-media":"","overlay-type":"","overlay-color":"","overlay-opacity":"","overlay-gradient":""},"mobile":{"background-color":"var(--ast-global-color-4)","background-image":"","background-repeat":"repeat","background-position":"center center","background-size":"auto","background-attachment":"scroll","background-type":"","background-media":"","overlay-type":"","overlay-color":"","overlay-opacity":"","overlay-gradient":""}},"footnotes":""},"class_list":["post-37","page","type-page","status-publish","hentry"],"aioseo_notices":[],"_hostinger_reach_plugin_has_subscription_block":false,"_hostinger_reach_plugin_is_elementor":false,"uagb_featured_image_src":{"full":false,"thumbnail":false,"medium":false,"medium_large":false,"large":false,"1536x1536":false,"2048x2048":false},"uagb_author_info":{"display_name":"retco.org@gmail.com","author_link":"https:\/\/retco.com.co\/cerinza\/author\/retco-orggmail-com\/"},"uagb_comment_info":0,"uagb_excerpt":"Qui\u00e9nes somos La historia musical de Cerinza tiene sus ra\u00edces en el a\u00f1o 1917, cuando bajo la iniciativa del Padre [&hellip;]","_links":{"self":[{"href":"https:\/\/retco.com.co\/cerinza\/wp-json\/wp\/v2\/pages\/37","targetHints":{"allow":["GET"]}}],"collection":[{"href":"https:\/\/retco.com.co\/cerinza\/wp-json\/wp\/v2\/pages"}],"about":[{"href":"https:\/\/retco.com.co\/cerinza\/wp-json\/wp\/v2\/types\/page"}],"author":[{"embeddable":true,"href":"https:\/\/retco.com.co\/cerinza\/wp-json\/wp\/v2\/users\/1"}],"replies":[{"embeddable":true,"href":"https:\/\/retco.com.co\/cerinza\/wp-json\/wp\/v2\/comments?post=37"}],"version-history":[{"count":22,"href":"https:\/\/retco.com.co\/cerinza\/wp-json\/wp\/v2\/pages\/37\/revisions"}],"predecessor-version":[{"id":158,"href":"https:\/\/retco.com.co\/cerinza\/wp-json\/wp\/v2\/pages\/37\/revisions\/158"}],"wp:attachment":[{"href":"https:\/\/retco.com.co\/cerinza\/wp-json\/wp\/v2\/media?parent=37"}],"curies":[{"name":"wp","href":"https:\/\/api.w.org\/{rel}","templated":true}]}}