{"id":9,"date":"2025-11-07T20:30:22","date_gmt":"2025-11-08T01:30:22","guid":{"rendered":"https:\/\/retco.com.co\/candelaria\/home\/"},"modified":"2025-11-24T21:51:54","modified_gmt":"2025-11-25T02:51:54","slug":"inicio","status":"publish","type":"page","link":"https:\/\/retco.com.co\/candelaria\/","title":{"rendered":"Inicio"},"content":{"rendered":"\n<div class=\"wp-block-uagb-container uagb-block-3a07fb41 alignfull uagb-is-root-container\"><div class=\"uagb-container-inner-blocks-wrap\">\n<div class=\"wp-block-uagb-info-box uagb-block-78054147 uagb-infobox__content-wrap  uagb-infobox-icon-above-title uagb-infobox-image-valign-top\"><div class=\"uagb-ifb-content\"><div class=\"uagb-ifb-separator\"><\/div><div class=\"uagb-ifb-title-wrap\"><h2 class=\"uagb-ifb-title\">Escuela de M\u00fasica de Candelar\u00eda, Valle del Cauca<\/h2><\/div><p class=\"uagb-ifb-desc\">LEOPOLDO PECHTHALT MESA<\/p><\/div><\/div>\n<\/div><\/div>\n\n\n\n<div class=\"wp-block-uagb-container uagb-block-d8ed4e4a alignfull uagb-is-root-container\"><div class=\"uagb-container-inner-blocks-wrap\">\n<figure class=\"wp-block-embed is-type-video is-provider-youtube wp-block-embed-youtube wp-embed-aspect-16-9 wp-has-aspect-ratio\"><div class=\"wp-block-embed__wrapper\">\n<iframe loading=\"lazy\" title=\"Escuela de M\u00fasica de Candelar\u00eda, Valle del Cauca - Colombia\" width=\"500\" height=\"281\" src=\"https:\/\/www.youtube.com\/embed\/t_a9OicEnIA?feature=oembed\" frameborder=\"0\" allow=\"accelerometer; autoplay; clipboard-write; encrypted-media; gyroscope; picture-in-picture; web-share\" referrerpolicy=\"strict-origin-when-cross-origin\" allowfullscreen><\/iframe>\n<\/div><\/figure>\n<\/div><\/div>\n\n\n\n<div class=\"wp-block-uagb-container uagb-block-d315b49f alignfull uagb-is-root-container\"><div class=\"uagb-container-inner-blocks-wrap\">\n<div class=\"wp-block-uagb-advanced-heading uagb-block-67c06a4f\"><h2 class=\"uagb-heading-text\">Qui\u00e9nes somos<\/h2><\/div>\n\n\n\n<div class=\"wp-block-uagb-info-box uagb-block-1b9ee481 uagb-infobox__content-wrap  uagb-infobox-icon-above-title uagb-infobox-image-valign-top\"><div class=\"uagb-ifb-content\"><div class=\"uagb-ifb-title-wrap\"><\/div><div class=\"uagb-ifb-separator\"><\/div><\/div><\/div>\n\n\n\n<div class=\"wp-block-uagb-container uagb-block-ec9fa64b\">\n<div class=\"wp-block-uagb-advanced-heading uagb-block-876cfa84\"><p class=\"uagb-heading-text\">Fue creada mediante Acuerdo del Concejo municipal No. 09 del 23 de junio de 1988. Ubicada en la cabecera de este municipio, en la Calle 10 No. 8-03, siendo el centro cultural m\u00e1s importante del mismo.  <br><br>Desde ese a\u00f1o se han venido realizando programas de formaci\u00f3n art\u00edstica, cursos de manualidades, confecci\u00f3n, cer\u00e1mica, pintura, dibujo, danza, teatro y m\u00fasica. Tambi\u00e9n se han realizado exposiciones pict\u00f3ricas, encuentros culturales, festivales, desfiles, clausuras, conferencias, entre otros.<\/p><\/div>\n\n\n\n<div class=\"wp-block-uagb-advanced-heading uagb-block-6f458ff4\"><p class=\"uagb-heading-text\">Tambi\u00e9n se abri\u00f3 otra oferta cultural en el corregimiento de Villagorgona en diciembre del 2010, cuando se inaugur\u00f3 la Casa de la Cultura &#8220;Blanquita Poso&#8221; ubicada en la calle 12 con Cra 16 esquina, Barrio Juan Pablo &#8211; Villagorgona, con el programa de talleres de formaci\u00f3n cultural, una biblioteca p\u00fablica, con amplia zona verde, salones para clases y sala de inform\u00e1tica.<\/p><\/div>\n<\/div>\n\n\n\n<div class=\"wp-block-uagb-buttons uagb-buttons__outer-wrap uagb-btn__default-btn uagb-btn-tablet__default-btn uagb-btn-mobile__default-btn uagb-block-35118051\"><div class=\"uagb-buttons__wrap uagb-buttons-layout-wrap \">\n<div class=\"wp-block-uagb-buttons-child uagb-buttons__outer-wrap uagb-block-d3d39c07 wp-block-button\"><div class=\"uagb-button__wrapper\"><a class=\"uagb-buttons-repeater wp-block-button__link\" aria-label=\"\" href=\"quienes-somos\" rel=\"follow noopener\" target=\"_self\" role=\"button\"><div class=\"uagb-button__link\">M\u00e1s informaci\u00f3n<\/div><span class=\"uagb-button__icon uagb-button__icon-position-after\"><svg xmlns=\"https:\/\/www.w3.org\/2000\/svg\" viewBox=\"0 0 512 512\" aria-hidden=\"true\" focussable=\"false\"><path d=\"M502.6 278.6l-128 128c-12.51 12.51-32.76 12.49-45.25 0c-12.5-12.5-12.5-32.75 0-45.25L402.8 288H32C14.31 288 0 273.7 0 255.1S14.31 224 32 224h370.8l-73.38-73.38c-12.5-12.5-12.5-32.75 0-45.25s32.75-12.5 45.25 0l128 128C515.1 245.9 515.1 266.1 502.6 278.6z\"><\/path><\/svg><\/span><\/a><\/div><\/div>\n<\/div><\/div>\n\n\n\n<div class=\"wp-block-uagb-separator uagb-block-831f33a4\"><div class=\"wp-block-uagb-separator__inner\" style=\"--my-background-image:\"><\/div><\/div>\n<\/div><\/div>\n\n\n\n<div id=\"programas\" class=\"wp-block-uagb-container uagb-block-49ad763d alignfull uagb-is-root-container\"><div class=\"uagb-container-inner-blocks-wrap\">\n<div class=\"wp-block-uagb-container uagb-block-d04578e1\">\n<div class=\"wp-block-uagb-container uagb-block-be469e0b\">\n<div class=\"wp-block-uagb-advanced-heading uagb-block-02bb9a25\"><h2 class=\"uagb-heading-text\">Programas \/ Cursos<\/h2><\/div>\n<\/div>\n\n\n\n<div class=\"wp-block-uagb-container uagb-block-93ef2329\">\n<div class=\"wp-block-uagb-advanced-heading uagb-block-7e09d097\"><\/div>\n<\/div>\n<\/div>\n\n\n\n<div class=\"wp-block-uagb-container uagb-layout-grid uagb-block-23b5701b\">\n<div class=\"wp-block-uagb-info-box uagb-block-d5b709e9 uagb-infobox__content-wrap  uagb-infobox-icon-above-title uagb-infobox-image-valign-top\"><div class=\"uagb-ifb-content\"><div class=\"uagb-ifb-image-content\"><img decoding=\"async\" src=\"https:\/\/retco.com.co\/candelaria\/wp-content\/uploads\/sites\/13\/2025\/11\/alcaldiacandelariavalle-20251023-0021.jpg\" alt=\"alcaldiacandelariavalle 20251023 0021\" width=\"1440\" height=\"1085\" loading=\"lazy\" title=\"Inicio\"><\/div><div class=\"uagb-ifb-title-wrap\"><h4 class=\"uagb-ifb-title\">Banda de Vientos Municipal<\/h4><\/div><\/div><\/div>\n\n\n\n<div class=\"wp-block-uagb-info-box uagb-block-238e9e24 uagb-infobox__content-wrap  uagb-infobox-icon-above-title uagb-infobox-image-valign-top\"><div class=\"uagb-ifb-content\"><div class=\"uagb-ifb-image-content\"><img decoding=\"async\" src=\"https:\/\/retco.com.co\/candelaria\/wp-content\/uploads\/sites\/13\/2025\/11\/makaku_brandcoworking-20251023-0002.jpg\" alt=\"makaku brandcoworking 20251023 0002\" width=\"1440\" height=\"960\" loading=\"lazy\" title=\"Inicio\"><\/div><div class=\"uagb-ifb-title-wrap\"><h4 class=\"uagb-ifb-title\">Banda Juvenil<\/h4><\/div><\/div><\/div>\n\n\n\n<div class=\"wp-block-uagb-info-box uagb-block-6609af5e uagb-infobox__content-wrap  uagb-infobox-icon-above-title uagb-infobox-image-valign-top\"><div class=\"uagb-ifb-content\"><div class=\"uagb-ifb-image-content\"><img decoding=\"async\" src=\"https:\/\/retco.com.co\/candelaria\/wp-content\/uploads\/sites\/13\/2025\/11\/alcaldiacandelariavalle-20251023-0036.jpg\" alt=\"alcaldiacandelariavalle 20251023 0036\" width=\"1440\" height=\"1080\" loading=\"lazy\" title=\"Inicio\"><\/div><div class=\"uagb-ifb-title-wrap\"><h4 class=\"uagb-ifb-title\">Banda Infantil<\/h4><\/div><\/div><\/div>\n<\/div>\n<\/div><\/div>\n\n\n\n<div id=\"galeria\" class=\"wp-block-uagb-container uagb-block-h3kgpnor alignfull uagb-is-root-container\"><div class=\"uagb-container-inner-blocks-wrap\">\n<div class=\"wp-block-uagb-container uagb-block-u3auoqto\">\n<div class=\"wp-block-uagb-info-box uagb-block-nzgbjwdw uagb-infobox__content-wrap  uagb-infobox-icon-above-title uagb-infobox-image-valign-top\"><div class=\"uagb-ifb-content\"><div class=\"uagb-ifb-title-wrap\"><h2 class=\"uagb-ifb-title\">Galer\u00eda<\/h2><\/div><\/div><\/div>\n\n\n\n<div class=\"wp-block-uagb-info-box uagb-block-owcxq764 uagb-infobox__content-wrap  uagb-infobox-icon-above-title uagb-infobox-image-valign-top\"><div class=\"uagb-ifb-content\"><div class=\"uagb-ifb-title-wrap\"><\/div><\/div><\/div>\n<\/div>\n\n\n\n<div class=\"wp-block-uagb-container uagb-block-vwja7f3j\">\n<div class=\"wp-block-uagb-container uagb-block-t2vqq4mm\">\n<div class=\"wp-block-uagb-image alignleft uagb-block-j3sga00q wp-block-uagb-image--layout-default wp-block-uagb-image--effect-static wp-block-uagb-image--align-left\"><figure class=\"wp-block-uagb-image__figure\"><img decoding=\"async\" srcset=\"https:\/\/retco.com.co\/candelaria\/wp-content\/uploads\/sites\/13\/2025\/11\/makaku_brandcoworking-20251023-0002-1024x683.jpg ,https:\/\/retco.com.co\/candelaria\/wp-content\/uploads\/sites\/13\/2025\/11\/makaku_brandcoworking-20251023-0002.jpg 780w, https:\/\/retco.com.co\/candelaria\/wp-content\/uploads\/sites\/13\/2025\/11\/makaku_brandcoworking-20251023-0002.jpg 360w\" sizes=\"auto, (max-width: 480px) 150px\" src=\"https:\/\/retco.com.co\/candelaria\/wp-content\/uploads\/sites\/13\/2025\/11\/makaku_brandcoworking-20251023-0002-1024x683.jpg\" alt=\"makaku brandcoworking 20251023 0002\" class=\"uag-image-938\" width=\"384\" height=\"384\" title=\"makaku brandcoworking 20251023 0002\" loading=\"lazy\" role=\"img\"\/><\/figure><\/div>\n\n\n\n<div class=\"wp-block-uagb-image alignleft uagb-block-g8qlenks wp-block-uagb-image--layout-default wp-block-uagb-image--effect-static wp-block-uagb-image--align-left\"><figure class=\"wp-block-uagb-image__figure\"><img decoding=\"async\" srcset=\"https:\/\/retco.com.co\/candelaria\/wp-content\/uploads\/sites\/13\/2025\/11\/alcaldiacandelariavalle-20251023-0021-1024x772.jpg ,https:\/\/retco.com.co\/candelaria\/wp-content\/uploads\/sites\/13\/2025\/11\/alcaldiacandelariavalle-20251023-0021.jpg 780w, https:\/\/retco.com.co\/candelaria\/wp-content\/uploads\/sites\/13\/2025\/11\/alcaldiacandelariavalle-20251023-0021.jpg 360w\" sizes=\"auto, (max-width: 480px) 150px\" src=\"https:\/\/retco.com.co\/candelaria\/wp-content\/uploads\/sites\/13\/2025\/11\/alcaldiacandelariavalle-20251023-0021-1024x772.jpg\" alt=\"alcaldiacandelariavalle 20251023 0021\" class=\"uag-image-930\" width=\"384\" height=\"512\" title=\"alcaldiacandelariavalle 20251023 0021\" loading=\"lazy\" role=\"img\"\/><\/figure><\/div>\n<\/div>\n\n\n\n<div class=\"wp-block-uagb-container uagb-block-72yu5afq\">\n<div class=\"wp-block-uagb-image alignleft uagb-block-w52fu1ij wp-block-uagb-image--layout-default wp-block-uagb-image--effect-static wp-block-uagb-image--align-left\"><figure class=\"wp-block-uagb-image__figure\"><img decoding=\"async\" srcset=\"https:\/\/retco.com.co\/candelaria\/wp-content\/uploads\/sites\/13\/2025\/11\/alcaldiacandelariavalle-20251023-0021-1024x772.jpg ,https:\/\/retco.com.co\/candelaria\/wp-content\/uploads\/sites\/13\/2025\/11\/alcaldiacandelariavalle-20251023-0021.jpg 780w, https:\/\/retco.com.co\/candelaria\/wp-content\/uploads\/sites\/13\/2025\/11\/alcaldiacandelariavalle-20251023-0021.jpg 360w\" sizes=\"auto, (max-width: 480px) 150px\" src=\"https:\/\/retco.com.co\/candelaria\/wp-content\/uploads\/sites\/13\/2025\/11\/alcaldiacandelariavalle-20251023-0021-1024x772.jpg\" alt=\"alcaldiacandelariavalle 20251023 0021\" class=\"uag-image-930\" width=\"384\" height=\"308\" title=\"alcaldiacandelariavalle 20251023 0021\" loading=\"lazy\" role=\"img\"\/><\/figure><\/div>\n\n\n\n<div class=\"wp-block-uagb-image alignleft uagb-block-5mzvme4e wp-block-uagb-image--layout-default wp-block-uagb-image--effect-static wp-block-uagb-image--align-left\"><figure class=\"wp-block-uagb-image__figure\"><img decoding=\"async\" srcset=\"https:\/\/retco.com.co\/candelaria\/wp-content\/uploads\/sites\/13\/2025\/11\/alcaldiacandelariavalle-20251023-0036-1024x768.jpg ,https:\/\/retco.com.co\/candelaria\/wp-content\/uploads\/sites\/13\/2025\/11\/alcaldiacandelariavalle-20251023-0036.jpg 780w, https:\/\/retco.com.co\/candelaria\/wp-content\/uploads\/sites\/13\/2025\/11\/alcaldiacandelariavalle-20251023-0036.jpg 360w\" sizes=\"auto, (max-width: 480px) 150px\" src=\"https:\/\/retco.com.co\/candelaria\/wp-content\/uploads\/sites\/13\/2025\/11\/alcaldiacandelariavalle-20251023-0036-1024x768.jpg\" alt=\"alcaldiacandelariavalle 20251023 0036\" class=\"uag-image-933\" width=\"384\" height=\"384\" title=\"alcaldiacandelariavalle 20251023 0036\" loading=\"lazy\" role=\"img\"\/><\/figure><\/div>\n\n\n\n<div class=\"wp-block-uagb-image alignleft uagb-block-gtjgkelm wp-block-uagb-image--layout-default wp-block-uagb-image--effect-static wp-block-uagb-image--align-left\"><figure class=\"wp-block-uagb-image__figure\"><img decoding=\"async\" srcset=\"https:\/\/retco.com.co\/candelaria\/wp-content\/uploads\/sites\/13\/2025\/11\/alcaldiacandelariavalle-20251023-0053-1024x1024.jpg ,https:\/\/retco.com.co\/candelaria\/wp-content\/uploads\/sites\/13\/2025\/11\/alcaldiacandelariavalle-20251023-0053.jpg 780w, https:\/\/retco.com.co\/candelaria\/wp-content\/uploads\/sites\/13\/2025\/11\/alcaldiacandelariavalle-20251023-0053.jpg 360w\" sizes=\"auto, (max-width: 480px) 150px\" src=\"https:\/\/retco.com.co\/candelaria\/wp-content\/uploads\/sites\/13\/2025\/11\/alcaldiacandelariavalle-20251023-0053-1024x1024.jpg\" alt=\"alcaldiacandelariavalle 20251023 0053\" class=\"uag-image-935\" width=\"384\" height=\"288\" title=\"alcaldiacandelariavalle 20251023 0053\" loading=\"lazy\" role=\"img\"\/><\/figure><\/div>\n<\/div>\n\n\n\n<div class=\"wp-block-uagb-container uagb-block-jnhcmwcy\">\n<div class=\"wp-block-uagb-image alignleft uagb-block-emnild1j wp-block-uagb-image--layout-default wp-block-uagb-image--effect-static wp-block-uagb-image--align-left\"><figure class=\"wp-block-uagb-image__figure\"><img decoding=\"async\" srcset=\"https:\/\/retco.com.co\/candelaria\/wp-content\/uploads\/sites\/13\/2025\/11\/alcaldiacandelariavalle-20251023-0025-1024x772.jpg ,https:\/\/retco.com.co\/candelaria\/wp-content\/uploads\/sites\/13\/2025\/11\/alcaldiacandelariavalle-20251023-0025.jpg 780w, https:\/\/retco.com.co\/candelaria\/wp-content\/uploads\/sites\/13\/2025\/11\/alcaldiacandelariavalle-20251023-0025.jpg 360w\" sizes=\"auto, (max-width: 480px) 150px\" src=\"https:\/\/retco.com.co\/candelaria\/wp-content\/uploads\/sites\/13\/2025\/11\/alcaldiacandelariavalle-20251023-0025-1024x772.jpg\" alt=\"alcaldiacandelariavalle 20251023 0025\" class=\"uag-image-932\" width=\"384\" height=\"481\" title=\"alcaldiacandelariavalle 20251023 0025\" loading=\"lazy\" role=\"img\"\/><\/figure><\/div>\n\n\n\n<div class=\"wp-block-uagb-image uagb-block-ap0c5wrn wp-block-uagb-image--layout-default wp-block-uagb-image--effect-static wp-block-uagb-image--align-none\"><figure class=\"wp-block-uagb-image__figure\"><img decoding=\"async\" srcset=\"https:\/\/retco.com.co\/candelaria\/wp-content\/uploads\/sites\/13\/2025\/11\/semilleromusicalkimbundu-20251023-0010-1024x614.jpg ,https:\/\/retco.com.co\/candelaria\/wp-content\/uploads\/sites\/13\/2025\/11\/semilleromusicalkimbundu-20251023-0010.jpg 780w, https:\/\/retco.com.co\/candelaria\/wp-content\/uploads\/sites\/13\/2025\/11\/semilleromusicalkimbundu-20251023-0010.jpg 360w\" sizes=\"auto, (max-width: 480px) 150px\" src=\"https:\/\/retco.com.co\/candelaria\/wp-content\/uploads\/sites\/13\/2025\/11\/semilleromusicalkimbundu-20251023-0010-1024x614.jpg\" alt=\"semilleromusicalkimbundu 20251023 0010\" class=\"uag-image-941\" width=\"384\" height=\"384\" title=\"semilleromusicalkimbundu 20251023 0010\" loading=\"lazy\" role=\"img\"\/><\/figure><\/div>\n<\/div>\n<\/div>\n<\/div><\/div>\n","protected":false},"excerpt":{"rendered":"<p>Qui\u00e9nes somos Fue creada mediante Acuerdo del Concejo municipal No. 09 del 23 de junio de 1988. Ubicada en la cabecera de este municipio, en la Calle 10 No. 8-03, siendo el centro cultural m\u00e1s importante del mismo. Desde ese a\u00f1o se han venido realizando programas de formaci\u00f3n art\u00edstica, cursos de manualidades, confecci\u00f3n, cer\u00e1mica, pintura, [&hellip;]<\/p>\n","protected":false},"author":1,"featured_media":0,"parent":0,"menu_order":0,"comment_status":"closed","ping_status":"closed","template":"","meta":{"_uag_custom_page_level_css":"","site-sidebar-layout":"no-sidebar","site-content-layout":"plain-container","ast-site-content-layout":"normal-width-container","site-content-style":"unboxed","site-sidebar-style":"unboxed","ast-global-header-display":"","ast-banner-title-visibility":"","ast-main-header-display":"","ast-hfb-above-header-display":"","ast-hfb-below-header-display":"","ast-hfb-mobile-header-display":"","site-post-title":"disabled","ast-breadcrumbs-content":"","ast-featured-img":"disabled","footer-sml-layout":"","theme-transparent-header-meta":"default","adv-header-id-meta":"","stick-header-meta":"","header-above-stick-meta":"","header-main-stick-meta":"","header-below-stick-meta":"","astra-migrate-meta-layouts":"set","ast-page-background-enabled":"default","ast-page-background-meta":{"desktop":{"background-color":"var(--ast-global-color-4)","background-image":"","background-repeat":"repeat","background-position":"center center","background-size":"auto","background-attachment":"scroll","background-type":"","background-media":"","overlay-type":"","overlay-color":"","overlay-opacity":"","overlay-gradient":""},"tablet":{"background-color":"","background-image":"","background-repeat":"repeat","background-position":"center center","background-size":"auto","background-attachment":"scroll","background-type":"","background-media":"","overlay-type":"","overlay-color":"","overlay-opacity":"","overlay-gradient":""},"mobile":{"background-color":"","background-image":"","background-repeat":"repeat","background-position":"center center","background-size":"auto","background-attachment":"scroll","background-type":"","background-media":"","overlay-type":"","overlay-color":"","overlay-opacity":"","overlay-gradient":""}},"ast-content-background-meta":{"desktop":{"background-color":"var(--ast-global-color-5)","background-image":"","background-repeat":"repeat","background-position":"center center","background-size":"auto","background-attachment":"scroll","background-type":"","background-media":"","overlay-type":"","overlay-color":"","overlay-opacity":"","overlay-gradient":""},"tablet":{"background-color":"var(--ast-global-color-5)","background-image":"","background-repeat":"repeat","background-position":"center center","background-size":"auto","background-attachment":"scroll","background-type":"","background-media":"","overlay-type":"","overlay-color":"","overlay-opacity":"","overlay-gradient":""},"mobile":{"background-color":"var(--ast-global-color-5)","background-image":"","background-repeat":"repeat","background-position":"center center","background-size":"auto","background-attachment":"scroll","background-type":"","background-media":"","overlay-type":"","overlay-color":"","overlay-opacity":"","overlay-gradient":""}},"footnotes":""},"class_list":["post-9","page","type-page","status-publish","hentry"],"aioseo_notices":[],"_hostinger_reach_plugin_has_subscription_block":false,"_hostinger_reach_plugin_is_elementor":false,"uagb_featured_image_src":{"full":false,"thumbnail":false,"medium":false,"medium_large":false,"large":false,"1536x1536":false,"2048x2048":false},"uagb_author_info":{"display_name":"retco.org@gmail.com","author_link":"https:\/\/retco.com.co\/candelaria\/author\/retco-orggmail-com\/"},"uagb_comment_info":0,"uagb_excerpt":"Qui\u00e9nes somos Fue creada mediante Acuerdo del Concejo municipal No. 09 del 23 de junio de 1988. Ubicada en la cabecera de este municipio, en la Calle 10 No. 8-03, siendo el centro cultural m\u00e1s importante del mismo. Desde ese a\u00f1o se han venido realizando programas de formaci\u00f3n art\u00edstica, cursos de manualidades, confecci\u00f3n, cer\u00e1mica, pintura,&hellip;","_links":{"self":[{"href":"https:\/\/retco.com.co\/candelaria\/wp-json\/wp\/v2\/pages\/9","targetHints":{"allow":["GET"]}}],"collection":[{"href":"https:\/\/retco.com.co\/candelaria\/wp-json\/wp\/v2\/pages"}],"about":[{"href":"https:\/\/retco.com.co\/candelaria\/wp-json\/wp\/v2\/types\/page"}],"author":[{"embeddable":true,"href":"https:\/\/retco.com.co\/candelaria\/wp-json\/wp\/v2\/users\/1"}],"replies":[{"embeddable":true,"href":"https:\/\/retco.com.co\/candelaria\/wp-json\/wp\/v2\/comments?post=9"}],"version-history":[{"count":22,"href":"https:\/\/retco.com.co\/candelaria\/wp-json\/wp\/v2\/pages\/9\/revisions"}],"predecessor-version":[{"id":1003,"href":"https:\/\/retco.com.co\/candelaria\/wp-json\/wp\/v2\/pages\/9\/revisions\/1003"}],"wp:attachment":[{"href":"https:\/\/retco.com.co\/candelaria\/wp-json\/wp\/v2\/media?parent=9"}],"curies":[{"name":"wp","href":"https:\/\/api.w.org\/{rel}","templated":true}]}}