{"id":836,"date":"2025-11-09T10:57:16","date_gmt":"2025-11-09T15:57:16","guid":{"rendered":"https:\/\/retco.com.co\/candelaria\/?page_id=836"},"modified":"2025-11-13T12:34:54","modified_gmt":"2025-11-13T17:34:54","slug":"quienes-somos","status":"publish","type":"page","link":"https:\/\/retco.com.co\/candelaria\/quienes-somos\/","title":{"rendered":"Qui\u00e9nes Somos"},"content":{"rendered":"\n<div class=\"wp-block-uagb-container uagb-block-bhq9woyp alignfull uagb-is-root-container\"><div class=\"uagb-container-inner-blocks-wrap\">\n<div class=\"wp-block-uagb-container uagb-block-tg1mbh3h\">\n<div class=\"wp-block-uagb-info-box uagb-block-48ki5x2s uagb-infobox__content-wrap  uagb-infobox-icon-above-title uagb-infobox-image-valign-top\"><div class=\"uagb-ifb-content\"><div class=\"uagb-ifb-title-wrap\"><h2 class=\"uagb-ifb-title\">Rese\u00f1a<\/h2><\/div><p class=\"uagb-ifb-desc\">Fue creada mediante Acuerdo del Concejo municipal No. 09 del 23 de junio de 1988. Ubicada en la cabecera de este municipio, en la Calle 10 No. 8-03, siendo el centro cultural m\u00e1s importante del mismo.<br><br>Desde ese a\u00f1o se han venido realizando programas de formaci\u00f3n art\u00edstica, cursos de manualidades, confecci\u00f3n, cer\u00e1mica, pintura, dibujo, danza, teatro y m\u00fasica. Tambi\u00e9n se han realizado exposiciones pict\u00f3ricas, encuentros culturales, festivales, desfiles, clausuras, conferencias, entre otros.<br><br>Tambi\u00e9n se abri\u00f3 otra oferta cultural en el corregimiento de Villagorgona en diciembre del 2010, cuando se inaugur\u00f3 la Casa de la Cultura &#8220;Blanquita Poso&#8221; ubicada en la calle 12 con Cra 16 esquina, Barrio Juan Pablo &#8211; Villagorgona, con el programa de talleres de formaci\u00f3n cultural, una biblioteca p\u00fablica, con amplia zona verde, salones para clases y sala de inform\u00e1tica.<\/p><\/div><\/div>\n\n\n\n<div class=\"wp-block-uagb-buttons uagb-buttons__outer-wrap uagb-btn__default-btn uagb-btn-tablet__default-btn uagb-btn-mobile__default-btn uagb-block-8ujyal3r\"><div class=\"uagb-buttons__wrap uagb-buttons-layout-wrap \">\n<div class=\"wp-block-uagb-buttons-child uagb-buttons__outer-wrap uagb-block-rabnhy4j wp-block-button\"><div class=\"uagb-button__wrapper\"><a class=\"uagb-buttons-repeater ast-outline-button\" aria-label=\"\" style=\"border-width:revert-layer\" href=\"#\" rel=\"follow noopener\" target=\"_self\" role=\"button\"><div class=\"uagb-button__link\">Get Started<\/div><\/a><\/div><\/div>\n<\/div><\/div>\n<\/div>\n\n\n\n<div class=\"wp-block-uagb-container uagb-block-zsqswnbq\">\n<div class=\"wp-block-uagb-image alignleft uagb-block-wz4k1soo wp-block-uagb-image--layout-default wp-block-uagb-image--effect-static wp-block-uagb-image--align-left\"><figure class=\"wp-block-uagb-image__figure\"><img decoding=\"async\" srcset=\"https:\/\/retco.com.co\/candelaria\/wp-content\/uploads\/sites\/13\/2025\/11\/alcaldiacandelariavalle-20251023-0024-1024x770.jpg ,https:\/\/retco.com.co\/candelaria\/wp-content\/uploads\/sites\/13\/2025\/11\/alcaldiacandelariavalle-20251023-0024.jpg 780w, https:\/\/retco.com.co\/candelaria\/wp-content\/uploads\/sites\/13\/2025\/11\/alcaldiacandelariavalle-20251023-0024.jpg 360w\" sizes=\"auto, (max-width: 480px) 150px\" src=\"https:\/\/retco.com.co\/candelaria\/wp-content\/uploads\/sites\/13\/2025\/11\/alcaldiacandelariavalle-20251023-0024-1024x770.jpg\" alt=\"alcaldiacandelariavalle 20251023 0024\" class=\"uag-image-931\" width=\"270\" height=\"360\" title=\"alcaldiacandelariavalle 20251023 0024\" loading=\"lazy\" role=\"img\"\/><\/figure><\/div>\n\n\n\n<div class=\"wp-block-uagb-image alignleft uagb-block-4gctfp1m wp-block-uagb-image--layout-default wp-block-uagb-image--effect-static wp-block-uagb-image--align-left\"><figure class=\"wp-block-uagb-image__figure\"><img decoding=\"async\" srcset=\"https:\/\/retco.com.co\/candelaria\/wp-content\/uploads\/sites\/13\/2025\/11\/alcaldiacandelariavalle-20251023-0049-1024x768.jpg ,https:\/\/retco.com.co\/candelaria\/wp-content\/uploads\/sites\/13\/2025\/11\/alcaldiacandelariavalle-20251023-0049.jpg 780w, https:\/\/retco.com.co\/candelaria\/wp-content\/uploads\/sites\/13\/2025\/11\/alcaldiacandelariavalle-20251023-0049.jpg 360w\" sizes=\"auto, (max-width: 480px) 150px\" src=\"https:\/\/retco.com.co\/candelaria\/wp-content\/uploads\/sites\/13\/2025\/11\/alcaldiacandelariavalle-20251023-0049-1024x768.jpg\" alt=\"alcaldiacandelariavalle 20251023 0049\" class=\"uag-image-934\" width=\"270\" height=\"360\" title=\"alcaldiacandelariavalle 20251023 0049\" loading=\"lazy\" role=\"img\"\/><\/figure><\/div>\n<\/div>\n<\/div><\/div>\n\n\n\n<div class=\"wp-block-uagb-container uagb-block-84b3b4de alignfull uagb-is-root-container\"><div class=\"uagb-container-inner-blocks-wrap\">\n<div class=\"wp-block-uagb-container uagb-block-722fb98c\">\n<div class=\"wp-block-uagb-image uagb-block-be8a7a32 wp-block-uagb-image--layout-default wp-block-uagb-image--effect-static wp-block-uagb-image--align-none\"><figure class=\"wp-block-uagb-image__figure\"><img decoding=\"async\" srcset=\"https:\/\/retco.com.co\/candelaria\/wp-content\/uploads\/sites\/13\/2025\/11\/makaku_brandcoworking-20251023-0002-1024x683.jpg ,https:\/\/retco.com.co\/candelaria\/wp-content\/uploads\/sites\/13\/2025\/11\/makaku_brandcoworking-20251023-0002.jpg 780w, https:\/\/retco.com.co\/candelaria\/wp-content\/uploads\/sites\/13\/2025\/11\/makaku_brandcoworking-20251023-0002.jpg 360w\" sizes=\"auto, (max-width: 480px) 150px\" src=\"https:\/\/retco.com.co\/candelaria\/wp-content\/uploads\/sites\/13\/2025\/11\/makaku_brandcoworking-20251023-0002-1024x683.jpg\" alt=\"makaku brandcoworking 20251023 0002\" class=\"uag-image-938\" width=\"1024\" height=\"683\" title=\"makaku brandcoworking 20251023 0002\" loading=\"lazy\" role=\"img\"\/><\/figure><\/div>\n<\/div>\n\n\n\n<div class=\"wp-block-uagb-container uagb-block-dea1a4b5\">\n<div class=\"wp-block-uagb-info-box uagb-block-uqcophjq uagb-infobox__content-wrap  uagb-infobox-icon-above-title uagb-infobox-image-valign-top\"><div class=\"uagb-ifb-content\"><div class=\"uagb-ifb-title-wrap\"><\/div><p class=\"uagb-ifb-desc\">Adem\u00e1s de esta oferta cultural tenemos tambi\u00e9n el servicio en la Biblioteca P\u00fablica Municipal, ubicada en la cabecera en la Cra 10 con calle 7\u00aa esquina &#8211; Barrio La Cruz, que fue creada mediante Acuerdo Municipal No. 007 de agosto 30 de 2005 y realiza diferentes actividades en el a\u00f1o como: visitas guiadas, talleres l\u00fadicos, promoci\u00f3n de lectura, cine infantil, atenci\u00f3n al usuario, consulta bibliogr\u00e1fica, la hora del cuento, sala de sistemas y realiza otros programas como: vacaciones creativas, promoci\u00f3n de lectura en las instituciones educativas y jardines infantiles, participaciones en la feria del libro y proyectos como &#8220;Postre de Cuentos&#8221; en Candelaria, entre otros.<br><br>A partir del a\u00f1o 2009, mediante Acuerdo No. 001 de febrero 25, se crea la ESCUELA DE FORMACI\u00d3N ART\u00cdSTICA del municipio, dando as\u00ed inicio a programas m\u00e1s consolidados en artes musicales, artes esc\u00e9nicas y artes pl\u00e1sticas con el objetivo de rescatar, promocionar y fomentar el patrimonio cultural de nuestro municipio con actividades culturales aut\u00f3ctonas proyectadas desde y hacia la poblaci\u00f3n infantil, juvenil y del adulto mayor a trav\u00e9s del fortalecimiento de la memoria cultural.<br><br>Se han beneficiado en los corregimientos de Villagorgona, Lauro, Arenal, Buchitolo, La Regina, Cabuyal, Juanchito, Poblado Campestre, El Tiple, San Joaqu\u00edn, El Carmelo y Cabecera Municipal.<\/p><\/div><\/div>\n<\/div>\n<\/div><\/div>\n","protected":false},"excerpt":{"rendered":"","protected":false},"author":1,"featured_media":0,"parent":0,"menu_order":0,"comment_status":"closed","ping_status":"closed","template":"","meta":{"_uag_custom_page_level_css":"","site-sidebar-layout":"default","site-content-layout":"","ast-site-content-layout":"default","site-content-style":"default","site-sidebar-style":"default","ast-global-header-display":"","ast-banner-title-visibility":"","ast-main-header-display":"","ast-hfb-above-header-display":"","ast-hfb-below-header-display":"","ast-hfb-mobile-header-display":"","site-post-title":"disabled","ast-breadcrumbs-content":"","ast-featured-img":"","footer-sml-layout":"","theme-transparent-header-meta":"","adv-header-id-meta":"","stick-header-meta":"","header-above-stick-meta":"","header-main-stick-meta":"","header-below-stick-meta":"","astra-migrate-meta-layouts":"set","ast-page-background-enabled":"default","ast-page-background-meta":{"desktop":{"background-color":"var(--ast-global-color-4)","background-image":"","background-repeat":"repeat","background-position":"center center","background-size":"auto","background-attachment":"scroll","background-type":"","background-media":"","overlay-type":"","overlay-color":"","overlay-opacity":"","overlay-gradient":""},"tablet":{"background-color":"","background-image":"","background-repeat":"repeat","background-position":"center center","background-size":"auto","background-attachment":"scroll","background-type":"","background-media":"","overlay-type":"","overlay-color":"","overlay-opacity":"","overlay-gradient":""},"mobile":{"background-color":"","background-image":"","background-repeat":"repeat","background-position":"center center","background-size":"auto","background-attachment":"scroll","background-type":"","background-media":"","overlay-type":"","overlay-color":"","overlay-opacity":"","overlay-gradient":""}},"ast-content-background-meta":{"desktop":{"background-color":"var(--ast-global-color-5)","background-image":"","background-repeat":"repeat","background-position":"center center","background-size":"auto","background-attachment":"scroll","background-type":"","background-media":"","overlay-type":"","overlay-color":"","overlay-opacity":"","overlay-gradient":""},"tablet":{"background-color":"var(--ast-global-color-5)","background-image":"","background-repeat":"repeat","background-position":"center center","background-size":"auto","background-attachment":"scroll","background-type":"","background-media":"","overlay-type":"","overlay-color":"","overlay-opacity":"","overlay-gradient":""},"mobile":{"background-color":"var(--ast-global-color-5)","background-image":"","background-repeat":"repeat","background-position":"center center","background-size":"auto","background-attachment":"scroll","background-type":"","background-media":"","overlay-type":"","overlay-color":"","overlay-opacity":"","overlay-gradient":""}},"footnotes":""},"class_list":["post-836","page","type-page","status-publish","hentry"],"aioseo_notices":[],"_hostinger_reach_plugin_has_subscription_block":false,"_hostinger_reach_plugin_is_elementor":false,"uagb_featured_image_src":{"full":false,"thumbnail":false,"medium":false,"medium_large":false,"large":false,"1536x1536":false,"2048x2048":false},"uagb_author_info":{"display_name":"retco.org@gmail.com","author_link":"https:\/\/retco.com.co\/candelaria\/author\/retco-orggmail-com\/"},"uagb_comment_info":0,"uagb_excerpt":null,"_links":{"self":[{"href":"https:\/\/retco.com.co\/candelaria\/wp-json\/wp\/v2\/pages\/836","targetHints":{"allow":["GET"]}}],"collection":[{"href":"https:\/\/retco.com.co\/candelaria\/wp-json\/wp\/v2\/pages"}],"about":[{"href":"https:\/\/retco.com.co\/candelaria\/wp-json\/wp\/v2\/types\/page"}],"author":[{"embeddable":true,"href":"https:\/\/retco.com.co\/candelaria\/wp-json\/wp\/v2\/users\/1"}],"replies":[{"embeddable":true,"href":"https:\/\/retco.com.co\/candelaria\/wp-json\/wp\/v2\/comments?post=836"}],"version-history":[{"count":6,"href":"https:\/\/retco.com.co\/candelaria\/wp-json\/wp\/v2\/pages\/836\/revisions"}],"predecessor-version":[{"id":946,"href":"https:\/\/retco.com.co\/candelaria\/wp-json\/wp\/v2\/pages\/836\/revisions\/946"}],"wp:attachment":[{"href":"https:\/\/retco.com.co\/candelaria\/wp-json\/wp\/v2\/media?parent=836"}],"curies":[{"name":"wp","href":"https:\/\/api.w.org\/{rel}","templated":true}]}}